{"id":13225,"date":"2024-06-22T10:57:04","date_gmt":"2024-06-22T10:57:04","guid":{"rendered":"https:\/\/pwinecastes.com\/product\/pacheca-reserva-blanco-2022\/"},"modified":"2025-12-13T14:34:01","modified_gmt":"2025-12-13T14:34:01","slug":"pacheca-reserva-blanco-2022","status":"publish","type":"product","link":"https:\/\/pwinecastes.com\/es\/product\/pacheca-reserva-blanco-2022\/","title":{"rendered":"Pacheca Reserva Blanco 2023"},"content":{"rendered":"<p>Pacheca Reserva Blanco 2023<\/p>\n<ul>\n<li><strong>Regi\u00f3n: <\/strong>Douro<\/li>\n<li><strong>Capacidad:<\/strong> 75 cL<\/li>\n<li><strong>C\u00e9pas: <\/strong>Viosinho, C\u00f3dega do Larinho, Gouveio<\/li>\n<li><strong>Graduaci\u00f3n alcoh\u00f3lica: <\/strong>13%<\/li>\n<li><strong>Nota de cata:<\/strong> Aroma intenso con notas de fruta blanca, fruta tropical y ligeros c\u00edtricos. Boca con estructura y acidez natural que aporta frescura bien equilibrada con las notas de madera postfermentativa. <\/li>\n<li><strong>Armonizaci\u00f3n:<\/strong> Ideal con platos de pescado.<\/li>\n<li><strong>Informaci\u00f3n adicional:<\/strong> Contiene sulfitos.<\/li>\n<\/ul>\n","protected":false},"excerpt":{"rendered":"<p>Pacheca Reserva Blanco 2023 Regi\u00f3n: Douro Capacidad: 75 cL C\u00e9pas: Viosinho, C\u00f3dega do Larinho, Gouveio Graduaci\u00f3n alcoh\u00f3lica: 13% Nota de cata: Aroma intenso con notas de fruta blanca, fruta tropical y ligeros c\u00edtricos. Boca con estructura y acidez natural que aporta frescura bien equilibrada con las notas de madera postfermentativa. Armonizaci\u00f3n: Ideal con platos de [&hellip;]<\/p>\n","protected":false},"featured_media":13380,"template":"","meta":{"_monsterinsights_skip_tracking":false,"_monsterinsights_sitenote_active":false,"_monsterinsights_sitenote_note":"","_monsterinsights_sitenote_category":0},"product_brand":[],"product_cat":[223,261,308,217,209,212,213,221,102],"product_tag":[],"class_list":{"0":"post-13225","1":"product","2":"type-product","3":"status-publish","4":"has-post-thumbnail","6":"product_cat-blanco","7":"product_cat-blanco-es-4","8":"product_cat-douro-es-2","9":"product_cat-douro-es","10":"product_cat-pais-es-2","11":"product_cat-portugal-es-2","12":"product_cat-region-es","13":"product_cat-tipo-es-4","14":"product_cat-vinos","16":"first","17":"instock","18":"taxable","19":"shipping-taxable","20":"purchasable","21":"product-type-simple"},"aioseo_notices":[],"_links":{"self":[{"href":"https:\/\/pwinecastes.com\/es\/wp-json\/wp\/v2\/product\/13225","targetHints":{"allow":["GET"]}}],"collection":[{"href":"https:\/\/pwinecastes.com\/es\/wp-json\/wp\/v2\/product"}],"about":[{"href":"https:\/\/pwinecastes.com\/es\/wp-json\/wp\/v2\/types\/product"}],"version-history":[{"count":0,"href":"https:\/\/pwinecastes.com\/es\/wp-json\/wp\/v2\/product\/13225\/revisions"}],"wp:featuredmedia":[{"embeddable":true,"href":"https:\/\/pwinecastes.com\/es\/wp-json\/wp\/v2\/media\/13380"}],"wp:attachment":[{"href":"https:\/\/pwinecastes.com\/es\/wp-json\/wp\/v2\/media?parent=13225"}],"wp:term":[{"taxonomy":"product_brand","embeddable":true,"href":"https:\/\/pwinecastes.com\/es\/wp-json\/wp\/v2\/product_brand?post=13225"},{"taxonomy":"product_cat","embeddable":true,"href":"https:\/\/pwinecastes.com\/es\/wp-json\/wp\/v2\/product_cat?post=13225"},{"taxonomy":"product_tag","embeddable":true,"href":"https:\/\/pwinecastes.com\/es\/wp-json\/wp\/v2\/product_tag?post=13225"}],"curies":[{"name":"wp","href":"https:\/\/api.w.org\/{rel}","templated":true}]}}