{"id":13233,"date":"2024-06-22T11:14:53","date_gmt":"2024-06-22T11:14:53","guid":{"rendered":"https:\/\/pwinecastes.com\/product\/barao-de-vilar-cosecha-1997\/"},"modified":"2024-06-22T11:14:53","modified_gmt":"2024-06-22T11:14:53","slug":"barao-de-vilar-cosecha-1997","status":"publish","type":"product","link":"https:\/\/pwinecastes.com\/es\/product\/barao-de-vilar-cosecha-1997\/","title":{"rendered":"Bar\u00e3o de Vilar Cosecha 1997"},"content":{"rendered":"<p>Oporto Bar\u00e3o de Vilar Cosecha 1997<\/p>\n<ul>\n<li><strong>Regi\u00f3n: <\/strong>Douro<\/li>\n<li><strong>Capacidad:<\/strong> 75 cL<\/li>\n<li><strong>C\u00e9pas: Touriga <\/strong>Nacional, Touriga Franca, Tinta Roriz, Tinta Barroca, Tinto C\u00e3o<\/li>\n<li><strong>Graduaci\u00f3n alcoh\u00f3lica: <\/strong>20%.<\/li>\n<li><strong>Nota de cata:<\/strong> estructura rica y con cuerpo, con un equilibrio perfecto y elegante caracter\u00edstico de los tawnies m\u00e1s viejos.<\/li>\n<li><strong>Armonizaci\u00f3n:<\/strong> postres dulces. Servir a 12 &#8211; 18\u00ba C. <\/li>\n<li><strong>Informaci\u00f3n adicional:<\/strong> Contiene sulfitos.<\/li>\n<\/ul>\n","protected":false},"excerpt":{"rendered":"<p>Oporto Bar\u00e3o de Vilar Cosecha 1997 Regi\u00f3n: Douro Capacidad: 75 cL C\u00e9pas: Touriga Nacional, Touriga Franca, Tinta Roriz, Tinta Barroca, Tinto C\u00e3o Graduaci\u00f3n alcoh\u00f3lica: 20%. Nota de cata: estructura rica y con cuerpo, con un equilibrio perfecto y elegante caracter\u00edstico de los tawnies m\u00e1s viejos. Armonizaci\u00f3n: postres dulces. Servir a 12 &#8211; 18\u00ba C. Informaci\u00f3n [&hellip;]<\/p>\n","protected":false},"featured_media":13406,"template":"","meta":{"_monsterinsights_skip_tracking":false,"_monsterinsights_sitenote_active":false,"_monsterinsights_sitenote_note":"","_monsterinsights_sitenote_category":0},"product_brand":[],"product_cat":[363,225,209,212,102],"product_tag":[],"class_list":{"0":"post-13233","1":"product","2":"type-product","3":"status-publish","4":"has-post-thumbnail","6":"product_cat-cosecha","7":"product_cat-oporto","8":"product_cat-pais-es-2","9":"product_cat-portugal-es-2","10":"product_cat-vinos","12":"first","13":"instock","14":"taxable","15":"shipping-taxable","16":"purchasable","17":"product-type-simple"},"aioseo_notices":[],"_links":{"self":[{"href":"https:\/\/pwinecastes.com\/es\/wp-json\/wp\/v2\/product\/13233","targetHints":{"allow":["GET"]}}],"collection":[{"href":"https:\/\/pwinecastes.com\/es\/wp-json\/wp\/v2\/product"}],"about":[{"href":"https:\/\/pwinecastes.com\/es\/wp-json\/wp\/v2\/types\/product"}],"version-history":[{"count":0,"href":"https:\/\/pwinecastes.com\/es\/wp-json\/wp\/v2\/product\/13233\/revisions"}],"wp:featuredmedia":[{"embeddable":true,"href":"https:\/\/pwinecastes.com\/es\/wp-json\/wp\/v2\/media\/13406"}],"wp:attachment":[{"href":"https:\/\/pwinecastes.com\/es\/wp-json\/wp\/v2\/media?parent=13233"}],"wp:term":[{"taxonomy":"product_brand","embeddable":true,"href":"https:\/\/pwinecastes.com\/es\/wp-json\/wp\/v2\/product_brand?post=13233"},{"taxonomy":"product_cat","embeddable":true,"href":"https:\/\/pwinecastes.com\/es\/wp-json\/wp\/v2\/product_cat?post=13233"},{"taxonomy":"product_tag","embeddable":true,"href":"https:\/\/pwinecastes.com\/es\/wp-json\/wp\/v2\/product_tag?post=13233"}],"curies":[{"name":"wp","href":"https:\/\/api.w.org\/{rel}","templated":true}]}}