{"id":13457,"date":"2024-06-28T15:45:39","date_gmt":"2024-06-28T15:45:39","guid":{"rendered":"https:\/\/pwinecastes.com\/product\/pedro-ines-tinto-2019\/"},"modified":"2024-06-28T15:45:39","modified_gmt":"2024-06-28T15:45:39","slug":"pedro-ines-tinto-2019","status":"publish","type":"product","link":"https:\/\/pwinecastes.com\/es\/product\/pedro-ines-tinto-2019\/","title":{"rendered":"Pedro &amp; In\u00eas Tinto 2019"},"content":{"rendered":"<p>Pedro &amp; In\u00eas Vino Tinto 2019<\/p>\n<ul>\n<li><strong>Regi\u00f3n: <\/strong>D\u00e3o<\/li>\n<li><strong>Capacidad:<\/strong> 75 cL<\/li>\n<li><strong>Variedades de uva: <\/strong>Touriga Nacional, Alfrocheiro<\/li>\n<li><strong>Graduaci\u00f3n alcoh\u00f3lica: <\/strong>14% Vol.<\/li>\n<li><strong>Nota de cata:<\/strong>Notas de fruta negra, cacao y matices especiados de pimienta rosa, clavo. Unos taninos elegantes en armon\u00eda con una acidez equilibrada le confieren frescura y longevidad. Tonos violeta rub\u00ed.<\/li>\n<li><strong>Armonizaci\u00f3n: <\/strong>Foie gras, ternera asada, cabrito asado.<\/li>\n<li><strong>Otros datos:<\/strong> Contiene sulfitos.<\/li>\n<\/ul>\n","protected":false},"excerpt":{"rendered":"<p>Pedro &amp; In\u00eas Vino Tinto 2019 Regi\u00f3n: D\u00e3o Capacidad: 75 cL Variedades de uva: Touriga Nacional, Alfrocheiro Graduaci\u00f3n alcoh\u00f3lica: 14% Vol. Nota de cata:Notas de fruta negra, cacao y matices especiados de pimienta rosa, clavo. Unos taninos elegantes en armon\u00eda con una acidez equilibrada le confieren frescura y longevidad. Tonos violeta rub\u00ed. Armonizaci\u00f3n: Foie gras, [&hellip;]<\/p>\n","protected":false},"featured_media":13618,"template":"","meta":{"_monsterinsights_skip_tracking":false,"_monsterinsights_sitenote_active":false,"_monsterinsights_sitenote_note":"","_monsterinsights_sitenote_category":0},"product_brand":[],"product_cat":[216,209,212,213,249,102],"product_tag":[],"class_list":{"0":"post-13457","1":"product","2":"type-product","3":"status-publish","4":"has-post-thumbnail","6":"product_cat-dao-es","7":"product_cat-pais-es-2","8":"product_cat-portugal-es-2","9":"product_cat-region-es","10":"product_cat-tinto-es-4","11":"product_cat-vinos","13":"first","14":"instock","15":"taxable","16":"shipping-taxable","17":"purchasable","18":"product-type-simple"},"aioseo_notices":[],"_links":{"self":[{"href":"https:\/\/pwinecastes.com\/es\/wp-json\/wp\/v2\/product\/13457","targetHints":{"allow":["GET"]}}],"collection":[{"href":"https:\/\/pwinecastes.com\/es\/wp-json\/wp\/v2\/product"}],"about":[{"href":"https:\/\/pwinecastes.com\/es\/wp-json\/wp\/v2\/types\/product"}],"version-history":[{"count":0,"href":"https:\/\/pwinecastes.com\/es\/wp-json\/wp\/v2\/product\/13457\/revisions"}],"wp:featuredmedia":[{"embeddable":true,"href":"https:\/\/pwinecastes.com\/es\/wp-json\/wp\/v2\/media\/13618"}],"wp:attachment":[{"href":"https:\/\/pwinecastes.com\/es\/wp-json\/wp\/v2\/media?parent=13457"}],"wp:term":[{"taxonomy":"product_brand","embeddable":true,"href":"https:\/\/pwinecastes.com\/es\/wp-json\/wp\/v2\/product_brand?post=13457"},{"taxonomy":"product_cat","embeddable":true,"href":"https:\/\/pwinecastes.com\/es\/wp-json\/wp\/v2\/product_cat?post=13457"},{"taxonomy":"product_tag","embeddable":true,"href":"https:\/\/pwinecastes.com\/es\/wp-json\/wp\/v2\/product_tag?post=13457"}],"curies":[{"name":"wp","href":"https:\/\/api.w.org\/{rel}","templated":true}]}}