{"id":13606,"date":"2024-07-16T08:52:57","date_gmt":"2024-07-16T08:52:57","guid":{"rendered":"https:\/\/pwinecastes.com\/product\/niepoort-vintage-2022\/"},"modified":"2024-07-16T08:58:10","modified_gmt":"2024-07-16T08:58:10","slug":"niepoort-vintage-2022","status":"publish","type":"product","link":"https:\/\/pwinecastes.com\/es\/product\/niepoort-vintage-2022\/","title":{"rendered":"Niepoort Vintage 2022"},"content":{"rendered":"<p>Oporto Vintage Niepoort 2022<\/p>\n<ul>\n<li><strong>Regi\u00f3n: <\/strong>Douro.<\/li>\n<li><strong>Capacidad:<\/strong> 75 cL<\/li>\n<li><strong>Variedades de uva: <\/strong>Touriga Franca, Tinto C\u00e3o, Tinta Francisca, Tinta Amarela, Sous\u00e3o, Tinta Roriz y otras.<\/li>\n<li><strong>Graduaci\u00f3n alcoh\u00f3lica: <\/strong>19% vol.<\/li>\n<li><strong>Notas de cata: <\/strong>El aspecto est\u00e1 marcado por un maravilloso borde p\u00farpura oscuro, toques de violeta y un color intenso y hermoso. La nariz es delicada, fina y extremadamente sofisticada. Con notas florales de violeta, grafito, regaliz y moras. El verdadero estilo y potencial de este vino se materializan en la perfecci\u00f3n del maridaje entre aroma y estructura; en el equilibrio entre volumen y elegancia, que da como resultado un final especiado ligeramente m\u00e1s seco de lo que cabr\u00eda esperar.<\/li>\n<li><strong>Armonizaci\u00f3n:<\/strong> Postres a base de chocolate y frutas del bosque. S\u00edrvelo entre 16\u00baC y 18\u00baC.<\/li>\n<li><strong>Otros datos:<\/strong> Contiene sulfitos.<\/li>\n<\/ul>\n","protected":false},"excerpt":{"rendered":"<p>Oporto Vintage Niepoort 2022 Regi\u00f3n: Douro. Capacidad: 75 cL Variedades de uva: Touriga Franca, Tinto C\u00e3o, Tinta Francisca, Tinta Amarela, Sous\u00e3o, Tinta Roriz y otras. Graduaci\u00f3n alcoh\u00f3lica: 19% vol. Notas de cata: El aspecto est\u00e1 marcado por un maravilloso borde p\u00farpura oscuro, toques de violeta y un color intenso y hermoso. La nariz es delicada, [&hellip;]<\/p>\n","protected":false},"featured_media":13612,"template":"","meta":{"_monsterinsights_skip_tracking":false,"_monsterinsights_sitenote_active":false,"_monsterinsights_sitenote_note":"","_monsterinsights_sitenote_category":0},"product_brand":[],"product_cat":[225,209,212,102,360],"product_tag":[],"class_list":{"0":"post-13606","1":"product","2":"type-product","3":"status-publish","4":"has-post-thumbnail","6":"product_cat-oporto","7":"product_cat-pais-es-2","8":"product_cat-portugal-es-2","9":"product_cat-vinos","10":"product_cat-vintage-es","12":"first","13":"instock","14":"taxable","15":"shipping-taxable","16":"purchasable","17":"product-type-simple"},"aioseo_notices":[],"_links":{"self":[{"href":"https:\/\/pwinecastes.com\/es\/wp-json\/wp\/v2\/product\/13606","targetHints":{"allow":["GET"]}}],"collection":[{"href":"https:\/\/pwinecastes.com\/es\/wp-json\/wp\/v2\/product"}],"about":[{"href":"https:\/\/pwinecastes.com\/es\/wp-json\/wp\/v2\/types\/product"}],"version-history":[{"count":0,"href":"https:\/\/pwinecastes.com\/es\/wp-json\/wp\/v2\/product\/13606\/revisions"}],"wp:featuredmedia":[{"embeddable":true,"href":"https:\/\/pwinecastes.com\/es\/wp-json\/wp\/v2\/media\/13612"}],"wp:attachment":[{"href":"https:\/\/pwinecastes.com\/es\/wp-json\/wp\/v2\/media?parent=13606"}],"wp:term":[{"taxonomy":"product_brand","embeddable":true,"href":"https:\/\/pwinecastes.com\/es\/wp-json\/wp\/v2\/product_brand?post=13606"},{"taxonomy":"product_cat","embeddable":true,"href":"https:\/\/pwinecastes.com\/es\/wp-json\/wp\/v2\/product_cat?post=13606"},{"taxonomy":"product_tag","embeddable":true,"href":"https:\/\/pwinecastes.com\/es\/wp-json\/wp\/v2\/product_tag?post=13606"}],"curies":[{"name":"wp","href":"https:\/\/api.w.org\/{rel}","templated":true}]}}