{"id":13696,"date":"2024-07-27T13:21:11","date_gmt":"2024-07-27T13:21:11","guid":{"rendered":"https:\/\/pwinecastes.com\/product\/cocos-pauperio\/"},"modified":"2024-07-27T13:33:15","modified_gmt":"2024-07-27T13:33:15","slug":"cocos-pauperio","status":"publish","type":"product","link":"https:\/\/pwinecastes.com\/es\/product\/cocos-pauperio\/","title":{"rendered":"Cocos Pauperio"},"content":{"rendered":"<p>Coquinhos Paup\u00e9rio<\/p>\n<p><strong>Cantidad neta:<\/strong> 180g<\/p>\n<p><strong>Ingredientes:<\/strong> Harina de trigo, az\u00facar, margarina vegetal (grasa de palma refinada), coco rallado (10%), huevos, sal, suero de LECHE, gasificantes qu\u00edmicos (bicarbonato s\u00f3dico, bicarbonato am\u00f3nico).<\/p>\n<p><strong>Al\u00e9rgenos:<\/strong> gluten, huevos, leche. Puede contener trazas de soja.<\/p>\n<p><strong>Informaci\u00f3n nutricional<\/strong> <strong>por 100 g:<\/strong> Energ\u00eda 472 kcal \/ 1973 kJ ; L\u00edpidos 20,9 g, de los cuales saturados: 13,3 g; Hidratos de carbono: 64,3 g, de los cuales az\u00facares: 31 g; Fibra 4,4 g; Prote\u00ednas 6,6 g; Sal (sodio) 0,82 g (0,33g)<\/p>\n<p><strong>Conservaci\u00f3n:<\/strong> Guardar en lugar fresco y seco.<\/p>\n<p><strong>Origen:<\/strong> Portugal<\/p>\n<p>Los productos alimenticios est\u00e1n sujetos a cambios constantes, de los que el consumidor debe ser siempre consciente, y Garrafeira e Mercearia Gourmet Portugal Wine Castes no se responsabiliza de las posibles discrepancias y\/o cambios relacionados con la informaci\u00f3n sobre los mismos.<\/p>\n<div class=\"adn ads\" data-message-id=\"#msg-f:1800379337020756538\" data-legacy-message-id=\"18fc3b77dc13523a\">\n<div class=\"gs\">\n<div class=\"\">\n<div id=\":1zc\" class=\"ii gt\">\n<div id=\":1zd\" class=\"a3s aiL \">\n<div dir=\"ltr\">A tal fin, te recomendamos que leas atentamente la informaci\u00f3n que figura en las etiquetas de los productos, es decir, la informaci\u00f3n nutricional, la lista de ingredientes, las recomendaciones de uso, preparaci\u00f3n y\/o conservaci\u00f3n, antes de utilizarlos o consumirlos.<\/div>\n<\/div>\n<\/div>\n<\/div>\n<\/div>\n<\/div>\n","protected":false},"excerpt":{"rendered":"<p>Coquinhos Paup\u00e9rio Cantidad neta: 180g Ingredientes: Harina de trigo, az\u00facar, margarina vegetal (grasa de palma refinada), coco rallado (10%), huevos, sal, suero de LECHE, gasificantes qu\u00edmicos (bicarbonato s\u00f3dico, bicarbonato am\u00f3nico). Al\u00e9rgenos: gluten, huevos, leche. Puede contener trazas de soja. Informaci\u00f3n nutricional por 100 g: Energ\u00eda 472 kcal \/ 1973 kJ ; L\u00edpidos 20,9 g, de [&hellip;]<\/p>\n","protected":false},"featured_media":13690,"template":"","meta":{"_monsterinsights_skip_tracking":false,"_monsterinsights_sitenote_active":false,"_monsterinsights_sitenote_note":"","_monsterinsights_sitenote_category":0},"product_brand":[],"product_cat":[418,415],"product_tag":[],"class_list":{"0":"post-13696","1":"product","2":"type-product","3":"status-publish","4":"has-post-thumbnail","6":"product_cat-galletas-es","7":"product_cat-gourmet-es-2","9":"first","10":"outofstock","11":"taxable","12":"shipping-taxable","13":"purchasable","14":"product-type-simple"},"aioseo_notices":[],"_links":{"self":[{"href":"https:\/\/pwinecastes.com\/es\/wp-json\/wp\/v2\/product\/13696","targetHints":{"allow":["GET"]}}],"collection":[{"href":"https:\/\/pwinecastes.com\/es\/wp-json\/wp\/v2\/product"}],"about":[{"href":"https:\/\/pwinecastes.com\/es\/wp-json\/wp\/v2\/types\/product"}],"version-history":[{"count":0,"href":"https:\/\/pwinecastes.com\/es\/wp-json\/wp\/v2\/product\/13696\/revisions"}],"wp:featuredmedia":[{"embeddable":true,"href":"https:\/\/pwinecastes.com\/es\/wp-json\/wp\/v2\/media\/13690"}],"wp:attachment":[{"href":"https:\/\/pwinecastes.com\/es\/wp-json\/wp\/v2\/media?parent=13696"}],"wp:term":[{"taxonomy":"product_brand","embeddable":true,"href":"https:\/\/pwinecastes.com\/es\/wp-json\/wp\/v2\/product_brand?post=13696"},{"taxonomy":"product_cat","embeddable":true,"href":"https:\/\/pwinecastes.com\/es\/wp-json\/wp\/v2\/product_cat?post=13696"},{"taxonomy":"product_tag","embeddable":true,"href":"https:\/\/pwinecastes.com\/es\/wp-json\/wp\/v2\/product_tag?post=13696"}],"curies":[{"name":"wp","href":"https:\/\/api.w.org\/{rel}","templated":true}]}}