{"id":13710,"date":"2024-07-27T13:48:42","date_gmt":"2024-07-27T13:48:42","guid":{"rendered":"https:\/\/pwinecastes.com\/product\/invernal-de-martin-miller\/"},"modified":"2024-07-27T13:48:42","modified_gmt":"2024-07-27T13:48:42","slug":"invernal-de-martin-miller","status":"publish","type":"product","link":"https:\/\/pwinecastes.com\/es\/product\/invernal-de-martin-miller\/","title":{"rendered":"Invernal de Martin Miller"},"content":{"rendered":"<p>Ginebra Invernal de Martin Miller  <\/p>\n<ul>\n<li><strong>Regi\u00f3n: <\/strong>Inglaterra<\/li>\n<li><strong>Capacidad: <\/strong>0,70 litros<\/li>\n<li><strong>Graduaci\u00f3n alcoh\u00f3lica:<\/strong> 40% Vol.<\/li>\n<li><strong>Notas de cata: <\/strong>La ginebra Winterful de Martin Miller se inspira en sabores invernales, principalmente canela y c\u00e1scaras de mandarina que se a\u00f1aden mediante una tercera destilaci\u00f3n<\/li>\n<li><strong>Otros datos:<\/strong> Contiene sulfitos.<\/li>\n<\/ul>\n","protected":false},"excerpt":{"rendered":"<p>Ginebra Invernal de Martin Miller Regi\u00f3n: Inglaterra Capacidad: 0,70 litros Graduaci\u00f3n alcoh\u00f3lica: 40% Vol. Notas de cata: La ginebra Winterful de Martin Miller se inspira en sabores invernales, principalmente canela y c\u00e1scaras de mandarina que se a\u00f1aden mediante una tercera destilaci\u00f3n Otros datos: Contiene sulfitos.<\/p>\n","protected":false},"featured_media":13713,"template":"","meta":{"_monsterinsights_skip_tracking":false,"_monsterinsights_sitenote_active":false,"_monsterinsights_sitenote_note":"","_monsterinsights_sitenote_category":0},"product_brand":[],"product_cat":[187,190,188],"product_tag":[],"class_list":{"0":"post-13710","1":"product","2":"type-product","3":"status-publish","4":"has-post-thumbnail","6":"product_cat-destilados","7":"product_cat-gin-es","8":"product_cat-tipo-es","10":"first","11":"instock","12":"taxable","13":"shipping-taxable","14":"purchasable","15":"product-type-simple"},"aioseo_notices":[],"_links":{"self":[{"href":"https:\/\/pwinecastes.com\/es\/wp-json\/wp\/v2\/product\/13710","targetHints":{"allow":["GET"]}}],"collection":[{"href":"https:\/\/pwinecastes.com\/es\/wp-json\/wp\/v2\/product"}],"about":[{"href":"https:\/\/pwinecastes.com\/es\/wp-json\/wp\/v2\/types\/product"}],"version-history":[{"count":0,"href":"https:\/\/pwinecastes.com\/es\/wp-json\/wp\/v2\/product\/13710\/revisions"}],"wp:featuredmedia":[{"embeddable":true,"href":"https:\/\/pwinecastes.com\/es\/wp-json\/wp\/v2\/media\/13713"}],"wp:attachment":[{"href":"https:\/\/pwinecastes.com\/es\/wp-json\/wp\/v2\/media?parent=13710"}],"wp:term":[{"taxonomy":"product_brand","embeddable":true,"href":"https:\/\/pwinecastes.com\/es\/wp-json\/wp\/v2\/product_brand?post=13710"},{"taxonomy":"product_cat","embeddable":true,"href":"https:\/\/pwinecastes.com\/es\/wp-json\/wp\/v2\/product_cat?post=13710"},{"taxonomy":"product_tag","embeddable":true,"href":"https:\/\/pwinecastes.com\/es\/wp-json\/wp\/v2\/product_tag?post=13710"}],"curies":[{"name":"wp","href":"https:\/\/api.w.org\/{rel}","templated":true}]}}