{"id":13728,"date":"2024-07-27T15:55:20","date_gmt":"2024-07-27T15:55:20","guid":{"rendered":"https:\/\/pwinecastes.com\/?post_type=product&#038;p=13728"},"modified":"2024-07-27T16:08:23","modified_gmt":"2024-07-27T16:08:23","slug":"pintas-2017","status":"publish","type":"product","link":"https:\/\/pwinecastes.com\/es\/product\/pintas-2017\/","title":{"rendered":"Pintas 2017"},"content":{"rendered":"<p>Pintas Vino Tinto 2017<\/p>\n<ul>\n<li><strong>Regi\u00f3n: <\/strong>Douro.<\/li>\n<li><strong>Capacidad:<\/strong> 75 cL<\/li>\n<li><strong>Variedades de uva: <\/strong>Vi\u00f1as viejas.<\/li>\n<li><strong>Graduaci\u00f3n alcoh\u00f3lica: <\/strong>14.5% vol.<\/li>\n<li><strong>Nota de cata:<\/strong> Color p\u00farpura muy intenso. Aromas de violetas combinados con bayas negras maduras, especias y chocolate negro. Excelente equilibrio, mineralidad y frescura, taninos maduros y un final elegante.<\/li>\n<li><strong>Armonizaci\u00f3n:<\/strong> Disfruta de platos de sabor intenso como carnes rojas, caza, asados \u200b\u200bal horno de le\u00f1a y quesos.<\/li>\n<li><strong>Otros datos:<\/strong> Contiene sulfitos.<\/li>\n<\/ul>\n","protected":false},"excerpt":{"rendered":"<p>Pintas Vino Tinto 2017 Regi\u00f3n: Douro. Capacidad: 75 cL Variedades de uva: Vi\u00f1as viejas. Graduaci\u00f3n alcoh\u00f3lica: 14.5% vol. Nota de cata: Color p\u00farpura muy intenso. Aromas de violetas combinados con bayas negras maduras, especias y chocolate negro. Excelente equilibrio, mineralidad y frescura, taninos maduros y un final elegante. Armonizaci\u00f3n: Disfruta de platos de sabor intenso [&hellip;]<\/p>\n","protected":false},"featured_media":13796,"template":"","meta":{"_monsterinsights_skip_tracking":false,"_monsterinsights_sitenote_active":false,"_monsterinsights_sitenote_note":"","_monsterinsights_sitenote_category":0},"product_brand":[],"product_cat":[217,209,212,213,262,102],"product_tag":[425],"class_list":{"0":"post-13728","1":"product","2":"type-product","3":"status-publish","4":"has-post-thumbnail","6":"product_cat-douro-es","7":"product_cat-pais-es-2","8":"product_cat-portugal-es-2","9":"product_cat-region-es","10":"product_cat-tinto-es-5","11":"product_cat-vinos","12":"product_tag-destaque_pagina","14":"first","15":"outofstock","16":"taxable","17":"shipping-taxable","18":"purchasable","19":"product-type-simple"},"aioseo_notices":[],"_links":{"self":[{"href":"https:\/\/pwinecastes.com\/es\/wp-json\/wp\/v2\/product\/13728","targetHints":{"allow":["GET"]}}],"collection":[{"href":"https:\/\/pwinecastes.com\/es\/wp-json\/wp\/v2\/product"}],"about":[{"href":"https:\/\/pwinecastes.com\/es\/wp-json\/wp\/v2\/types\/product"}],"version-history":[{"count":0,"href":"https:\/\/pwinecastes.com\/es\/wp-json\/wp\/v2\/product\/13728\/revisions"}],"wp:featuredmedia":[{"embeddable":true,"href":"https:\/\/pwinecastes.com\/es\/wp-json\/wp\/v2\/media\/13796"}],"wp:attachment":[{"href":"https:\/\/pwinecastes.com\/es\/wp-json\/wp\/v2\/media?parent=13728"}],"wp:term":[{"taxonomy":"product_brand","embeddable":true,"href":"https:\/\/pwinecastes.com\/es\/wp-json\/wp\/v2\/product_brand?post=13728"},{"taxonomy":"product_cat","embeddable":true,"href":"https:\/\/pwinecastes.com\/es\/wp-json\/wp\/v2\/product_cat?post=13728"},{"taxonomy":"product_tag","embeddable":true,"href":"https:\/\/pwinecastes.com\/es\/wp-json\/wp\/v2\/product_tag?post=13728"}],"curies":[{"name":"wp","href":"https:\/\/api.w.org\/{rel}","templated":true}]}}