{"id":13804,"date":"2024-07-31T11:02:05","date_gmt":"2024-07-31T11:02:05","guid":{"rendered":"https:\/\/pwinecastes.com\/product\/adamus-edicion-exclusiva-2023\/"},"modified":"2024-07-31T11:02:05","modified_gmt":"2024-07-31T11:02:05","slug":"adamus-edicion-exclusiva-2023","status":"publish","type":"product","link":"https:\/\/pwinecastes.com\/es\/product\/adamus-edicion-exclusiva-2023\/","title":{"rendered":"Adamus Edici\u00f3n Exclusiva 2023"},"content":{"rendered":"<p>Ginebra Adamus Edici\u00f3n Exclusiva 2023  <\/p>\n<ul>\n<li><strong>Regi\u00f3n:<\/strong> Portugal<\/li>\n<li><strong>Capacidad:<\/strong> 70 cL<\/li>\n<li><strong>Contenido de alcohol: <\/strong>44,4% vol.<\/li>\n<li><strong>Nota de cata: <\/strong>Aspecto claro y cristalino, color alambre bien definido, aromas de frutos secos, especias, fruta confitada, notas bals\u00e1micas, madera ex\u00f3tica.<br \/>\nSabor noble y elegante. <\/li>\n<li><strong>Otros datos:<\/strong> Contiene sulfitos.<\/li>\n<li>La primera ginebra del mundo envejecida en barricas de roble de bayas es una edici\u00f3n limitada.<br \/>\nEcol\u00f3gica, vegana, bien estructurada, equilibrada y con caracter\u00edsticas bals\u00e1micas que le dan a\u00fan m\u00e1s profundidad y persistencia en boca. <\/li>\n<\/ul>\n","protected":false},"excerpt":{"rendered":"<p>Ginebra Adamus Edici\u00f3n Exclusiva 2023 Regi\u00f3n: Portugal Capacidad: 70 cL Contenido de alcohol: 44,4% vol. Nota de cata: Aspecto claro y cristalino, color alambre bien definido, aromas de frutos secos, especias, fruta confitada, notas bals\u00e1micas, madera ex\u00f3tica. Sabor noble y elegante. Otros datos: Contiene sulfitos. La primera ginebra del mundo envejecida en barricas de roble [&hellip;]<\/p>\n","protected":false},"featured_media":13448,"template":"","meta":{"_monsterinsights_skip_tracking":false,"_monsterinsights_sitenote_active":false,"_monsterinsights_sitenote_note":"","_monsterinsights_sitenote_category":0},"product_brand":[],"product_cat":[187,190,188],"product_tag":[],"class_list":{"0":"post-13804","1":"product","2":"type-product","3":"status-publish","4":"has-post-thumbnail","6":"product_cat-destilados","7":"product_cat-gin-es","8":"product_cat-tipo-es","10":"first","11":"instock","12":"taxable","13":"shipping-taxable","14":"purchasable","15":"product-type-simple"},"aioseo_notices":[],"_links":{"self":[{"href":"https:\/\/pwinecastes.com\/es\/wp-json\/wp\/v2\/product\/13804","targetHints":{"allow":["GET"]}}],"collection":[{"href":"https:\/\/pwinecastes.com\/es\/wp-json\/wp\/v2\/product"}],"about":[{"href":"https:\/\/pwinecastes.com\/es\/wp-json\/wp\/v2\/types\/product"}],"version-history":[{"count":0,"href":"https:\/\/pwinecastes.com\/es\/wp-json\/wp\/v2\/product\/13804\/revisions"}],"wp:featuredmedia":[{"embeddable":true,"href":"https:\/\/pwinecastes.com\/es\/wp-json\/wp\/v2\/media\/13448"}],"wp:attachment":[{"href":"https:\/\/pwinecastes.com\/es\/wp-json\/wp\/v2\/media?parent=13804"}],"wp:term":[{"taxonomy":"product_brand","embeddable":true,"href":"https:\/\/pwinecastes.com\/es\/wp-json\/wp\/v2\/product_brand?post=13804"},{"taxonomy":"product_cat","embeddable":true,"href":"https:\/\/pwinecastes.com\/es\/wp-json\/wp\/v2\/product_cat?post=13804"},{"taxonomy":"product_tag","embeddable":true,"href":"https:\/\/pwinecastes.com\/es\/wp-json\/wp\/v2\/product_tag?post=13804"}],"curies":[{"name":"wp","href":"https:\/\/api.w.org\/{rel}","templated":true}]}}