{"id":14540,"date":"2024-09-05T16:26:07","date_gmt":"2024-09-05T16:26:07","guid":{"rendered":"https:\/\/pwinecastes.com\/product\/ervideira-invisivel-blanco-aragonez-2023\/"},"modified":"2025-07-12T17:20:23","modified_gmt":"2025-07-12T17:20:23","slug":"ervideira-invisivel-blanco-aragonez-2023","status":"publish","type":"product","link":"https:\/\/pwinecastes.com\/es\/product\/ervideira-invisivel-blanco-aragonez-2023\/","title":{"rendered":"Ervideira Invis\u00edvel Blanco-Aragonez 2024"},"content":{"rendered":"<p>Vino Ervideira Invis\u00edvel Blanco-Aragonez 2024<\/p>\n<ul>\n<li><strong>Regi\u00f3n: <\/strong>Alentejo.<\/li>\n<li><strong>Capacidad:<\/strong> 75 cL<\/li>\n<li><strong>Variedades de uva: <\/strong>Aragonez<\/li>\n<li><strong>Graduaci\u00f3n alcoh\u00f3lica: <\/strong>13% vol.<\/li>\n<li><strong>Nota de cata:<\/strong> Fresco en boca, con buena acidez y una estructura final muy elegante. Aromas de t\u00e9 (Earl Grey), menta, lima y salvia. <\/li>\n<li><strong>Maridaje: <\/strong>Sushi, pescado ahumado y marisco.<\/li>\n<li><strong>Informaci\u00f3n adicional:<\/strong> Contiene sulfitos.<\/li>\n<li><strong>Elaboraci\u00f3n del Vino Blanco Ervideira Invis\u00edvel:<\/strong> Este vino -Invis\u00edvel- naci\u00f3 de una selecci\u00f3n de las mejores partidas de Aragonez y del resultado de una vendimia lunar. El mosto se transporta en cami\u00f3n refrigerado hasta la bodega. All\u00ed, se lleva por gravedad a la c\u00e1mara frigor\u00edfica, donde permanece para decantar durante 24 horas a bajas temperaturas. Tras este proceso, el mosto se inocula con levaduras seleccionadas y la fermentaci\u00f3n tiene lugar a una temperatura controlada de 12\u00ba C durante 15 d\u00edas.   <\/li>\n<\/ul>\n","protected":false},"excerpt":{"rendered":"<p>Vino Ervideira Invis\u00edvel Blanco-Aragonez 2024 Regi\u00f3n: Alentejo. Capacidad: 75 cL Variedades de uva: Aragonez Graduaci\u00f3n alcoh\u00f3lica: 13% vol. Nota de cata: Fresco en boca, con buena acidez y una estructura final muy elegante. Aromas de t\u00e9 (Earl Grey), menta, lima y salvia. Maridaje: Sushi, pescado ahumado y marisco. Informaci\u00f3n adicional: Contiene sulfitos. Elaboraci\u00f3n del Vino [&hellip;]<\/p>\n","protected":false},"featured_media":14543,"template":"","meta":{"_monsterinsights_skip_tracking":false,"_monsterinsights_sitenote_active":false,"_monsterinsights_sitenote_note":"","_monsterinsights_sitenote_category":0},"product_brand":[],"product_cat":[214,232,209,212,213,102],"product_tag":[],"class_list":{"0":"post-14540","1":"product","2":"type-product","3":"status-publish","4":"has-post-thumbnail","6":"product_cat-alentejo-es","7":"product_cat-blanco-es","8":"product_cat-pais-es-2","9":"product_cat-portugal-es-2","10":"product_cat-region-es","11":"product_cat-vinos","13":"first","14":"instock","15":"taxable","16":"shipping-taxable","17":"purchasable","18":"product-type-simple"},"aioseo_notices":[],"_links":{"self":[{"href":"https:\/\/pwinecastes.com\/es\/wp-json\/wp\/v2\/product\/14540","targetHints":{"allow":["GET"]}}],"collection":[{"href":"https:\/\/pwinecastes.com\/es\/wp-json\/wp\/v2\/product"}],"about":[{"href":"https:\/\/pwinecastes.com\/es\/wp-json\/wp\/v2\/types\/product"}],"version-history":[{"count":0,"href":"https:\/\/pwinecastes.com\/es\/wp-json\/wp\/v2\/product\/14540\/revisions"}],"wp:featuredmedia":[{"embeddable":true,"href":"https:\/\/pwinecastes.com\/es\/wp-json\/wp\/v2\/media\/14543"}],"wp:attachment":[{"href":"https:\/\/pwinecastes.com\/es\/wp-json\/wp\/v2\/media?parent=14540"}],"wp:term":[{"taxonomy":"product_brand","embeddable":true,"href":"https:\/\/pwinecastes.com\/es\/wp-json\/wp\/v2\/product_brand?post=14540"},{"taxonomy":"product_cat","embeddable":true,"href":"https:\/\/pwinecastes.com\/es\/wp-json\/wp\/v2\/product_cat?post=14540"},{"taxonomy":"product_tag","embeddable":true,"href":"https:\/\/pwinecastes.com\/es\/wp-json\/wp\/v2\/product_tag?post=14540"}],"curies":[{"name":"wp","href":"https:\/\/api.w.org\/{rel}","templated":true}]}}