{"id":14554,"date":"2024-09-06T14:21:15","date_gmt":"2024-09-06T14:21:15","guid":{"rendered":"https:\/\/pwinecastes.com\/product\/aceite-de-oliva-virgen-extra-brites-aguiar\/"},"modified":"2024-09-06T14:21:15","modified_gmt":"2024-09-06T14:21:15","slug":"aceite-de-oliva-virgen-extra-brites-aguiar","status":"publish","type":"product","link":"https:\/\/pwinecastes.com\/es\/product\/aceite-de-oliva-virgen-extra-brites-aguiar\/","title":{"rendered":"Aceite de Oliva Virgen Extra Brites Aguiar"},"content":{"rendered":"<p>Brites Aguiar Aceite de Oliva Virgen Extra <strong>Regi\u00f3n: <\/strong>Douro (Portugal) <strong>Productor: <\/strong>Brites Aguiar <strong>Recolecci\u00f3n y Extracci\u00f3n: <\/strong>Las aceitunas se recogen de forma tradicional, a mano con varas, a partir de mediados de noviembre.<br \/>\nLos \u00e1rboles que contienen frutos con anomal\u00edas de madurez o de salud se rechazan en la cosecha.<br \/>\nLa extracci\u00f3n en fr\u00edo se realiza mediante procedimientos mec\u00e1nicos. <strong>Caracter\u00edsticas generales: <\/strong>Volumen <strong>: <\/strong>500 ml <strong>Grado de acidez: <\/strong>0,2% <strong>Composici\u00f3n nutricional (por 100 ml):<\/strong> Energ\u00eda: 821 kcal (342 kj); L\u00edpidos de los cuales: 91,2 g ; Saturados &#8211; 16,5g ; Hidratos de carbono de los cuales: 0g ; Az\u00facares &#8211; 0g ; Prote\u00ednas: 0g ; Sal: 0g <strong>Condiciones de conservaci\u00f3n: <\/strong>Almacenar en lugar fresco y seco, al abrigo de la luz y el calor.  <\/p>\n","protected":false},"excerpt":{"rendered":"<p>Brites Aguiar Aceite de Oliva Virgen Extra Regi\u00f3n: Douro (Portugal) Productor: Brites Aguiar Recolecci\u00f3n y Extracci\u00f3n: Las aceitunas se recogen de forma tradicional, a mano con varas, a partir de mediados de noviembre. Los \u00e1rboles que contienen frutos con anomal\u00edas de madurez o de salud se rechazan en la cosecha. La extracci\u00f3n en fr\u00edo se [&hellip;]<\/p>\n","protected":false},"featured_media":14562,"template":"","meta":{"_monsterinsights_skip_tracking":false,"_monsterinsights_sitenote_active":false,"_monsterinsights_sitenote_note":"","_monsterinsights_sitenote_category":0},"product_brand":[],"product_cat":[181,205,422,415,201],"product_tag":[],"class_list":{"0":"post-14554","1":"product","2":"type-product","3":"status-publish","4":"has-post-thumbnail","6":"product_cat-aceite-de-oliva-vinagres","7":"product_cat-aceites","8":"product_cat-aceites-vinagres","9":"product_cat-gourmet-es-2","10":"product_cat-tipo-es-3","12":"first","13":"outofstock","14":"taxable","15":"shipping-taxable","16":"purchasable","17":"product-type-simple"},"aioseo_notices":[],"_links":{"self":[{"href":"https:\/\/pwinecastes.com\/es\/wp-json\/wp\/v2\/product\/14554","targetHints":{"allow":["GET"]}}],"collection":[{"href":"https:\/\/pwinecastes.com\/es\/wp-json\/wp\/v2\/product"}],"about":[{"href":"https:\/\/pwinecastes.com\/es\/wp-json\/wp\/v2\/types\/product"}],"version-history":[{"count":0,"href":"https:\/\/pwinecastes.com\/es\/wp-json\/wp\/v2\/product\/14554\/revisions"}],"wp:featuredmedia":[{"embeddable":true,"href":"https:\/\/pwinecastes.com\/es\/wp-json\/wp\/v2\/media\/14562"}],"wp:attachment":[{"href":"https:\/\/pwinecastes.com\/es\/wp-json\/wp\/v2\/media?parent=14554"}],"wp:term":[{"taxonomy":"product_brand","embeddable":true,"href":"https:\/\/pwinecastes.com\/es\/wp-json\/wp\/v2\/product_brand?post=14554"},{"taxonomy":"product_cat","embeddable":true,"href":"https:\/\/pwinecastes.com\/es\/wp-json\/wp\/v2\/product_cat?post=14554"},{"taxonomy":"product_tag","embeddable":true,"href":"https:\/\/pwinecastes.com\/es\/wp-json\/wp\/v2\/product_tag?post=14554"}],"curies":[{"name":"wp","href":"https:\/\/api.w.org\/{rel}","templated":true}]}}