{"id":14590,"date":"2024-09-13T10:34:16","date_gmt":"2024-09-13T10:34:16","guid":{"rendered":"https:\/\/pwinecastes.com\/product\/dom-bella-grande-reserva-tinto-2013\/"},"modified":"2024-09-13T10:34:16","modified_gmt":"2024-09-13T10:34:16","slug":"dom-bella-grande-reserva-tinto-2013","status":"publish","type":"product","link":"https:\/\/pwinecastes.com\/es\/product\/dom-bella-grande-reserva-tinto-2013\/","title":{"rendered":"Dom Bella Grande Reserva Tinto 2013"},"content":{"rendered":"<p>Dom Bella Grande Reserva Tinto 2013  <\/p>\n<ul>\n<li><strong>Regi\u00f3n: <\/strong>D\u00e3o<\/li>\n<li><strong>Capacidad:<\/strong> 75 cL<\/li>\n<li><strong>Variedades de uva: <\/strong>Touriga Nacional.<\/li>\n<li><strong>Graduaci\u00f3n alcoh\u00f3lica: <\/strong>14% vol.<\/li>\n<li><strong>Nota de cata:<\/strong> Los tonos viol\u00e1ceos despiertan los sentidos a los aromas de excelencia t\u00edpicos de la variedad de uva Touriga Nacional en el D\u00e3o. En boca es sedoso, con cuerpo y fresco, revelando una delicada elegancia que conduce a un largo final.<br \/>\nNotable capacidad de envejecimiento. <\/li>\n<li><strong>Almacenamiento:<\/strong> En un lugar protegido de la luz y sin grandes variaciones de temperatura, preferiblemente entre 12 y 14\u00baC.<\/li>\n<li><strong>Maridaje:<\/strong> Excelente con carnes rojas y platos de caza.<br \/>\nTambi\u00e9n es adecuado con quesos y postres de chocolate y frutos rojos. <\/li>\n<li><strong>Terroir:<\/strong> Clima influenciado por la Serra da Estrela.<br \/>\nVi\u00f1edos plantados en suelos ricos en granito. <\/li>\n<li><strong>Informaci\u00f3n adicional:<\/strong> Contiene sulfitos.<\/li>\n<\/ul>\n","protected":false},"excerpt":{"rendered":"<p>Dom Bella Grande Reserva Tinto 2013 Regi\u00f3n: D\u00e3o Capacidad: 75 cL Variedades de uva: Touriga Nacional. Graduaci\u00f3n alcoh\u00f3lica: 14% vol. Nota de cata: Los tonos viol\u00e1ceos despiertan los sentidos a los aromas de excelencia t\u00edpicos de la variedad de uva Touriga Nacional en el D\u00e3o. En boca es sedoso, con cuerpo y fresco, revelando una [&hellip;]<\/p>\n","protected":false},"featured_media":14593,"template":"","meta":{"_monsterinsights_skip_tracking":false,"_monsterinsights_sitenote_active":false,"_monsterinsights_sitenote_note":"","_monsterinsights_sitenote_category":0},"product_brand":[],"product_cat":[216,209,212,213,249,102],"product_tag":[],"class_list":{"0":"post-14590","1":"product","2":"type-product","3":"status-publish","4":"has-post-thumbnail","6":"product_cat-dao-es","7":"product_cat-pais-es-2","8":"product_cat-portugal-es-2","9":"product_cat-region-es","10":"product_cat-tinto-es-4","11":"product_cat-vinos","13":"first","14":"instock","15":"taxable","16":"shipping-taxable","17":"purchasable","18":"product-type-simple"},"aioseo_notices":[],"_links":{"self":[{"href":"https:\/\/pwinecastes.com\/es\/wp-json\/wp\/v2\/product\/14590","targetHints":{"allow":["GET"]}}],"collection":[{"href":"https:\/\/pwinecastes.com\/es\/wp-json\/wp\/v2\/product"}],"about":[{"href":"https:\/\/pwinecastes.com\/es\/wp-json\/wp\/v2\/types\/product"}],"version-history":[{"count":0,"href":"https:\/\/pwinecastes.com\/es\/wp-json\/wp\/v2\/product\/14590\/revisions"}],"wp:featuredmedia":[{"embeddable":true,"href":"https:\/\/pwinecastes.com\/es\/wp-json\/wp\/v2\/media\/14593"}],"wp:attachment":[{"href":"https:\/\/pwinecastes.com\/es\/wp-json\/wp\/v2\/media?parent=14590"}],"wp:term":[{"taxonomy":"product_brand","embeddable":true,"href":"https:\/\/pwinecastes.com\/es\/wp-json\/wp\/v2\/product_brand?post=14590"},{"taxonomy":"product_cat","embeddable":true,"href":"https:\/\/pwinecastes.com\/es\/wp-json\/wp\/v2\/product_cat?post=14590"},{"taxonomy":"product_tag","embeddable":true,"href":"https:\/\/pwinecastes.com\/es\/wp-json\/wp\/v2\/product_tag?post=14590"}],"curies":[{"name":"wp","href":"https:\/\/api.w.org\/{rel}","templated":true}]}}