{"id":14713,"date":"2024-10-21T15:21:17","date_gmt":"2024-10-21T15:21:17","guid":{"rendered":"https:\/\/pwinecastes.com\/product\/reis-de-portugal-880-anos-oporto-tawny\/"},"modified":"2024-10-21T15:21:17","modified_gmt":"2024-10-21T15:21:17","slug":"reis-de-portugal-880-anos-oporto-tawny","status":"publish","type":"product","link":"https:\/\/pwinecastes.com\/es\/product\/reis-de-portugal-880-anos-oporto-tawny\/","title":{"rendered":"Reis de Portugal 880 A\u00f1os Oporto Tawny"},"content":{"rendered":"<p>Reis de Portugal 880 A\u00f1os Oporto Tawny<\/p>\n<ul>\n<li><strong>Regi\u00f3n: <\/strong>Douro.<\/li>\n<li><strong>Capacidad:<\/strong> 75 cL<\/li>\n<li><strong>Graduaci\u00f3n alcoh\u00f3lica: <\/strong>19,5% Vol.<\/li>\n<li>\u00abPortugal es sin duda un caso \u00fanico en la historia de la civilizaci\u00f3n occidental.<\/li>\n<li>De un peque\u00f1o territorio, situado en el extremo occidental del continente europeo, sin grandes riquezas naturales, pero habitado por un pueblo trabajador e intr\u00e9pido, fue capaz de cruzar fronteras transcontinentales. Tal haza\u00f1a no habr\u00eda sido posible sin la voluntad indomable, la fuerza mental y la visi\u00f3n geoestrat\u00e9gica de los treinta y cinco Reyes y Reinas que forjaron Portugal, el pa\u00eds que marca las fronteras m\u00e1s antiguas de Europa. Hoy, incluso entre los cr\u00edticos, la historiograf\u00eda seria reconoce la haza\u00f1a civilizadora de Portugal, \u00a1un logro \u00fanico en una historia de casi nueve siglos! Y para celebrarlo, nada mejor que con un n\u00e9ctar precioso, este magn\u00edfico vino, s\u00edmbolo de la calidad portuguesa: \u00a1el vino de Oporto!   <\/li>\n<\/ul>\n","protected":false},"excerpt":{"rendered":"<p>Reis de Portugal 880 A\u00f1os Oporto Tawny Regi\u00f3n: Douro. Capacidad: 75 cL Graduaci\u00f3n alcoh\u00f3lica: 19,5% Vol. \u00abPortugal es sin duda un caso \u00fanico en la historia de la civilizaci\u00f3n occidental. De un peque\u00f1o territorio, situado en el extremo occidental del continente europeo, sin grandes riquezas naturales, pero habitado por un pueblo trabajador e intr\u00e9pido, fue [&hellip;]<\/p>\n","protected":false},"featured_media":14829,"template":"","meta":{"_monsterinsights_skip_tracking":false,"_monsterinsights_sitenote_active":false,"_monsterinsights_sitenote_note":"","_monsterinsights_sitenote_category":0},"product_brand":[],"product_cat":[225,209,212,361,102],"product_tag":[],"class_list":{"0":"post-14713","1":"product","2":"type-product","3":"status-publish","4":"has-post-thumbnail","6":"product_cat-oporto","7":"product_cat-pais-es-2","8":"product_cat-portugal-es-2","9":"product_cat-tawny-es","10":"product_cat-vinos","12":"first","13":"outofstock","14":"taxable","15":"shipping-taxable","16":"purchasable","17":"product-type-simple"},"aioseo_notices":[],"_links":{"self":[{"href":"https:\/\/pwinecastes.com\/es\/wp-json\/wp\/v2\/product\/14713","targetHints":{"allow":["GET"]}}],"collection":[{"href":"https:\/\/pwinecastes.com\/es\/wp-json\/wp\/v2\/product"}],"about":[{"href":"https:\/\/pwinecastes.com\/es\/wp-json\/wp\/v2\/types\/product"}],"version-history":[{"count":0,"href":"https:\/\/pwinecastes.com\/es\/wp-json\/wp\/v2\/product\/14713\/revisions"}],"wp:featuredmedia":[{"embeddable":true,"href":"https:\/\/pwinecastes.com\/es\/wp-json\/wp\/v2\/media\/14829"}],"wp:attachment":[{"href":"https:\/\/pwinecastes.com\/es\/wp-json\/wp\/v2\/media?parent=14713"}],"wp:term":[{"taxonomy":"product_brand","embeddable":true,"href":"https:\/\/pwinecastes.com\/es\/wp-json\/wp\/v2\/product_brand?post=14713"},{"taxonomy":"product_cat","embeddable":true,"href":"https:\/\/pwinecastes.com\/es\/wp-json\/wp\/v2\/product_cat?post=14713"},{"taxonomy":"product_tag","embeddable":true,"href":"https:\/\/pwinecastes.com\/es\/wp-json\/wp\/v2\/product_tag?post=14713"}],"curies":[{"name":"wp","href":"https:\/\/api.w.org\/{rel}","templated":true}]}}