{"id":14735,"date":"2024-10-24T08:01:17","date_gmt":"2024-10-24T08:01:17","guid":{"rendered":"https:\/\/pwinecastes.com\/product\/belletrista-amalia-rodrigues-tawny\/"},"modified":"2024-10-24T08:01:17","modified_gmt":"2024-10-24T08:01:17","slug":"belletrista-amalia-rodrigues-tawny","status":"publish","type":"product","link":"https:\/\/pwinecastes.com\/es\/product\/belletrista-amalia-rodrigues-tawny\/","title":{"rendered":"Belletrista Am\u00e1lia Rodrigues Tawny"},"content":{"rendered":"<p>Belletrista Am\u00e1lia Rodrigues Tawny<\/p>\n<ul>\n<li><strong>Regi\u00f3n: <\/strong>Douro.<\/li>\n<li><strong>Capacidad:<\/strong> 75 cL<\/li>\n<li><strong>Graduaci\u00f3n alcoh\u00f3lica: <\/strong>19,5% Vol.<\/li>\n<li>Belletrist Am\u00e1lia Rodrigues Tawny, m\u00e1s que un vino generoso, es un homenaje a la esencia de Am\u00e1lia. Con su armonioso aroma a frutos rojos y toques de vainilla, equilibrados por la madera, este tawny cautiva desde el primer sorbo. Perfecto como aperitivo o para acompa\u00f1ar postres, quesos, frutos secos y chocolate, el Belletrist Am\u00e1lia Rodrigues Tawny promete una experiencia sensorial \u00fanica, digna del esp\u00edritu irreverente y cosmopolita de Am\u00e1lia.  <\/li>\n<\/ul>\n","protected":false},"excerpt":{"rendered":"<p>Belletrista Am\u00e1lia Rodrigues Tawny Regi\u00f3n: Douro. Capacidad: 75 cL Graduaci\u00f3n alcoh\u00f3lica: 19,5% Vol. Belletrist Am\u00e1lia Rodrigues Tawny, m\u00e1s que un vino generoso, es un homenaje a la esencia de Am\u00e1lia. Con su armonioso aroma a frutos rojos y toques de vainilla, equilibrados por la madera, este tawny cautiva desde el primer sorbo. Perfecto como aperitivo [&hellip;]<\/p>\n","protected":false},"featured_media":14726,"template":"","meta":{"_monsterinsights_skip_tracking":false,"_monsterinsights_sitenote_active":false,"_monsterinsights_sitenote_note":"","_monsterinsights_sitenote_category":0},"product_brand":[],"product_cat":[225,361,221],"product_tag":[],"class_list":{"0":"post-14735","1":"product","2":"type-product","3":"status-publish","4":"has-post-thumbnail","6":"product_cat-oporto","7":"product_cat-tawny-es","8":"product_cat-tipo-es-4","10":"first","11":"outofstock","12":"taxable","13":"shipping-taxable","14":"purchasable","15":"product-type-simple"},"aioseo_notices":[],"_links":{"self":[{"href":"https:\/\/pwinecastes.com\/es\/wp-json\/wp\/v2\/product\/14735","targetHints":{"allow":["GET"]}}],"collection":[{"href":"https:\/\/pwinecastes.com\/es\/wp-json\/wp\/v2\/product"}],"about":[{"href":"https:\/\/pwinecastes.com\/es\/wp-json\/wp\/v2\/types\/product"}],"version-history":[{"count":0,"href":"https:\/\/pwinecastes.com\/es\/wp-json\/wp\/v2\/product\/14735\/revisions"}],"wp:featuredmedia":[{"embeddable":true,"href":"https:\/\/pwinecastes.com\/es\/wp-json\/wp\/v2\/media\/14726"}],"wp:attachment":[{"href":"https:\/\/pwinecastes.com\/es\/wp-json\/wp\/v2\/media?parent=14735"}],"wp:term":[{"taxonomy":"product_brand","embeddable":true,"href":"https:\/\/pwinecastes.com\/es\/wp-json\/wp\/v2\/product_brand?post=14735"},{"taxonomy":"product_cat","embeddable":true,"href":"https:\/\/pwinecastes.com\/es\/wp-json\/wp\/v2\/product_cat?post=14735"},{"taxonomy":"product_tag","embeddable":true,"href":"https:\/\/pwinecastes.com\/es\/wp-json\/wp\/v2\/product_tag?post=14735"}],"curies":[{"name":"wp","href":"https:\/\/api.w.org\/{rel}","templated":true}]}}