{"id":14783,"date":"2024-10-24T09:18:56","date_gmt":"2024-10-24T09:18:56","guid":{"rendered":"https:\/\/pwinecastes.com\/product\/200-anos-de-independencia-de-brasil-tawny-etiqueta-emperador-pedro-ii\/"},"modified":"2024-10-24T09:18:56","modified_gmt":"2024-10-24T09:18:56","slug":"200-anos-de-independencia-de-brasil-tawny-etiqueta-emperador-pedro-ii","status":"publish","type":"product","link":"https:\/\/pwinecastes.com\/es\/product\/200-anos-de-independencia-de-brasil-tawny-etiqueta-emperador-pedro-ii\/","title":{"rendered":"200 A\u00f1os de Independencia de Brasil Tawny (etiqueta Emperador Pedro II)"},"content":{"rendered":"<p>200 A\u00f1os de Independencia de Brasil Tawny (etiqueta Emperador Pedro II)<\/p>\n<ul>\n<li><strong>Regi\u00f3n: <\/strong>Douro.<\/li>\n<li><strong>Capacidad:<\/strong> 75 cL<\/li>\n<li><strong>Graduaci\u00f3n alcoh\u00f3lica: <\/strong>19,5% Vol.<\/li>\n<li>Celebra el 200 aniversario de la Independencia de Brasil con el exclusivo Oporto Tawny 200 A\u00f1os de Independencia. Este excelente Oporto rinde homenaje a un hito hist\u00f3rico, bajo el sello de D. Pedro II, el \u00faltimo Emperador de Brasil, simbolizado en su etiqueta \u00fanica. <\/li>\n<\/ul>\n","protected":false},"excerpt":{"rendered":"<p>200 A\u00f1os de Independencia de Brasil Tawny (etiqueta Emperador Pedro II) Regi\u00f3n: Douro. Capacidad: 75 cL Graduaci\u00f3n alcoh\u00f3lica: 19,5% Vol. Celebra el 200 aniversario de la Independencia de Brasil con el exclusivo Oporto Tawny 200 A\u00f1os de Independencia. Este excelente Oporto rinde homenaje a un hito hist\u00f3rico, bajo el sello de D. Pedro II, el [&hellip;]<\/p>\n","protected":false},"featured_media":14776,"template":"","meta":{"_monsterinsights_skip_tracking":false,"_monsterinsights_sitenote_active":false,"_monsterinsights_sitenote_note":"","_monsterinsights_sitenote_category":0},"product_brand":[],"product_cat":[225,361,221],"product_tag":[],"class_list":{"0":"post-14783","1":"product","2":"type-product","3":"status-publish","4":"has-post-thumbnail","6":"product_cat-oporto","7":"product_cat-tawny-es","8":"product_cat-tipo-es-4","10":"first","11":"instock","12":"taxable","13":"shipping-taxable","14":"purchasable","15":"product-type-simple"},"aioseo_notices":[],"_links":{"self":[{"href":"https:\/\/pwinecastes.com\/es\/wp-json\/wp\/v2\/product\/14783","targetHints":{"allow":["GET"]}}],"collection":[{"href":"https:\/\/pwinecastes.com\/es\/wp-json\/wp\/v2\/product"}],"about":[{"href":"https:\/\/pwinecastes.com\/es\/wp-json\/wp\/v2\/types\/product"}],"version-history":[{"count":0,"href":"https:\/\/pwinecastes.com\/es\/wp-json\/wp\/v2\/product\/14783\/revisions"}],"wp:featuredmedia":[{"embeddable":true,"href":"https:\/\/pwinecastes.com\/es\/wp-json\/wp\/v2\/media\/14776"}],"wp:attachment":[{"href":"https:\/\/pwinecastes.com\/es\/wp-json\/wp\/v2\/media?parent=14783"}],"wp:term":[{"taxonomy":"product_brand","embeddable":true,"href":"https:\/\/pwinecastes.com\/es\/wp-json\/wp\/v2\/product_brand?post=14783"},{"taxonomy":"product_cat","embeddable":true,"href":"https:\/\/pwinecastes.com\/es\/wp-json\/wp\/v2\/product_cat?post=14783"},{"taxonomy":"product_tag","embeddable":true,"href":"https:\/\/pwinecastes.com\/es\/wp-json\/wp\/v2\/product_tag?post=14783"}],"curies":[{"name":"wp","href":"https:\/\/api.w.org\/{rel}","templated":true}]}}