{"id":14793,"date":"2024-10-24T09:28:09","date_gmt":"2024-10-24T09:28:09","guid":{"rendered":"https:\/\/pwinecastes.com\/product\/belletrist-lusiadas-tawny\/"},"modified":"2024-10-24T09:28:09","modified_gmt":"2024-10-24T09:28:09","slug":"belletrist-lusiadas-tawny","status":"publish","type":"product","link":"https:\/\/pwinecastes.com\/es\/product\/belletrist-lusiadas-tawny\/","title":{"rendered":"Belletrist Lus\u00edadas Tawny"},"content":{"rendered":"<p>Belletrist Lus\u00edadas Tawny<\/p>\n<ul>\n<li><strong>Regi\u00f3n: <\/strong>Douro.<\/li>\n<li><strong>Capacidad:<\/strong> 75 cL<\/li>\n<li><strong>Graduaci\u00f3n alcoh\u00f3lica: <\/strong>19,5% Vol.<\/li>\n<li>Celebra el 450 aniversario de \u00abOs Lus\u00edadas\u00bb, la majestuosa epopeya de Lu\u00eds Vaz de Cam\u00f5es, con el exquisito Belletrist Lus\u00edadas Tawny. Este Oporto leonado, que rinde homenaje a la primera gran obra po\u00e9tica portuguesa impresa, es un elixir de color rubio rojizo que seduce a primera vista. <\/li>\n<li>Serigraf\u00eda A3 incluida<\/li>\n<\/ul>\n","protected":false},"excerpt":{"rendered":"<p>Belletrist Lus\u00edadas Tawny Regi\u00f3n: Douro. Capacidad: 75 cL Graduaci\u00f3n alcoh\u00f3lica: 19,5% Vol. Celebra el 450 aniversario de \u00abOs Lus\u00edadas\u00bb, la majestuosa epopeya de Lu\u00eds Vaz de Cam\u00f5es, con el exquisito Belletrist Lus\u00edadas Tawny. Este Oporto leonado, que rinde homenaje a la primera gran obra po\u00e9tica portuguesa impresa, es un elixir de color rubio rojizo que [&hellip;]<\/p>\n","protected":false},"featured_media":14790,"template":"","meta":{"_monsterinsights_skip_tracking":false,"_monsterinsights_sitenote_active":false,"_monsterinsights_sitenote_note":"","_monsterinsights_sitenote_category":0},"product_brand":[],"product_cat":[225,361,221],"product_tag":[],"class_list":{"0":"post-14793","1":"product","2":"type-product","3":"status-publish","4":"has-post-thumbnail","6":"product_cat-oporto","7":"product_cat-tawny-es","8":"product_cat-tipo-es-4","10":"first","11":"instock","12":"taxable","13":"shipping-taxable","14":"purchasable","15":"product-type-simple"},"aioseo_notices":[],"_links":{"self":[{"href":"https:\/\/pwinecastes.com\/es\/wp-json\/wp\/v2\/product\/14793","targetHints":{"allow":["GET"]}}],"collection":[{"href":"https:\/\/pwinecastes.com\/es\/wp-json\/wp\/v2\/product"}],"about":[{"href":"https:\/\/pwinecastes.com\/es\/wp-json\/wp\/v2\/types\/product"}],"version-history":[{"count":0,"href":"https:\/\/pwinecastes.com\/es\/wp-json\/wp\/v2\/product\/14793\/revisions"}],"wp:featuredmedia":[{"embeddable":true,"href":"https:\/\/pwinecastes.com\/es\/wp-json\/wp\/v2\/media\/14790"}],"wp:attachment":[{"href":"https:\/\/pwinecastes.com\/es\/wp-json\/wp\/v2\/media?parent=14793"}],"wp:term":[{"taxonomy":"product_brand","embeddable":true,"href":"https:\/\/pwinecastes.com\/es\/wp-json\/wp\/v2\/product_brand?post=14793"},{"taxonomy":"product_cat","embeddable":true,"href":"https:\/\/pwinecastes.com\/es\/wp-json\/wp\/v2\/product_cat?post=14793"},{"taxonomy":"product_tag","embeddable":true,"href":"https:\/\/pwinecastes.com\/es\/wp-json\/wp\/v2\/product_tag?post=14793"}],"curies":[{"name":"wp","href":"https:\/\/api.w.org\/{rel}","templated":true}]}}