{"id":14824,"date":"2024-10-24T09:46:49","date_gmt":"2024-10-24T09:46:49","guid":{"rendered":"https:\/\/pwinecastes.com\/product\/800-anos-santo-antonio-de-lisboa-tawny\/"},"modified":"2024-10-24T09:46:49","modified_gmt":"2024-10-24T09:46:49","slug":"800-anos-santo-antonio-de-lisboa-tawny","status":"publish","type":"product","link":"https:\/\/pwinecastes.com\/es\/product\/800-anos-santo-antonio-de-lisboa-tawny\/","title":{"rendered":"800 A\u00f1os Santo Ant\u00f3nio de Lisboa Tawny"},"content":{"rendered":"<p>800 A\u00f1os Santo Ant\u00f3nio de Lisboa Tawny<\/p>\n<ul>\n<li><strong>Capacidad:<\/strong> 75 cL<\/li>\n<li><strong>Graduaci\u00f3n alcoh\u00f3lica: <\/strong>19,5% Vol.<\/li>\n<\/ul>\n","protected":false},"excerpt":{"rendered":"<p>800 A\u00f1os Santo Ant\u00f3nio de Lisboa Tawny Capacidad: 75 cL Graduaci\u00f3n alcoh\u00f3lica: 19,5% Vol.<\/p>\n","protected":false},"featured_media":14820,"template":"","meta":{"_monsterinsights_skip_tracking":false,"_monsterinsights_sitenote_active":false,"_monsterinsights_sitenote_note":"","_monsterinsights_sitenote_category":0},"product_brand":[],"product_cat":[225,361,221],"product_tag":[],"class_list":{"0":"post-14824","1":"product","2":"type-product","3":"status-publish","4":"has-post-thumbnail","6":"product_cat-oporto","7":"product_cat-tawny-es","8":"product_cat-tipo-es-4","10":"first","11":"outofstock","12":"taxable","13":"shipping-taxable","14":"purchasable","15":"product-type-simple"},"aioseo_notices":[],"_links":{"self":[{"href":"https:\/\/pwinecastes.com\/es\/wp-json\/wp\/v2\/product\/14824","targetHints":{"allow":["GET"]}}],"collection":[{"href":"https:\/\/pwinecastes.com\/es\/wp-json\/wp\/v2\/product"}],"about":[{"href":"https:\/\/pwinecastes.com\/es\/wp-json\/wp\/v2\/types\/product"}],"version-history":[{"count":0,"href":"https:\/\/pwinecastes.com\/es\/wp-json\/wp\/v2\/product\/14824\/revisions"}],"wp:featuredmedia":[{"embeddable":true,"href":"https:\/\/pwinecastes.com\/es\/wp-json\/wp\/v2\/media\/14820"}],"wp:attachment":[{"href":"https:\/\/pwinecastes.com\/es\/wp-json\/wp\/v2\/media?parent=14824"}],"wp:term":[{"taxonomy":"product_brand","embeddable":true,"href":"https:\/\/pwinecastes.com\/es\/wp-json\/wp\/v2\/product_brand?post=14824"},{"taxonomy":"product_cat","embeddable":true,"href":"https:\/\/pwinecastes.com\/es\/wp-json\/wp\/v2\/product_cat?post=14824"},{"taxonomy":"product_tag","embeddable":true,"href":"https:\/\/pwinecastes.com\/es\/wp-json\/wp\/v2\/product_tag?post=14824"}],"curies":[{"name":"wp","href":"https:\/\/api.w.org\/{rel}","templated":true}]}}