{"id":14908,"date":"2024-10-28T11:54:36","date_gmt":"2024-10-28T11:54:36","guid":{"rendered":"https:\/\/pwinecastes.com\/product\/oporto-boeira-decanter-10-anos\/"},"modified":"2024-10-28T11:54:36","modified_gmt":"2024-10-28T11:54:36","slug":"oporto-boeira-decanter-10-anos","status":"publish","type":"product","link":"https:\/\/pwinecastes.com\/es\/product\/oporto-boeira-decanter-10-anos\/","title":{"rendered":"Oporto Boeira Decanter 10 A\u00f1os"},"content":{"rendered":"<p>Oporto Boeira Decanter 10 A\u00f1os<\/p>\n<ul>\n<li><strong>Capacidad:<\/strong> 75 cL<\/li>\n<li><strong>Variedades de uva: <\/strong>Touriga Nacional, Touriga Franca, Tinta Roriz, Tinta Barroca y Tinto C\u00e3o<\/li>\n<li><strong>Graduaci\u00f3n alcoh\u00f3lico: <\/strong>19,5% vol.<\/li>\n<li><strong>Nota de cata: <\/strong>Color caoba con un halo ambarino. Nariz rica y elegante que combina aromas de bayas silvestres maduras con delicados y sutiles frutos secos. Notas complejas de caramelo mantecoso y madera fina.  <\/li>\n<\/ul>\n","protected":false},"excerpt":{"rendered":"<p>Oporto Boeira Decanter 10 A\u00f1os Capacidad: 75 cL Variedades de uva: Touriga Nacional, Touriga Franca, Tinta Roriz, Tinta Barroca y Tinto C\u00e3o Graduaci\u00f3n alcoh\u00f3lico: 19,5% vol. Nota de cata: Color caoba con un halo ambarino. Nariz rica y elegante que combina aromas de bayas silvestres maduras con delicados y sutiles frutos secos. Notas complejas de [&hellip;]<\/p>\n","protected":false},"featured_media":14898,"template":"","meta":{"_monsterinsights_skip_tracking":false,"_monsterinsights_sitenote_active":false,"_monsterinsights_sitenote_note":"","_monsterinsights_sitenote_category":0},"product_brand":[],"product_cat":[225,221],"product_tag":[],"class_list":{"0":"post-14908","1":"product","2":"type-product","3":"status-publish","4":"has-post-thumbnail","6":"product_cat-oporto","7":"product_cat-tipo-es-4","9":"first","10":"instock","11":"taxable","12":"shipping-taxable","13":"purchasable","14":"product-type-simple"},"aioseo_notices":[],"_links":{"self":[{"href":"https:\/\/pwinecastes.com\/es\/wp-json\/wp\/v2\/product\/14908","targetHints":{"allow":["GET"]}}],"collection":[{"href":"https:\/\/pwinecastes.com\/es\/wp-json\/wp\/v2\/product"}],"about":[{"href":"https:\/\/pwinecastes.com\/es\/wp-json\/wp\/v2\/types\/product"}],"version-history":[{"count":0,"href":"https:\/\/pwinecastes.com\/es\/wp-json\/wp\/v2\/product\/14908\/revisions"}],"wp:featuredmedia":[{"embeddable":true,"href":"https:\/\/pwinecastes.com\/es\/wp-json\/wp\/v2\/media\/14898"}],"wp:attachment":[{"href":"https:\/\/pwinecastes.com\/es\/wp-json\/wp\/v2\/media?parent=14908"}],"wp:term":[{"taxonomy":"product_brand","embeddable":true,"href":"https:\/\/pwinecastes.com\/es\/wp-json\/wp\/v2\/product_brand?post=14908"},{"taxonomy":"product_cat","embeddable":true,"href":"https:\/\/pwinecastes.com\/es\/wp-json\/wp\/v2\/product_cat?post=14908"},{"taxonomy":"product_tag","embeddable":true,"href":"https:\/\/pwinecastes.com\/es\/wp-json\/wp\/v2\/product_tag?post=14908"}],"curies":[{"name":"wp","href":"https:\/\/api.w.org\/{rel}","templated":true}]}}