{"id":14928,"date":"2024-10-28T12:00:09","date_gmt":"2024-10-28T12:00:09","guid":{"rendered":"https:\/\/pwinecastes.com\/product\/oporto-boeira-decanter-20-anos\/"},"modified":"2024-10-28T12:00:09","modified_gmt":"2024-10-28T12:00:09","slug":"oporto-boeira-decanter-20-anos","status":"publish","type":"product","link":"https:\/\/pwinecastes.com\/es\/product\/oporto-boeira-decanter-20-anos\/","title":{"rendered":"Oporto Boeira Decanter 20 A\u00f1os"},"content":{"rendered":"<p>Oporto Boeira Decanter 20 A\u00f1os<\/p>\n<ul>\n<li><strong>Capacidad:<\/strong> 75 cL<\/li>\n<li><strong>Variedades de uva:<\/strong>Touriga Nacional, Touriga Franca, Tinta Roriz, Tinta Barroca y Tinto C\u00e3o<\/li>\n<li><strong>Graduaci\u00f3n alcoh\u00f3lico: <\/strong>19,5% vol.<\/li>\n<li><strong>Nota de cata: <\/strong>Color rojo parduzco. Aromas de fruta confitada, especias y frutos secos. En boca, d\u00e1tiles confitados con notas de nueces y almendras y un final delicado.  <\/li>\n<\/ul>\n","protected":false},"excerpt":{"rendered":"<p>Oporto Boeira Decanter 20 A\u00f1os Capacidad: 75 cL Variedades de uva:Touriga Nacional, Touriga Franca, Tinta Roriz, Tinta Barroca y Tinto C\u00e3o Graduaci\u00f3n alcoh\u00f3lico: 19,5% vol. Nota de cata: Color rojo parduzco. Aromas de fruta confitada, especias y frutos secos. En boca, d\u00e1tiles confitados con notas de nueces y almendras y un final delicado.<\/p>\n","protected":false},"featured_media":14915,"template":"","meta":{"_monsterinsights_skip_tracking":false,"_monsterinsights_sitenote_active":false,"_monsterinsights_sitenote_note":"","_monsterinsights_sitenote_category":0},"product_brand":[],"product_cat":[225,221],"product_tag":[],"class_list":{"0":"post-14928","1":"product","2":"type-product","3":"status-publish","4":"has-post-thumbnail","6":"product_cat-oporto","7":"product_cat-tipo-es-4","9":"first","10":"instock","11":"taxable","12":"shipping-taxable","13":"purchasable","14":"product-type-simple"},"aioseo_notices":[],"_links":{"self":[{"href":"https:\/\/pwinecastes.com\/es\/wp-json\/wp\/v2\/product\/14928","targetHints":{"allow":["GET"]}}],"collection":[{"href":"https:\/\/pwinecastes.com\/es\/wp-json\/wp\/v2\/product"}],"about":[{"href":"https:\/\/pwinecastes.com\/es\/wp-json\/wp\/v2\/types\/product"}],"version-history":[{"count":0,"href":"https:\/\/pwinecastes.com\/es\/wp-json\/wp\/v2\/product\/14928\/revisions"}],"wp:featuredmedia":[{"embeddable":true,"href":"https:\/\/pwinecastes.com\/es\/wp-json\/wp\/v2\/media\/14915"}],"wp:attachment":[{"href":"https:\/\/pwinecastes.com\/es\/wp-json\/wp\/v2\/media?parent=14928"}],"wp:term":[{"taxonomy":"product_brand","embeddable":true,"href":"https:\/\/pwinecastes.com\/es\/wp-json\/wp\/v2\/product_brand?post=14928"},{"taxonomy":"product_cat","embeddable":true,"href":"https:\/\/pwinecastes.com\/es\/wp-json\/wp\/v2\/product_cat?post=14928"},{"taxonomy":"product_tag","embeddable":true,"href":"https:\/\/pwinecastes.com\/es\/wp-json\/wp\/v2\/product_tag?post=14928"}],"curies":[{"name":"wp","href":"https:\/\/api.w.org\/{rel}","templated":true}]}}