{"id":14965,"date":"2024-10-28T14:08:07","date_gmt":"2024-10-28T14:08:07","guid":{"rendered":"https:\/\/pwinecastes.com\/product\/puerto-diamante-blanco\/"},"modified":"2024-10-28T14:08:07","modified_gmt":"2024-10-28T14:08:07","slug":"puerto-diamante-blanco","status":"publish","type":"product","link":"https:\/\/pwinecastes.com\/es\/product\/puerto-diamante-blanco\/","title":{"rendered":"Puerto Diamante Blanco"},"content":{"rendered":"<p>Puerto Diamante Blanco<\/p>\n<ul>\n<li><strong>Capacidad:<\/strong> 75 cL<\/li>\n<li><strong>Variedades de uva:<\/strong>Touriga Nacional, Touriga Franca, Tinta Roriz, Tinta Barroca y Tinto C\u00e3o<\/li>\n<li><strong>Graduaci\u00f3n alcoh\u00f3lico: <\/strong>19,5% vol.<\/li>\n<li><strong>Nota de cata:<\/strong>Color dorado, en nariz aromas c\u00edtricos, piel de mandarina, mermelada de melocot\u00f3n, frutos secos y miel. En boca es amplio pero elegante, bien integrado y tiene un final largo. <\/li>\n<\/ul>\n","protected":false},"excerpt":{"rendered":"<p>Puerto Diamante Blanco Capacidad: 75 cL Variedades de uva:Touriga Nacional, Touriga Franca, Tinta Roriz, Tinta Barroca y Tinto C\u00e3o Graduaci\u00f3n alcoh\u00f3lico: 19,5% vol. Nota de cata:Color dorado, en nariz aromas c\u00edtricos, piel de mandarina, mermelada de melocot\u00f3n, frutos secos y miel. En boca es amplio pero elegante, bien integrado y tiene un final largo.<\/p>\n","protected":false},"featured_media":14959,"template":"","meta":{"_monsterinsights_skip_tracking":false,"_monsterinsights_sitenote_active":false,"_monsterinsights_sitenote_note":"","_monsterinsights_sitenote_category":0},"product_brand":[],"product_cat":[362,225,221],"product_tag":[],"class_list":{"0":"post-14965","1":"product","2":"type-product","3":"status-publish","4":"has-post-thumbnail","6":"product_cat-blanco-es-8","7":"product_cat-oporto","8":"product_cat-tipo-es-4","10":"first","11":"instock","12":"taxable","13":"shipping-taxable","14":"purchasable","15":"product-type-simple"},"aioseo_notices":[],"_links":{"self":[{"href":"https:\/\/pwinecastes.com\/es\/wp-json\/wp\/v2\/product\/14965","targetHints":{"allow":["GET"]}}],"collection":[{"href":"https:\/\/pwinecastes.com\/es\/wp-json\/wp\/v2\/product"}],"about":[{"href":"https:\/\/pwinecastes.com\/es\/wp-json\/wp\/v2\/types\/product"}],"version-history":[{"count":0,"href":"https:\/\/pwinecastes.com\/es\/wp-json\/wp\/v2\/product\/14965\/revisions"}],"wp:featuredmedia":[{"embeddable":true,"href":"https:\/\/pwinecastes.com\/es\/wp-json\/wp\/v2\/media\/14959"}],"wp:attachment":[{"href":"https:\/\/pwinecastes.com\/es\/wp-json\/wp\/v2\/media?parent=14965"}],"wp:term":[{"taxonomy":"product_brand","embeddable":true,"href":"https:\/\/pwinecastes.com\/es\/wp-json\/wp\/v2\/product_brand?post=14965"},{"taxonomy":"product_cat","embeddable":true,"href":"https:\/\/pwinecastes.com\/es\/wp-json\/wp\/v2\/product_cat?post=14965"},{"taxonomy":"product_tag","embeddable":true,"href":"https:\/\/pwinecastes.com\/es\/wp-json\/wp\/v2\/product_tag?post=14965"}],"curies":[{"name":"wp","href":"https:\/\/api.w.org\/{rel}","templated":true}]}}