{"id":14980,"date":"2024-10-28T14:46:03","date_gmt":"2024-10-28T14:46:03","guid":{"rendered":"https:\/\/pwinecastes.com\/product\/quinta-nova-unoaked-set-2022\/"},"modified":"2024-10-28T14:46:03","modified_gmt":"2024-10-28T14:46:03","slug":"quinta-nova-unoaked-set-2022","status":"publish","type":"product","link":"https:\/\/pwinecastes.com\/es\/product\/quinta-nova-unoaked-set-2022\/","title":{"rendered":"Quinta Nova Unoaked Set 2022"},"content":{"rendered":"<p>Quinta Nova Unoaked Set 2022<\/p>\n<ul>\n<li><strong>Regi\u00f3n: <\/strong>Douro<\/li>\n<li><strong>Capacidad:<\/strong> 75 cL<\/li>\n<li><strong>Cepas: <\/strong>Touriga Nacional, Touriga Franca, Tinta Roriz y Tinto C\u00e3o.<\/li>\n<li><strong>Graduaci\u00f3n alcoh\u00f3lica: <\/strong>14%<\/li>\n<li><strong>Nota de cata:<\/strong> color rub\u00ed y un aroma joven, exuberante y mineral, un magn\u00edfico equilibrio de fruta. Uno de los mejores ejemplos de vinos sin madera, una promesa que puede disfrutarse desde una edad temprana o permanecer en bodega y evolucionar de cinco a siete a\u00f1os. <\/li>\n<li><strong>Armonizaci\u00f3n: <\/strong>Platos de carne.<\/li>\n<li><strong>Informaci\u00f3n adicional:<\/strong> Contiene sulfitos.<\/li>\n<li>Lote de 3 botellas Quinta Nova Unoaked<\/li>\n<\/ul>\n","protected":false},"excerpt":{"rendered":"<p>Quinta Nova Unoaked Set 2022 Regi\u00f3n: Douro Capacidad: 75 cL Cepas: Touriga Nacional, Touriga Franca, Tinta Roriz y Tinto C\u00e3o. Graduaci\u00f3n alcoh\u00f3lica: 14% Nota de cata: color rub\u00ed y un aroma joven, exuberante y mineral, un magn\u00edfico equilibrio de fruta. Uno de los mejores ejemplos de vinos sin madera, una promesa que puede disfrutarse desde [&hellip;]<\/p>\n","protected":false},"featured_media":20581,"template":"","meta":{"_monsterinsights_skip_tracking":false,"_monsterinsights_sitenote_active":false,"_monsterinsights_sitenote_note":"","_monsterinsights_sitenote_category":0},"product_brand":[],"product_cat":[217,209,212,213,262,102],"product_tag":[],"class_list":{"0":"post-14980","1":"product","2":"type-product","3":"status-publish","4":"has-post-thumbnail","6":"product_cat-douro-es","7":"product_cat-pais-es-2","8":"product_cat-portugal-es-2","9":"product_cat-region-es","10":"product_cat-tinto-es-5","11":"product_cat-vinos","13":"first","14":"instock","15":"taxable","16":"shipping-taxable","17":"purchasable","18":"product-type-simple"},"aioseo_notices":[],"_links":{"self":[{"href":"https:\/\/pwinecastes.com\/es\/wp-json\/wp\/v2\/product\/14980","targetHints":{"allow":["GET"]}}],"collection":[{"href":"https:\/\/pwinecastes.com\/es\/wp-json\/wp\/v2\/product"}],"about":[{"href":"https:\/\/pwinecastes.com\/es\/wp-json\/wp\/v2\/types\/product"}],"version-history":[{"count":0,"href":"https:\/\/pwinecastes.com\/es\/wp-json\/wp\/v2\/product\/14980\/revisions"}],"wp:featuredmedia":[{"embeddable":true,"href":"https:\/\/pwinecastes.com\/es\/wp-json\/wp\/v2\/media\/20581"}],"wp:attachment":[{"href":"https:\/\/pwinecastes.com\/es\/wp-json\/wp\/v2\/media?parent=14980"}],"wp:term":[{"taxonomy":"product_brand","embeddable":true,"href":"https:\/\/pwinecastes.com\/es\/wp-json\/wp\/v2\/product_brand?post=14980"},{"taxonomy":"product_cat","embeddable":true,"href":"https:\/\/pwinecastes.com\/es\/wp-json\/wp\/v2\/product_cat?post=14980"},{"taxonomy":"product_tag","embeddable":true,"href":"https:\/\/pwinecastes.com\/es\/wp-json\/wp\/v2\/product_tag?post=14980"}],"curies":[{"name":"wp","href":"https:\/\/api.w.org\/{rel}","templated":true}]}}