{"id":15029,"date":"2024-10-28T15:31:25","date_gmt":"2024-10-28T15:31:25","guid":{"rendered":"https:\/\/pwinecastes.com\/product\/conjunto-reserva-quinta-nova-blanc-de-noir\/"},"modified":"2024-10-28T15:31:25","modified_gmt":"2024-10-28T15:31:25","slug":"conjunto-reserva-quinta-nova-blanc-de-noir","status":"publish","type":"product","link":"https:\/\/pwinecastes.com\/es\/product\/conjunto-reserva-quinta-nova-blanc-de-noir\/","title":{"rendered":"Conjunto Reserva Quinta Nova Blanc de Noir"},"content":{"rendered":"<p>Conjunto Reserva Quinta Nova Blanc de Noir<\/p>\n<ul>\n<li><strong>Regi\u00f3n: <\/strong>Douro.<\/li>\n<li><strong>Capacidad:<\/strong> 75 cL<\/li>\n<li><strong>Variedades de uva: <\/strong>Tinta Roriz.<\/li>\n<li><strong>Graduaci\u00f3n alcoh\u00f3lica: <\/strong>13,5% vol.<\/li>\n<li><strong>Nota de cata:<\/strong> Quinta Nova Blanc de Noir Reserva es un vino potente en boca, pero con delicados sabores c\u00edtricos combinados con fruta blanca de hueso que apoyan el aroma complejo y vibrante. Destaca la firmeza que le confiere su origen en uvas tintas, con una gravedad que se funde con un cuerpo compacto, fresco y tenso, y un final muy preciso.<\/li>\n<li><strong>Informaci\u00f3n adicional:<\/strong> Contiene sulfitos.<\/li>\n<li>Lote de 2 botellas Quinta Nova Blanc de Noir Reserva.<\/li>\n<\/ul>\n","protected":false},"excerpt":{"rendered":"<p>Conjunto Reserva Quinta Nova Blanc de Noir Regi\u00f3n: Douro. Capacidad: 75 cL Variedades de uva: Tinta Roriz. Graduaci\u00f3n alcoh\u00f3lica: 13,5% vol. Nota de cata: Quinta Nova Blanc de Noir Reserva es un vino potente en boca, pero con delicados sabores c\u00edtricos combinados con fruta blanca de hueso que apoyan el aroma complejo y vibrante. Destaca [&hellip;]<\/p>\n","protected":false},"featured_media":15067,"template":"","meta":{"_monsterinsights_skip_tracking":false,"_monsterinsights_sitenote_active":false,"_monsterinsights_sitenote_note":"","_monsterinsights_sitenote_category":0},"product_brand":[],"product_cat":[261,217,209,212,213,102],"product_tag":[],"class_list":{"0":"post-15029","1":"product","2":"type-product","3":"status-publish","4":"has-post-thumbnail","6":"product_cat-blanco-es-4","7":"product_cat-douro-es","8":"product_cat-pais-es-2","9":"product_cat-portugal-es-2","10":"product_cat-region-es","11":"product_cat-vinos","13":"first","14":"instock","15":"taxable","16":"shipping-taxable","17":"purchasable","18":"product-type-simple"},"aioseo_notices":[],"_links":{"self":[{"href":"https:\/\/pwinecastes.com\/es\/wp-json\/wp\/v2\/product\/15029","targetHints":{"allow":["GET"]}}],"collection":[{"href":"https:\/\/pwinecastes.com\/es\/wp-json\/wp\/v2\/product"}],"about":[{"href":"https:\/\/pwinecastes.com\/es\/wp-json\/wp\/v2\/types\/product"}],"version-history":[{"count":0,"href":"https:\/\/pwinecastes.com\/es\/wp-json\/wp\/v2\/product\/15029\/revisions"}],"wp:featuredmedia":[{"embeddable":true,"href":"https:\/\/pwinecastes.com\/es\/wp-json\/wp\/v2\/media\/15067"}],"wp:attachment":[{"href":"https:\/\/pwinecastes.com\/es\/wp-json\/wp\/v2\/media?parent=15029"}],"wp:term":[{"taxonomy":"product_brand","embeddable":true,"href":"https:\/\/pwinecastes.com\/es\/wp-json\/wp\/v2\/product_brand?post=15029"},{"taxonomy":"product_cat","embeddable":true,"href":"https:\/\/pwinecastes.com\/es\/wp-json\/wp\/v2\/product_cat?post=15029"},{"taxonomy":"product_tag","embeddable":true,"href":"https:\/\/pwinecastes.com\/es\/wp-json\/wp\/v2\/product_tag?post=15029"}],"curies":[{"name":"wp","href":"https:\/\/api.w.org\/{rel}","templated":true}]}}