{"id":15053,"date":"2024-10-28T15:58:13","date_gmt":"2024-10-28T15:58:13","guid":{"rendered":"https:\/\/pwinecastes.com\/product\/conjunto-rojo-reserva-herdade-do-sobroso\/"},"modified":"2024-10-28T15:58:13","modified_gmt":"2024-10-28T15:58:13","slug":"conjunto-rojo-reserva-herdade-do-sobroso","status":"publish","type":"product","link":"https:\/\/pwinecastes.com\/es\/product\/conjunto-rojo-reserva-herdade-do-sobroso\/","title":{"rendered":"Conjunto Rojo Reserva Herdade Do Sobroso"},"content":{"rendered":"<p>Conjunto Rojo Reserva Herdade Do Sobroso<\/p>\n<ul>\n<li><strong>Regi\u00f3n: <\/strong>Alentejo<\/li>\n<li><strong>Capacidad:<\/strong> 75 cL<\/li>\n<li><strong>Variedades de uva:<\/strong> Aragonez, Trincadeira, Alicante Bouschet, Alfrocheiro<\/li>\n<li><strong>Graduaci\u00f3n alcoh\u00f3lica: <\/strong>14%<\/li>\n<li><strong>Nota de cata: <\/strong>Aroma de frutos rojos maduros, mermelada y chocolate en un final largo e intenso. Color granate profundo y concentrado. <\/li>\n<li><strong>Informaci\u00f3n adicional:<\/strong> Contiene sulfitos<\/li>\n<li>Lote de 3 botellas de Herdade Do Sobroso Reserva Tinto.<\/li>\n<\/ul>\n","protected":false},"excerpt":{"rendered":"<p>Conjunto Rojo Reserva Herdade Do Sobroso Regi\u00f3n: Alentejo Capacidad: 75 cL Variedades de uva: Aragonez, Trincadeira, Alicante Bouschet, Alfrocheiro Graduaci\u00f3n alcoh\u00f3lica: 14% Nota de cata: Aroma de frutos rojos maduros, mermelada y chocolate en un final largo e intenso. Color granate profundo y concentrado. Informaci\u00f3n adicional: Contiene sulfitos Lote de 3 botellas de Herdade Do [&hellip;]<\/p>\n","protected":false},"featured_media":15077,"template":"","meta":{"_monsterinsights_skip_tracking":false,"_monsterinsights_sitenote_active":false,"_monsterinsights_sitenote_note":"","_monsterinsights_sitenote_category":0},"product_brand":[],"product_cat":[214,209,212,213,233,102],"product_tag":[],"class_list":{"0":"post-15053","1":"product","2":"type-product","3":"status-publish","4":"has-post-thumbnail","6":"product_cat-alentejo-es","7":"product_cat-pais-es-2","8":"product_cat-portugal-es-2","9":"product_cat-region-es","10":"product_cat-tinto-es-2","11":"product_cat-vinos","13":"first","14":"instock","15":"taxable","16":"shipping-taxable","17":"purchasable","18":"product-type-simple"},"aioseo_notices":[],"_links":{"self":[{"href":"https:\/\/pwinecastes.com\/es\/wp-json\/wp\/v2\/product\/15053","targetHints":{"allow":["GET"]}}],"collection":[{"href":"https:\/\/pwinecastes.com\/es\/wp-json\/wp\/v2\/product"}],"about":[{"href":"https:\/\/pwinecastes.com\/es\/wp-json\/wp\/v2\/types\/product"}],"version-history":[{"count":0,"href":"https:\/\/pwinecastes.com\/es\/wp-json\/wp\/v2\/product\/15053\/revisions"}],"wp:featuredmedia":[{"embeddable":true,"href":"https:\/\/pwinecastes.com\/es\/wp-json\/wp\/v2\/media\/15077"}],"wp:attachment":[{"href":"https:\/\/pwinecastes.com\/es\/wp-json\/wp\/v2\/media?parent=15053"}],"wp:term":[{"taxonomy":"product_brand","embeddable":true,"href":"https:\/\/pwinecastes.com\/es\/wp-json\/wp\/v2\/product_brand?post=15053"},{"taxonomy":"product_cat","embeddable":true,"href":"https:\/\/pwinecastes.com\/es\/wp-json\/wp\/v2\/product_cat?post=15053"},{"taxonomy":"product_tag","embeddable":true,"href":"https:\/\/pwinecastes.com\/es\/wp-json\/wp\/v2\/product_tag?post=15053"}],"curies":[{"name":"wp","href":"https:\/\/api.w.org\/{rel}","templated":true}]}}