{"id":15111,"date":"2024-10-28T16:58:03","date_gmt":"2024-10-28T16:58:03","guid":{"rendered":"https:\/\/pwinecastes.com\/product\/taboadella-villae-rojo-magnum\/"},"modified":"2024-10-28T16:58:03","modified_gmt":"2024-10-28T16:58:03","slug":"taboadella-villae-rojo-magnum","status":"publish","type":"product","link":"https:\/\/pwinecastes.com\/es\/product\/taboadella-villae-rojo-magnum\/","title":{"rendered":"Taboadella Villae Rojo Magnum"},"content":{"rendered":"<p>Taboadella Villae Rojo Magnum<\/p>\n<ul>\n<li><strong>Regi\u00f3n: <\/strong>D\u00e3o.<\/li>\n<li><strong>Capacidad:<\/strong> 1,5 litros<\/li>\n<li><strong>Variedades de uva: <\/strong>Tinta Roriz, Ja\u00e9n, Alfrocheiro y Tinta Pinheira.<\/li>\n<li><strong>Graduaci\u00f3n alcoh\u00f3lica: <\/strong>13,5% vol.<\/li>\n<li><strong>Nota de cata: <\/strong>La tinta roriz aporta estructura y m\u00fasculo, la jienense resalta su agarre natural, el alfrocheiro aporta mineralidad y la tinta pinheira muestra aromas de bosque y arbolado.<\/li>\n<li><strong>Informaci\u00f3n adicional:<\/strong> Contiene sulfitos.<\/li>\n<\/ul>\n","protected":false},"excerpt":{"rendered":"<p>Taboadella Villae Rojo Magnum Regi\u00f3n: D\u00e3o. Capacidad: 1,5 litros Variedades de uva: Tinta Roriz, Ja\u00e9n, Alfrocheiro y Tinta Pinheira. Graduaci\u00f3n alcoh\u00f3lica: 13,5% vol. Nota de cata: La tinta roriz aporta estructura y m\u00fasculo, la jienense resalta su agarre natural, el alfrocheiro aporta mineralidad y la tinta pinheira muestra aromas de bosque y arbolado. Informaci\u00f3n adicional: [&hellip;]<\/p>\n","protected":false},"featured_media":15198,"template":"","meta":{"_monsterinsights_skip_tracking":false,"_monsterinsights_sitenote_active":false,"_monsterinsights_sitenote_note":"","_monsterinsights_sitenote_category":0},"product_brand":[],"product_cat":[216,209,212,213,249,102],"product_tag":[],"class_list":{"0":"post-15111","1":"product","2":"type-product","3":"status-publish","4":"has-post-thumbnail","6":"product_cat-dao-es","7":"product_cat-pais-es-2","8":"product_cat-portugal-es-2","9":"product_cat-region-es","10":"product_cat-tinto-es-4","11":"product_cat-vinos","13":"first","14":"instock","15":"taxable","16":"shipping-taxable","17":"purchasable","18":"product-type-simple"},"aioseo_notices":[],"_links":{"self":[{"href":"https:\/\/pwinecastes.com\/es\/wp-json\/wp\/v2\/product\/15111","targetHints":{"allow":["GET"]}}],"collection":[{"href":"https:\/\/pwinecastes.com\/es\/wp-json\/wp\/v2\/product"}],"about":[{"href":"https:\/\/pwinecastes.com\/es\/wp-json\/wp\/v2\/types\/product"}],"version-history":[{"count":0,"href":"https:\/\/pwinecastes.com\/es\/wp-json\/wp\/v2\/product\/15111\/revisions"}],"wp:featuredmedia":[{"embeddable":true,"href":"https:\/\/pwinecastes.com\/es\/wp-json\/wp\/v2\/media\/15198"}],"wp:attachment":[{"href":"https:\/\/pwinecastes.com\/es\/wp-json\/wp\/v2\/media?parent=15111"}],"wp:term":[{"taxonomy":"product_brand","embeddable":true,"href":"https:\/\/pwinecastes.com\/es\/wp-json\/wp\/v2\/product_brand?post=15111"},{"taxonomy":"product_cat","embeddable":true,"href":"https:\/\/pwinecastes.com\/es\/wp-json\/wp\/v2\/product_cat?post=15111"},{"taxonomy":"product_tag","embeddable":true,"href":"https:\/\/pwinecastes.com\/es\/wp-json\/wp\/v2\/product_tag?post=15111"}],"curies":[{"name":"wp","href":"https:\/\/api.w.org\/{rel}","templated":true}]}}