{"id":15117,"date":"2024-10-28T17:33:41","date_gmt":"2024-10-28T17:33:41","guid":{"rendered":"https:\/\/pwinecastes.com\/product\/grainha-reserva-tinto-magnum\/"},"modified":"2024-10-28T17:33:41","modified_gmt":"2024-10-28T17:33:41","slug":"grainha-reserva-tinto-magnum","status":"publish","type":"product","link":"https:\/\/pwinecastes.com\/es\/product\/grainha-reserva-tinto-magnum\/","title":{"rendered":"Grainha Reserva Tinto Magnum"},"content":{"rendered":"<p>Grainha Reserva Tinto Magnum<\/p>\n<ul>\n<li><strong>Regi\u00f3n:<\/strong> Douro<\/li>\n<li><strong>Capacidad:<\/strong> 1,5 litros<\/li>\n<li><strong>Variedades de uva:<\/strong> Touriga Franca, Tinta Roriz, Tinto C\u00e3o, Tinta Barroca, Touriga Nacional<\/li>\n<li><strong>Graduaci\u00f3n alcoh\u00f3lica: <\/strong>14% vol.<\/li>\n<li><strong>Nota de cata <\/strong>: Seductor y muy complejo desde el principio, pone de manifiesto la dimensi\u00f3n del Duero en cada gota, inund\u00e1ndote con una generosa mezcla de aromas afrutados, densos y especiados, con una textura sedosa, taninos finos y una estructura firme, con la gravedad justa. Termina equilibrado, largo y con gran precisi\u00f3n. Envejecimiento: 14 meses en barricas de roble franc\u00e9s (70% usadas y 30% nuevas) y roble h\u00fangaro (100% usadas).  <\/li>\n<li><strong>Maridaje:<\/strong> Ideal con carnes rojas, quesos curados y platos intensos, este vino es perfecto para ocasiones que requieren sofisticaci\u00f3n y profundidad.<\/li>\n<li><strong>Informaci\u00f3n adicional:<\/strong> Contiene sulfitos.<\/li>\n<\/ul>\n","protected":false},"excerpt":{"rendered":"<p>Grainha Reserva Tinto Magnum Regi\u00f3n: Douro Capacidad: 1,5 litros Variedades de uva: Touriga Franca, Tinta Roriz, Tinto C\u00e3o, Tinta Barroca, Touriga Nacional Graduaci\u00f3n alcoh\u00f3lica: 14% vol. Nota de cata : Seductor y muy complejo desde el principio, pone de manifiesto la dimensi\u00f3n del Duero en cada gota, inund\u00e1ndote con una generosa mezcla de aromas afrutados, [&hellip;]<\/p>\n","protected":false},"featured_media":15192,"template":"","meta":{"_monsterinsights_skip_tracking":false,"_monsterinsights_sitenote_active":false,"_monsterinsights_sitenote_note":"","_monsterinsights_sitenote_category":0},"product_brand":[],"product_cat":[217,209,212,213,262,102],"product_tag":[],"class_list":{"0":"post-15117","1":"product","2":"type-product","3":"status-publish","4":"has-post-thumbnail","6":"product_cat-douro-es","7":"product_cat-pais-es-2","8":"product_cat-portugal-es-2","9":"product_cat-region-es","10":"product_cat-tinto-es-5","11":"product_cat-vinos","13":"first","14":"instock","15":"taxable","16":"shipping-taxable","17":"purchasable","18":"product-type-simple"},"aioseo_notices":[],"_links":{"self":[{"href":"https:\/\/pwinecastes.com\/es\/wp-json\/wp\/v2\/product\/15117","targetHints":{"allow":["GET"]}}],"collection":[{"href":"https:\/\/pwinecastes.com\/es\/wp-json\/wp\/v2\/product"}],"about":[{"href":"https:\/\/pwinecastes.com\/es\/wp-json\/wp\/v2\/types\/product"}],"version-history":[{"count":0,"href":"https:\/\/pwinecastes.com\/es\/wp-json\/wp\/v2\/product\/15117\/revisions"}],"wp:featuredmedia":[{"embeddable":true,"href":"https:\/\/pwinecastes.com\/es\/wp-json\/wp\/v2\/media\/15192"}],"wp:attachment":[{"href":"https:\/\/pwinecastes.com\/es\/wp-json\/wp\/v2\/media?parent=15117"}],"wp:term":[{"taxonomy":"product_brand","embeddable":true,"href":"https:\/\/pwinecastes.com\/es\/wp-json\/wp\/v2\/product_brand?post=15117"},{"taxonomy":"product_cat","embeddable":true,"href":"https:\/\/pwinecastes.com\/es\/wp-json\/wp\/v2\/product_cat?post=15117"},{"taxonomy":"product_tag","embeddable":true,"href":"https:\/\/pwinecastes.com\/es\/wp-json\/wp\/v2\/product_tag?post=15117"}],"curies":[{"name":"wp","href":"https:\/\/api.w.org\/{rel}","templated":true}]}}