{"id":15132,"date":"2024-10-28T17:57:01","date_gmt":"2024-10-28T17:57:01","guid":{"rendered":"https:\/\/pwinecastes.com\/product\/herdade-do-sobroso-arche-rojo\/"},"modified":"2024-10-28T17:57:01","modified_gmt":"2024-10-28T17:57:01","slug":"herdade-do-sobroso-arche-rojo","status":"publish","type":"product","link":"https:\/\/pwinecastes.com\/es\/product\/herdade-do-sobroso-arche-rojo\/","title":{"rendered":"Herdade do Sobroso Arch\u00e9 Rojo"},"content":{"rendered":"<p>Herdade do Sobroso Arch\u00e9 Rojo Con Caja<\/p>\n<ul>\n<li><strong>Regi\u00f3n: <\/strong>Alentejo<\/li>\n<li><strong>Capacidad:<\/strong> 75 cL<\/li>\n<li><strong>Variedades:<\/strong> Cabernet Sauvignon, Alicante Bouschet, Syrah, Touriga Nacional<\/li>\n<li><strong>Grado alcoh\u00f3lico: <\/strong>14%Vol.<\/li>\n<li><strong>Nota de cata: <\/strong>Aroma mentolado, con confitura de frutas del bosque. Sabor equilibrado y elegante, con taninos aterciopelados y un final intenso y persistente. <\/li>\n<li><strong>Informaci\u00f3n adicional:<\/strong> Contiene sulfitos. Herdade do Sobroso Arche Tinto 2021 envejeci\u00f3 12 meses en barricas nuevas de roble franc\u00e9s de 500 litros, seguidos de 12 meses en botella.<\/li>\n<\/ul>\n","protected":false},"excerpt":{"rendered":"<p>Herdade do Sobroso Arch\u00e9 Rojo Con Caja Regi\u00f3n: Alentejo Capacidad: 75 cL Variedades: Cabernet Sauvignon, Alicante Bouschet, Syrah, Touriga Nacional Grado alcoh\u00f3lico: 14%Vol. Nota de cata: Aroma mentolado, con confitura de frutas del bosque. Sabor equilibrado y elegante, con taninos aterciopelados y un final intenso y persistente. Informaci\u00f3n adicional: Contiene sulfitos. Herdade do Sobroso Arche [&hellip;]<\/p>\n","protected":false},"featured_media":15151,"template":"","meta":{"_monsterinsights_skip_tracking":false,"_monsterinsights_sitenote_active":false,"_monsterinsights_sitenote_note":"","_monsterinsights_sitenote_category":0},"product_brand":[],"product_cat":[214,209,212,213,233,102],"product_tag":[],"class_list":{"0":"post-15132","1":"product","2":"type-product","3":"status-publish","4":"has-post-thumbnail","6":"product_cat-alentejo-es","7":"product_cat-pais-es-2","8":"product_cat-portugal-es-2","9":"product_cat-region-es","10":"product_cat-tinto-es-2","11":"product_cat-vinos","13":"first","14":"instock","15":"taxable","16":"shipping-taxable","17":"purchasable","18":"product-type-simple"},"aioseo_notices":[],"_links":{"self":[{"href":"https:\/\/pwinecastes.com\/es\/wp-json\/wp\/v2\/product\/15132","targetHints":{"allow":["GET"]}}],"collection":[{"href":"https:\/\/pwinecastes.com\/es\/wp-json\/wp\/v2\/product"}],"about":[{"href":"https:\/\/pwinecastes.com\/es\/wp-json\/wp\/v2\/types\/product"}],"version-history":[{"count":0,"href":"https:\/\/pwinecastes.com\/es\/wp-json\/wp\/v2\/product\/15132\/revisions"}],"wp:featuredmedia":[{"embeddable":true,"href":"https:\/\/pwinecastes.com\/es\/wp-json\/wp\/v2\/media\/15151"}],"wp:attachment":[{"href":"https:\/\/pwinecastes.com\/es\/wp-json\/wp\/v2\/media?parent=15132"}],"wp:term":[{"taxonomy":"product_brand","embeddable":true,"href":"https:\/\/pwinecastes.com\/es\/wp-json\/wp\/v2\/product_brand?post=15132"},{"taxonomy":"product_cat","embeddable":true,"href":"https:\/\/pwinecastes.com\/es\/wp-json\/wp\/v2\/product_cat?post=15132"},{"taxonomy":"product_tag","embeddable":true,"href":"https:\/\/pwinecastes.com\/es\/wp-json\/wp\/v2\/product_tag?post=15132"}],"curies":[{"name":"wp","href":"https:\/\/api.w.org\/{rel}","templated":true}]}}