{"id":15189,"date":"2024-10-29T10:33:59","date_gmt":"2024-10-29T10:33:59","guid":{"rendered":"https:\/\/pwinecastes.com\/product\/champan-veuve-clicquot-brut\/"},"modified":"2024-10-29T11:27:43","modified_gmt":"2024-10-29T11:27:43","slug":"champan-veuve-clicquot-brut","status":"publish","type":"product","link":"https:\/\/pwinecastes.com\/es\/product\/champan-veuve-clicquot-brut\/","title":{"rendered":"Champ\u00e1n Veuve Clicquot Brut"},"content":{"rendered":"<p>Champ\u00e1n Veuve Clicquot Brut<\/p>\n<ul>\n<li><strong>Regi\u00f3n: <\/strong>Champa\u00f1a, Francia<\/li>\n<li><strong>Capacidad:<\/strong> 75 cL<\/li>\n<li><strong>Graduaci\u00f3n alcoh\u00f3lica: <\/strong>12% vol.<\/li>\n<li><strong>Variedades de uva: <\/strong>Pinot Noir, Meunier, Chardonnay<\/li>\n<li><strong>Nota de cata: <\/strong>Un bonito color, reflejos amarillo dorado, burbujas finas. Potente y agradable nariz afrutada, primero (frutas blancas, casta\u00f1as), y finalmente, fragante pan dulce avainillado. <\/li>\n<li><strong>Informaci\u00f3n adicional:<\/strong> Contiene sulfitos.<\/li>\n<\/ul>\n","protected":false},"excerpt":{"rendered":"<p>Champ\u00e1n Veuve Clicquot Brut Regi\u00f3n: Champa\u00f1a, Francia Capacidad: 75 cL Graduaci\u00f3n alcoh\u00f3lica: 12% vol. Variedades de uva: Pinot Noir, Meunier, Chardonnay Nota de cata: Un bonito color, reflejos amarillo dorado, burbujas finas. Potente y agradable nariz afrutada, primero (frutas blancas, casta\u00f1as), y finalmente, fragante pan dulce avainillado. Informaci\u00f3n adicional: Contiene sulfitos.<\/p>\n","protected":false},"featured_media":15222,"template":"","meta":{"_monsterinsights_skip_tracking":false,"_monsterinsights_sitenote_active":false,"_monsterinsights_sitenote_note":"","_monsterinsights_sitenote_category":0},"product_brand":[],"product_cat":[182,185],"product_tag":[],"class_list":{"0":"post-15189","1":"product","2":"type-product","3":"status-publish","4":"has-post-thumbnail","6":"product_cat-champagne-espumoso","7":"product_cat-francia","9":"first","10":"instock","11":"taxable","12":"shipping-taxable","13":"purchasable","14":"product-type-simple"},"aioseo_notices":[],"_links":{"self":[{"href":"https:\/\/pwinecastes.com\/es\/wp-json\/wp\/v2\/product\/15189","targetHints":{"allow":["GET"]}}],"collection":[{"href":"https:\/\/pwinecastes.com\/es\/wp-json\/wp\/v2\/product"}],"about":[{"href":"https:\/\/pwinecastes.com\/es\/wp-json\/wp\/v2\/types\/product"}],"version-history":[{"count":0,"href":"https:\/\/pwinecastes.com\/es\/wp-json\/wp\/v2\/product\/15189\/revisions"}],"wp:featuredmedia":[{"embeddable":true,"href":"https:\/\/pwinecastes.com\/es\/wp-json\/wp\/v2\/media\/15222"}],"wp:attachment":[{"href":"https:\/\/pwinecastes.com\/es\/wp-json\/wp\/v2\/media?parent=15189"}],"wp:term":[{"taxonomy":"product_brand","embeddable":true,"href":"https:\/\/pwinecastes.com\/es\/wp-json\/wp\/v2\/product_brand?post=15189"},{"taxonomy":"product_cat","embeddable":true,"href":"https:\/\/pwinecastes.com\/es\/wp-json\/wp\/v2\/product_cat?post=15189"},{"taxonomy":"product_tag","embeddable":true,"href":"https:\/\/pwinecastes.com\/es\/wp-json\/wp\/v2\/product_tag?post=15189"}],"curies":[{"name":"wp","href":"https:\/\/api.w.org\/{rel}","templated":true}]}}