{"id":15218,"date":"2024-10-29T11:39:48","date_gmt":"2024-10-29T11:39:48","guid":{"rendered":"https:\/\/pwinecastes.com\/product\/champan-veuve-clicquot-brut-caja-de-hielo\/"},"modified":"2024-10-29T11:39:48","modified_gmt":"2024-10-29T11:39:48","slug":"champan-veuve-clicquot-brut-caja-de-hielo","status":"publish","type":"product","link":"https:\/\/pwinecastes.com\/es\/product\/champan-veuve-clicquot-brut-caja-de-hielo\/","title":{"rendered":"Champ\u00e1n Veuve Clicquot Brut Caja de hielo"},"content":{"rendered":"<p>Champ\u00e1n Veuve Clicquot Brut Caja de hielo<\/p>\n<ul>\n<li><strong>Regi\u00f3n: <\/strong>Champa\u00f1a, Francia<\/li>\n<li><strong>Capacidad:<\/strong> 75 cL<\/li>\n<li><strong>Graduaci\u00f3n alcoh\u00f3lica: <\/strong>12% vol.<\/li>\n<li><strong>Variedades de uva: <\/strong>Pinot Noir, Meunier, Chardonnay<\/li>\n<li><strong>Nota de cata: <\/strong>Un bonito color, reflejos amarillo dorado, burbujas finas. Potente y agradable nariz afrutada, primero (frutas blancas, casta\u00f1as), y finalmente, fragante pan dulce avainillado. <\/li>\n<li><strong>Informaci\u00f3n adicional:<\/strong> Contiene sulfitos.<\/li>\n<\/ul>\n","protected":false},"excerpt":{"rendered":"<p>Champ\u00e1n Veuve Clicquot Brut Caja de hielo Regi\u00f3n: Champa\u00f1a, Francia Capacidad: 75 cL Graduaci\u00f3n alcoh\u00f3lica: 12% vol. Variedades de uva: Pinot Noir, Meunier, Chardonnay Nota de cata: Un bonito color, reflejos amarillo dorado, burbujas finas. Potente y agradable nariz afrutada, primero (frutas blancas, casta\u00f1as), y finalmente, fragante pan dulce avainillado. Informaci\u00f3n adicional: Contiene sulfitos.<\/p>\n","protected":false},"featured_media":0,"template":"","meta":{"_monsterinsights_skip_tracking":false,"_monsterinsights_sitenote_active":false,"_monsterinsights_sitenote_note":"","_monsterinsights_sitenote_category":0},"product_brand":[],"product_cat":[182,185],"product_tag":[],"class_list":{"0":"post-15218","1":"product","2":"type-product","3":"status-publish","5":"product_cat-champagne-espumoso","6":"product_cat-francia","8":"first","9":"outofstock","10":"taxable","11":"shipping-taxable","12":"purchasable","13":"product-type-simple"},"aioseo_notices":[],"_links":{"self":[{"href":"https:\/\/pwinecastes.com\/es\/wp-json\/wp\/v2\/product\/15218","targetHints":{"allow":["GET"]}}],"collection":[{"href":"https:\/\/pwinecastes.com\/es\/wp-json\/wp\/v2\/product"}],"about":[{"href":"https:\/\/pwinecastes.com\/es\/wp-json\/wp\/v2\/types\/product"}],"version-history":[{"count":0,"href":"https:\/\/pwinecastes.com\/es\/wp-json\/wp\/v2\/product\/15218\/revisions"}],"wp:attachment":[{"href":"https:\/\/pwinecastes.com\/es\/wp-json\/wp\/v2\/media?parent=15218"}],"wp:term":[{"taxonomy":"product_brand","embeddable":true,"href":"https:\/\/pwinecastes.com\/es\/wp-json\/wp\/v2\/product_brand?post=15218"},{"taxonomy":"product_cat","embeddable":true,"href":"https:\/\/pwinecastes.com\/es\/wp-json\/wp\/v2\/product_cat?post=15218"},{"taxonomy":"product_tag","embeddable":true,"href":"https:\/\/pwinecastes.com\/es\/wp-json\/wp\/v2\/product_tag?post=15218"}],"curies":[{"name":"wp","href":"https:\/\/api.w.org\/{rel}","templated":true}]}}