{"id":15240,"date":"2024-10-29T17:33:58","date_gmt":"2024-10-29T17:33:58","guid":{"rendered":"https:\/\/pwinecastes.com\/product\/quinta-do-crasto-tinto-superior-magnum\/"},"modified":"2024-10-29T17:33:58","modified_gmt":"2024-10-29T17:33:58","slug":"quinta-do-crasto-tinto-superior-magnum","status":"publish","type":"product","link":"https:\/\/pwinecastes.com\/es\/product\/quinta-do-crasto-tinto-superior-magnum\/","title":{"rendered":"Quinta do Crasto Tinto Superior Magnum"},"content":{"rendered":"<p>Quinta do Crasto Tinto Superior Magnum<\/p>\n<ul>\n<li><strong>Regi\u00f3n: <\/strong>Douro<\/li>\n<li><strong>Capacidad:<\/strong> 1,5 litros<\/li>\n<li><strong>Variedades de uva: <\/strong>Touriga Nacional, Touriga Franca, Tinta Roriz, Souz\u00e3o.<\/li>\n<li><strong>Grado alcoh\u00f3lico: <\/strong>14%Vol.<\/li>\n<li><strong>Nota de cata<\/strong>: Buena sensaci\u00f3n de frescor arom\u00e1tico, con notas de excelente complejidad que recuerdan a las bayas del Duero, la jara y el cacao. Ataque fresco, que evoluciona con gran armon\u00eda hacia un volumen compacto, formado por taninos maduros y firmes. Color violeta intenso.  <\/li>\n<li><strong>Informaci\u00f3n adicional:<\/strong> Contiene sulfitos. El Crasto Superior Tinto envejeci\u00f3 en barricas de roble franc\u00e9s durante unos 12 meses.<\/li>\n<\/ul>\n","protected":false},"excerpt":{"rendered":"<p>Quinta do Crasto Tinto Superior Magnum Regi\u00f3n: Douro Capacidad: 1,5 litros Variedades de uva: Touriga Nacional, Touriga Franca, Tinta Roriz, Souz\u00e3o. Grado alcoh\u00f3lico: 14%Vol. Nota de cata: Buena sensaci\u00f3n de frescor arom\u00e1tico, con notas de excelente complejidad que recuerdan a las bayas del Duero, la jara y el cacao. Ataque fresco, que evoluciona con gran [&hellip;]<\/p>\n","protected":false},"featured_media":15277,"template":"","meta":{"_monsterinsights_skip_tracking":false,"_monsterinsights_sitenote_active":false,"_monsterinsights_sitenote_note":"","_monsterinsights_sitenote_category":0},"product_brand":[],"product_cat":[217,209,212,213,262,102],"product_tag":[],"class_list":{"0":"post-15240","1":"product","2":"type-product","3":"status-publish","4":"has-post-thumbnail","6":"product_cat-douro-es","7":"product_cat-pais-es-2","8":"product_cat-portugal-es-2","9":"product_cat-region-es","10":"product_cat-tinto-es-5","11":"product_cat-vinos","13":"first","14":"instock","15":"taxable","16":"shipping-taxable","17":"purchasable","18":"product-type-simple"},"aioseo_notices":[],"_links":{"self":[{"href":"https:\/\/pwinecastes.com\/es\/wp-json\/wp\/v2\/product\/15240","targetHints":{"allow":["GET"]}}],"collection":[{"href":"https:\/\/pwinecastes.com\/es\/wp-json\/wp\/v2\/product"}],"about":[{"href":"https:\/\/pwinecastes.com\/es\/wp-json\/wp\/v2\/types\/product"}],"version-history":[{"count":0,"href":"https:\/\/pwinecastes.com\/es\/wp-json\/wp\/v2\/product\/15240\/revisions"}],"wp:featuredmedia":[{"embeddable":true,"href":"https:\/\/pwinecastes.com\/es\/wp-json\/wp\/v2\/media\/15277"}],"wp:attachment":[{"href":"https:\/\/pwinecastes.com\/es\/wp-json\/wp\/v2\/media?parent=15240"}],"wp:term":[{"taxonomy":"product_brand","embeddable":true,"href":"https:\/\/pwinecastes.com\/es\/wp-json\/wp\/v2\/product_brand?post=15240"},{"taxonomy":"product_cat","embeddable":true,"href":"https:\/\/pwinecastes.com\/es\/wp-json\/wp\/v2\/product_cat?post=15240"},{"taxonomy":"product_tag","embeddable":true,"href":"https:\/\/pwinecastes.com\/es\/wp-json\/wp\/v2\/product_tag?post=15240"}],"curies":[{"name":"wp","href":"https:\/\/api.w.org\/{rel}","templated":true}]}}