{"id":15461,"date":"2024-11-30T11:18:24","date_gmt":"2024-11-30T11:18:24","guid":{"rendered":"https:\/\/pwinecastes.com\/product\/piano-vinhas-velhas-premium\/"},"modified":"2024-11-30T11:18:24","modified_gmt":"2024-11-30T11:18:24","slug":"piano-vinhas-velhas-premium","status":"publish","type":"product","link":"https:\/\/pwinecastes.com\/es\/product\/piano-vinhas-velhas-premium\/","title":{"rendered":"Piano Vinhas Velhas Premium"},"content":{"rendered":"<h3 class=\"page-title\">Piano Vinhas Velhas Premium<\/h3>\n<ul>\n<li><strong>Regi\u00f3n: <\/strong>Douro.<\/li>\n<li><strong>Capacidad:<\/strong> 75 cL<\/li>\n<li><strong>Cepas: <\/strong>Vinhas Velhas.<\/li>\n<li><strong>Graduaci\u00f3n alcoh\u00f3lica: <\/strong>15,5% Vol.<\/li>\n<li><strong>Nota de cata:<\/strong> Piano Vinhas Velhas Premium es un vino de color rub\u00ed opaco. Se caracteriza por un aroma de excelente complejidad. En boca tiene una enorme complejidad y concentraci\u00f3n, caracter\u00edsticas de la baja productividad de las vi\u00f1as viejas, todo ello bien conjuntado con una madera de gran calidad pero discreta, resultado de 24 meses en barricas nuevas de roble franc\u00e9s de 500 litros. Dotado de gran personalidad, armon\u00eda y mineralidad, termina con un final largo, complejo y elegante.   <\/li>\n<li><strong>Informaci\u00f3n adicional:<\/strong> Contiene sulfitos.<\/li>\n<\/ul>\n","protected":false},"excerpt":{"rendered":"<p>Piano Vinhas Velhas Premium Regi\u00f3n: Douro. Capacidad: 75 cL Cepas: Vinhas Velhas. Graduaci\u00f3n alcoh\u00f3lica: 15,5% Vol. Nota de cata: Piano Vinhas Velhas Premium es un vino de color rub\u00ed opaco. Se caracteriza por un aroma de excelente complejidad. En boca tiene una enorme complejidad y concentraci\u00f3n, caracter\u00edsticas de la baja productividad de las vi\u00f1as viejas, [&hellip;]<\/p>\n","protected":false},"featured_media":15456,"template":"","meta":{"_monsterinsights_skip_tracking":false,"_monsterinsights_sitenote_active":false,"_monsterinsights_sitenote_note":"","_monsterinsights_sitenote_category":0},"product_brand":[],"product_cat":[217,308,212,262,376,102],"product_tag":[],"class_list":{"0":"post-15461","1":"product","2":"type-product","3":"status-publish","4":"has-post-thumbnail","6":"product_cat-douro-es","7":"product_cat-douro-es-2","8":"product_cat-portugal-es-2","9":"product_cat-tinto-es-5","10":"product_cat-tras-os-montes-es","11":"product_cat-vinos","13":"first","14":"instock","15":"taxable","16":"shipping-taxable","17":"purchasable","18":"product-type-simple"},"aioseo_notices":[],"_links":{"self":[{"href":"https:\/\/pwinecastes.com\/es\/wp-json\/wp\/v2\/product\/15461","targetHints":{"allow":["GET"]}}],"collection":[{"href":"https:\/\/pwinecastes.com\/es\/wp-json\/wp\/v2\/product"}],"about":[{"href":"https:\/\/pwinecastes.com\/es\/wp-json\/wp\/v2\/types\/product"}],"version-history":[{"count":0,"href":"https:\/\/pwinecastes.com\/es\/wp-json\/wp\/v2\/product\/15461\/revisions"}],"wp:featuredmedia":[{"embeddable":true,"href":"https:\/\/pwinecastes.com\/es\/wp-json\/wp\/v2\/media\/15456"}],"wp:attachment":[{"href":"https:\/\/pwinecastes.com\/es\/wp-json\/wp\/v2\/media?parent=15461"}],"wp:term":[{"taxonomy":"product_brand","embeddable":true,"href":"https:\/\/pwinecastes.com\/es\/wp-json\/wp\/v2\/product_brand?post=15461"},{"taxonomy":"product_cat","embeddable":true,"href":"https:\/\/pwinecastes.com\/es\/wp-json\/wp\/v2\/product_cat?post=15461"},{"taxonomy":"product_tag","embeddable":true,"href":"https:\/\/pwinecastes.com\/es\/wp-json\/wp\/v2\/product_tag?post=15461"}],"curies":[{"name":"wp","href":"https:\/\/api.w.org\/{rel}","templated":true}]}}