{"id":15472,"date":"2024-11-30T12:24:05","date_gmt":"2024-11-30T12:24:05","guid":{"rendered":"https:\/\/pwinecastes.com\/product\/porto-ferreira-dona-antonia-30-aniversario-edicion-limitada\/"},"modified":"2024-11-30T12:24:05","modified_gmt":"2024-11-30T12:24:05","slug":"porto-ferreira-dona-antonia-30-aniversario-edicion-limitada","status":"publish","type":"product","link":"https:\/\/pwinecastes.com\/es\/product\/porto-ferreira-dona-antonia-30-aniversario-edicion-limitada\/","title":{"rendered":"Porto Ferreira Dona Ant\u00f3nia 30 Aniversario Edici\u00f3n Limitada"},"content":{"rendered":"<p><strong>Porto Ferreira Dona Ant\u00f3nia 30 Aniversario Edici\u00f3n Limitada<\/strong><\/p>\n<ul>\n<li><strong>Regi\u00f3n: <\/strong>Douro<\/li>\n<li><strong>Capacidad:<\/strong> 75 cL<\/li>\n<li><strong>Graduaci\u00f3n alcoh\u00f3lica: <\/strong>20%.<\/li>\n<li><strong>Nota de cata:<\/strong> Color dorado brillante, con matices teja. Aroma intenso de excelente complejidad, con notas de especias como pimienta, jengibre y nuez moscada, cera bals\u00e1mica y caja de tabaco, ligeramente anisado y ligeras notas de fruta roja madura. Boca con excelente volumen, acidez vibrante, muchas especias, sobre todo pimienta, ligera confitura, con un final extremadamente elegante y casi infinito.  <\/li>\n<li><strong>Maridaje: Postres<\/strong>. S\u00edrvelo a 12-14\u00ba C.<\/li>\n<li><strong>Informaci\u00f3n adicional:<\/strong> Contiene sulfitos.<\/li>\n<\/ul>\n","protected":false},"excerpt":{"rendered":"<p>Porto Ferreira Dona Ant\u00f3nia 30 Aniversario Edici\u00f3n Limitada Regi\u00f3n: Douro Capacidad: 75 cL Graduaci\u00f3n alcoh\u00f3lica: 20%. Nota de cata: Color dorado brillante, con matices teja. Aroma intenso de excelente complejidad, con notas de especias como pimienta, jengibre y nuez moscada, cera bals\u00e1mica y caja de tabaco, ligeramente anisado y ligeras notas de fruta roja madura. [&hellip;]<\/p>\n","protected":false},"featured_media":15466,"template":"","meta":{"_monsterinsights_skip_tracking":false,"_monsterinsights_sitenote_active":false,"_monsterinsights_sitenote_note":"","_monsterinsights_sitenote_category":0},"product_brand":[],"product_cat":[217,225,212,213,361,102],"product_tag":[],"class_list":{"0":"post-15472","1":"product","2":"type-product","3":"status-publish","4":"has-post-thumbnail","6":"product_cat-douro-es","7":"product_cat-oporto","8":"product_cat-portugal-es-2","9":"product_cat-region-es","10":"product_cat-tawny-es","11":"product_cat-vinos","13":"first","14":"instock","15":"taxable","16":"shipping-taxable","17":"purchasable","18":"product-type-simple"},"aioseo_notices":[],"_links":{"self":[{"href":"https:\/\/pwinecastes.com\/es\/wp-json\/wp\/v2\/product\/15472","targetHints":{"allow":["GET"]}}],"collection":[{"href":"https:\/\/pwinecastes.com\/es\/wp-json\/wp\/v2\/product"}],"about":[{"href":"https:\/\/pwinecastes.com\/es\/wp-json\/wp\/v2\/types\/product"}],"version-history":[{"count":0,"href":"https:\/\/pwinecastes.com\/es\/wp-json\/wp\/v2\/product\/15472\/revisions"}],"wp:featuredmedia":[{"embeddable":true,"href":"https:\/\/pwinecastes.com\/es\/wp-json\/wp\/v2\/media\/15466"}],"wp:attachment":[{"href":"https:\/\/pwinecastes.com\/es\/wp-json\/wp\/v2\/media?parent=15472"}],"wp:term":[{"taxonomy":"product_brand","embeddable":true,"href":"https:\/\/pwinecastes.com\/es\/wp-json\/wp\/v2\/product_brand?post=15472"},{"taxonomy":"product_cat","embeddable":true,"href":"https:\/\/pwinecastes.com\/es\/wp-json\/wp\/v2\/product_cat?post=15472"},{"taxonomy":"product_tag","embeddable":true,"href":"https:\/\/pwinecastes.com\/es\/wp-json\/wp\/v2\/product_tag?post=15472"}],"curies":[{"name":"wp","href":"https:\/\/api.w.org\/{rel}","templated":true}]}}