{"id":15496,"date":"2024-11-30T14:43:21","date_gmt":"2024-11-30T14:43:21","guid":{"rendered":"https:\/\/pwinecastes.com\/product\/30-anos-del-oporto-de-maynard\/"},"modified":"2024-11-30T14:43:21","modified_gmt":"2024-11-30T14:43:21","slug":"30-anos-del-oporto-de-maynard","status":"publish","type":"product","link":"https:\/\/pwinecastes.com\/es\/product\/30-anos-del-oporto-de-maynard\/","title":{"rendered":"30 a\u00f1os del Oporto de Maynard"},"content":{"rendered":"<h3 class=\"product-title \">30 a\u00f1os del Oporto de Maynard<\/h3>\n<ul>\n<li><strong>Regi\u00f3n: <\/strong>Douro<\/li>\n<li><strong>Capacidad:<\/strong> 75 cL<\/li>\n<li><strong>Grado alcoh\u00f3lico: <\/strong>20% vol.<\/li>\n<li><b>Productor:<\/b> Bar\u00e3o de Vilar, Vinhos S.A.<\/li>\n<li><b>En\u00f3logo:<\/b> \u00c1lvaro Van Zeller<\/li>\n<li><strong>Nota de cata:<\/strong> Este excelente Oporto Tawny a\u00f1ejo ha madurado pacientemente durante 30 a\u00f1os en barricas de roble curado, adquiriendo una textura suave suavizada con una nariz intensa y compleja que complementa la atractiva fruta. Listo para beber, constituye un delicioso vino de postre y es el final perfecto para cualquier comida. <\/li>\n<li><strong>Armonizaci\u00f3n: <\/strong>Postres.<\/li>\n<li><strong>Informaci\u00f3n adicional:<\/strong> Contiene sulfitos.<\/li>\n<\/ul>\n","protected":false},"excerpt":{"rendered":"<p>30 a\u00f1os del Oporto de Maynard Regi\u00f3n: Douro Capacidad: 75 cL Grado alcoh\u00f3lico: 20% vol. Productor: Bar\u00e3o de Vilar, Vinhos S.A. En\u00f3logo: \u00c1lvaro Van Zeller Nota de cata: Este excelente Oporto Tawny a\u00f1ejo ha madurado pacientemente durante 30 a\u00f1os en barricas de roble curado, adquiriendo una textura suave suavizada con una nariz intensa y compleja [&hellip;]<\/p>\n","protected":false},"featured_media":15493,"template":"","meta":{"_monsterinsights_skip_tracking":false,"_monsterinsights_sitenote_active":false,"_monsterinsights_sitenote_note":"","_monsterinsights_sitenote_category":0},"product_brand":[],"product_cat":[217,225,209,212,213,361,102],"product_tag":[],"class_list":{"0":"post-15496","1":"product","2":"type-product","3":"status-publish","4":"has-post-thumbnail","6":"product_cat-douro-es","7":"product_cat-oporto","8":"product_cat-pais-es-2","9":"product_cat-portugal-es-2","10":"product_cat-region-es","11":"product_cat-tawny-es","12":"product_cat-vinos","14":"first","15":"instock","16":"taxable","17":"shipping-taxable","18":"purchasable","19":"product-type-simple"},"aioseo_notices":[],"_links":{"self":[{"href":"https:\/\/pwinecastes.com\/es\/wp-json\/wp\/v2\/product\/15496","targetHints":{"allow":["GET"]}}],"collection":[{"href":"https:\/\/pwinecastes.com\/es\/wp-json\/wp\/v2\/product"}],"about":[{"href":"https:\/\/pwinecastes.com\/es\/wp-json\/wp\/v2\/types\/product"}],"version-history":[{"count":0,"href":"https:\/\/pwinecastes.com\/es\/wp-json\/wp\/v2\/product\/15496\/revisions"}],"wp:featuredmedia":[{"embeddable":true,"href":"https:\/\/pwinecastes.com\/es\/wp-json\/wp\/v2\/media\/15493"}],"wp:attachment":[{"href":"https:\/\/pwinecastes.com\/es\/wp-json\/wp\/v2\/media?parent=15496"}],"wp:term":[{"taxonomy":"product_brand","embeddable":true,"href":"https:\/\/pwinecastes.com\/es\/wp-json\/wp\/v2\/product_brand?post=15496"},{"taxonomy":"product_cat","embeddable":true,"href":"https:\/\/pwinecastes.com\/es\/wp-json\/wp\/v2\/product_cat?post=15496"},{"taxonomy":"product_tag","embeddable":true,"href":"https:\/\/pwinecastes.com\/es\/wp-json\/wp\/v2\/product_tag?post=15496"}],"curies":[{"name":"wp","href":"https:\/\/api.w.org\/{rel}","templated":true}]}}