{"id":15509,"date":"2024-11-30T14:58:03","date_gmt":"2024-11-30T14:58:03","guid":{"rendered":"https:\/\/pwinecastes.com\/product\/50-anos-del-oporto-de-maynard\/"},"modified":"2024-11-30T14:58:03","modified_gmt":"2024-11-30T14:58:03","slug":"50-anos-del-oporto-de-maynard","status":"publish","type":"product","link":"https:\/\/pwinecastes.com\/es\/product\/50-anos-del-oporto-de-maynard\/","title":{"rendered":"50 a\u00f1os del Oporto de Maynard"},"content":{"rendered":"<h3 class=\"product-title \">50 a\u00f1os del Oporto de Maynard<\/h3>\n<ul>\n<li><strong>Regi\u00f3n: <\/strong>Douro.<\/li>\n<li><strong>Capacidad:<\/strong> 75 cL<\/li>\n<li><strong>Grado alcoh\u00f3lico: <\/strong>20% vol.<\/li>\n<li><b>Productor:<\/b> Bar\u00e3o de Vilar, Vinhos S.A.<\/li>\n<li><b>En\u00f3logo:<\/b> \u00c1lvaro Van Zeller<\/li>\n<li><b>Variedades de uva:<\/b> Touriga Franca, Touriga Nacional, Tinta Roriz.<\/li>\n<li><strong>Notas de cata:<\/strong> El Oporto Tawny Maynard&#8217;s de 50 a\u00f1os tiene un color leonado oscuro y concentrado, con reflejos verdosos, y un aroma intenso y extremadamente compacto de aromas a\u00f1ejos, con taninos tostados, frutos secos, c\u00edtricos, bergamota seca, az\u00facar en polvo tostado, clavo y un equilibrio \u00fanico entre dulzor y acidez bals\u00e1mica. Un viaje en el tiempo de belleza meditativa y alivio mental, que s\u00f3lo el tiempo puede evocar tras muchas d\u00e9cadas de lenta maduraci\u00f3n oxidativa en barricas viejas, elaborado por los vinos m\u00e1s antiguos de la bodega.<\/li>\n<li><strong>Armonizaci\u00f3n: <\/strong>Postres.<\/li>\n<li><strong>Informaci\u00f3n adicional:<\/strong> Contiene sulfitos.<\/li>\n<\/ul>\n","protected":false},"excerpt":{"rendered":"<p>50 a\u00f1os del Oporto de Maynard Regi\u00f3n: Douro. Capacidad: 75 cL Grado alcoh\u00f3lico: 20% vol. Productor: Bar\u00e3o de Vilar, Vinhos S.A. En\u00f3logo: \u00c1lvaro Van Zeller Variedades de uva: Touriga Franca, Touriga Nacional, Tinta Roriz. Notas de cata: El Oporto Tawny Maynard&#8217;s de 50 a\u00f1os tiene un color leonado oscuro y concentrado, con reflejos verdosos, y [&hellip;]<\/p>\n","protected":false},"featured_media":15500,"template":"","meta":{"_monsterinsights_skip_tracking":false,"_monsterinsights_sitenote_active":false,"_monsterinsights_sitenote_note":"","_monsterinsights_sitenote_category":0},"product_brand":[],"product_cat":[225,209,212,361,102],"product_tag":[],"class_list":{"0":"post-15509","1":"product","2":"type-product","3":"status-publish","4":"has-post-thumbnail","6":"product_cat-oporto","7":"product_cat-pais-es-2","8":"product_cat-portugal-es-2","9":"product_cat-tawny-es","10":"product_cat-vinos","12":"first","13":"instock","14":"taxable","15":"shipping-taxable","16":"purchasable","17":"product-type-simple"},"aioseo_notices":[],"_links":{"self":[{"href":"https:\/\/pwinecastes.com\/es\/wp-json\/wp\/v2\/product\/15509","targetHints":{"allow":["GET"]}}],"collection":[{"href":"https:\/\/pwinecastes.com\/es\/wp-json\/wp\/v2\/product"}],"about":[{"href":"https:\/\/pwinecastes.com\/es\/wp-json\/wp\/v2\/types\/product"}],"version-history":[{"count":0,"href":"https:\/\/pwinecastes.com\/es\/wp-json\/wp\/v2\/product\/15509\/revisions"}],"wp:featuredmedia":[{"embeddable":true,"href":"https:\/\/pwinecastes.com\/es\/wp-json\/wp\/v2\/media\/15500"}],"wp:attachment":[{"href":"https:\/\/pwinecastes.com\/es\/wp-json\/wp\/v2\/media?parent=15509"}],"wp:term":[{"taxonomy":"product_brand","embeddable":true,"href":"https:\/\/pwinecastes.com\/es\/wp-json\/wp\/v2\/product_brand?post=15509"},{"taxonomy":"product_cat","embeddable":true,"href":"https:\/\/pwinecastes.com\/es\/wp-json\/wp\/v2\/product_cat?post=15509"},{"taxonomy":"product_tag","embeddable":true,"href":"https:\/\/pwinecastes.com\/es\/wp-json\/wp\/v2\/product_tag?post=15509"}],"curies":[{"name":"wp","href":"https:\/\/api.w.org\/{rel}","templated":true}]}}