{"id":15514,"date":"2024-11-30T15:23:11","date_gmt":"2024-11-30T15:23:11","guid":{"rendered":"https:\/\/pwinecastes.com\/product\/cosecha-de-port-maynard-1974\/"},"modified":"2024-11-30T15:23:11","modified_gmt":"2024-11-30T15:23:11","slug":"cosecha-de-port-maynard-1974","status":"publish","type":"product","link":"https:\/\/pwinecastes.com\/es\/product\/cosecha-de-port-maynard-1974\/","title":{"rendered":"Cosecha de Port Maynard 1974"},"content":{"rendered":"<h3 class=\"product-title \">Cosecha de Port Maynard 1974<\/h3>\n<ul>\n<li><strong>Regi\u00f3n: <\/strong>Douro.<\/li>\n<li><strong>Capacidad:<\/strong> 75 cL.<\/li>\n<li><strong>Grado alcoh\u00f3lico: <\/strong>20% vol.<\/li>\n<li><b>Productor:<\/b> Bar\u00e3o de Vilar, Vinhos S.A.<\/li>\n<li><b>En\u00f3logo:<\/b> \u00c1lvaro Van Zeller.<\/li>\n<li><b>Variedades de uva:<\/b> Touriga Nacional, Touriga Franca, Tinta Roriz, Tinta Barroca y Tinto C\u00e3o.<\/li>\n<li><strong>Nota de cata: <\/strong>Maynards Porto Colheita Tawny 1974 es un vino de Oporto rico, intenso e inmensamente complejo. Tiene ricos sabores a caramelo y especias que contrastan con las notas de su acidez c\u00edtrica y la frescura del envejecimiento en madera, con un n\u00facleo seco de fruta dulce madura. <\/li>\n<li>Maridaje<strong>: <\/strong>Perfecto como aperitivo o postre, con higos secos y albaricoques turcos rellenos de nueces. Para un maridaje de contraste, crostini de queso de cabra con nueces y miel. Cons\u00famelo a 10-12\u00baC.  <\/li>\n<li><strong>Informaci\u00f3n adicional:<\/strong> Contiene sulfitos.<\/li>\n<\/ul>\n","protected":false},"excerpt":{"rendered":"<p>Cosecha de Port Maynard 1974 Regi\u00f3n: Douro. Capacidad: 75 cL. Grado alcoh\u00f3lico: 20% vol. Productor: Bar\u00e3o de Vilar, Vinhos S.A. En\u00f3logo: \u00c1lvaro Van Zeller. Variedades de uva: Touriga Nacional, Touriga Franca, Tinta Roriz, Tinta Barroca y Tinto C\u00e3o. Nota de cata: Maynards Porto Colheita Tawny 1974 es un vino de Oporto rico, intenso e inmensamente [&hellip;]<\/p>\n","protected":false},"featured_media":15517,"template":"","meta":{"_monsterinsights_skip_tracking":false,"_monsterinsights_sitenote_active":false,"_monsterinsights_sitenote_note":"","_monsterinsights_sitenote_category":0},"product_brand":[],"product_cat":[225,209,212,361,102],"product_tag":[],"class_list":{"0":"post-15514","1":"product","2":"type-product","3":"status-publish","4":"has-post-thumbnail","6":"product_cat-oporto","7":"product_cat-pais-es-2","8":"product_cat-portugal-es-2","9":"product_cat-tawny-es","10":"product_cat-vinos","12":"first","13":"instock","14":"taxable","15":"shipping-taxable","16":"purchasable","17":"product-type-simple"},"aioseo_notices":[],"_links":{"self":[{"href":"https:\/\/pwinecastes.com\/es\/wp-json\/wp\/v2\/product\/15514","targetHints":{"allow":["GET"]}}],"collection":[{"href":"https:\/\/pwinecastes.com\/es\/wp-json\/wp\/v2\/product"}],"about":[{"href":"https:\/\/pwinecastes.com\/es\/wp-json\/wp\/v2\/types\/product"}],"version-history":[{"count":0,"href":"https:\/\/pwinecastes.com\/es\/wp-json\/wp\/v2\/product\/15514\/revisions"}],"wp:featuredmedia":[{"embeddable":true,"href":"https:\/\/pwinecastes.com\/es\/wp-json\/wp\/v2\/media\/15517"}],"wp:attachment":[{"href":"https:\/\/pwinecastes.com\/es\/wp-json\/wp\/v2\/media?parent=15514"}],"wp:term":[{"taxonomy":"product_brand","embeddable":true,"href":"https:\/\/pwinecastes.com\/es\/wp-json\/wp\/v2\/product_brand?post=15514"},{"taxonomy":"product_cat","embeddable":true,"href":"https:\/\/pwinecastes.com\/es\/wp-json\/wp\/v2\/product_cat?post=15514"},{"taxonomy":"product_tag","embeddable":true,"href":"https:\/\/pwinecastes.com\/es\/wp-json\/wp\/v2\/product_tag?post=15514"}],"curies":[{"name":"wp","href":"https:\/\/api.w.org\/{rel}","templated":true}]}}