{"id":15633,"date":"2025-01-14T16:10:32","date_gmt":"2025-01-14T16:10:32","guid":{"rendered":"https:\/\/pwinecastes.com\/?post_type=product&#038;p=15633"},"modified":"2025-01-14T16:10:32","modified_gmt":"2025-01-14T16:10:32","slug":"douro-fojo-rojo-2013","status":"publish","type":"product","link":"https:\/\/pwinecastes.com\/es\/product\/douro-fojo-rojo-2013\/","title":{"rendered":"Douro Fojo Rojo 2013"},"content":{"rendered":"<p>Douro Fojo Rojo 2013<\/p>\n<ul>\n<li><strong>Regi\u00f3n: <\/strong>Douro<\/li>\n<li><strong>Capacidad:<\/strong> 75 cL<\/li>\n<li><strong>Variedades de uva: <\/strong>Tinta Roriz, Touriga Nacional, Touriga Franca, Tinta Barroca<\/li>\n<li><strong>Graduaci\u00f3n alcoh\u00f3lica: <\/strong>14%<\/li>\n<li><strong>Nota de cata:<\/strong> Color rojo parduzco, aromas de fruta negra, cereza, mora, notas de cuero, carne ahumada, madera tostada.<\/li>\n<li><strong>Armonizaci\u00f3n: <\/strong>Carnes de caza, cordero y ternera.<\/li>\n<li><strong>Informaci\u00f3n adicional:<\/strong> Contiene sulfitos.<\/li>\n<\/ul>\n","protected":false},"excerpt":{"rendered":"<p>Douro Fojo Rojo 2013 Regi\u00f3n: Douro Capacidad: 75 cL Variedades de uva: Tinta Roriz, Touriga Nacional, Touriga Franca, Tinta Barroca Graduaci\u00f3n alcoh\u00f3lica: 14% Nota de cata: Color rojo parduzco, aromas de fruta negra, cereza, mora, notas de cuero, carne ahumada, madera tostada. Armonizaci\u00f3n: Carnes de caza, cordero y ternera. Informaci\u00f3n adicional: Contiene sulfitos.<\/p>\n","protected":false},"featured_media":15770,"template":"","meta":{"_monsterinsights_skip_tracking":false,"_monsterinsights_sitenote_active":false,"_monsterinsights_sitenote_note":"","_monsterinsights_sitenote_category":0},"product_brand":[],"product_cat":[328,217,209,212,213,262,222,221,102],"product_tag":[],"class_list":{"0":"post-15633","1":"product","2":"type-product","3":"status-publish","4":"has-post-thumbnail","6":"product_cat-douro-es-3","7":"product_cat-douro-es","8":"product_cat-pais-es-2","9":"product_cat-portugal-es-2","10":"product_cat-region-es","11":"product_cat-tinto-es-5","12":"product_cat-tinto-es","13":"product_cat-tipo-es-4","14":"product_cat-vinos","16":"first","17":"instock","18":"taxable","19":"shipping-taxable","20":"purchasable","21":"product-type-simple"},"aioseo_notices":[],"_links":{"self":[{"href":"https:\/\/pwinecastes.com\/es\/wp-json\/wp\/v2\/product\/15633","targetHints":{"allow":["GET"]}}],"collection":[{"href":"https:\/\/pwinecastes.com\/es\/wp-json\/wp\/v2\/product"}],"about":[{"href":"https:\/\/pwinecastes.com\/es\/wp-json\/wp\/v2\/types\/product"}],"version-history":[{"count":0,"href":"https:\/\/pwinecastes.com\/es\/wp-json\/wp\/v2\/product\/15633\/revisions"}],"wp:featuredmedia":[{"embeddable":true,"href":"https:\/\/pwinecastes.com\/es\/wp-json\/wp\/v2\/media\/15770"}],"wp:attachment":[{"href":"https:\/\/pwinecastes.com\/es\/wp-json\/wp\/v2\/media?parent=15633"}],"wp:term":[{"taxonomy":"product_brand","embeddable":true,"href":"https:\/\/pwinecastes.com\/es\/wp-json\/wp\/v2\/product_brand?post=15633"},{"taxonomy":"product_cat","embeddable":true,"href":"https:\/\/pwinecastes.com\/es\/wp-json\/wp\/v2\/product_cat?post=15633"},{"taxonomy":"product_tag","embeddable":true,"href":"https:\/\/pwinecastes.com\/es\/wp-json\/wp\/v2\/product_tag?post=15633"}],"curies":[{"name":"wp","href":"https:\/\/api.w.org\/{rel}","templated":true}]}}