{"id":15638,"date":"2025-01-14T16:25:28","date_gmt":"2025-01-14T16:25:28","guid":{"rendered":"https:\/\/pwinecastes.com\/?post_type=product&#038;p=15638"},"modified":"2025-01-14T16:25:28","modified_gmt":"2025-01-14T16:25:28","slug":"vino-espumoso-vinha-dos-amores-blanc-de-noirs-brut","status":"publish","type":"product","link":"https:\/\/pwinecastes.com\/es\/product\/vino-espumoso-vinha-dos-amores-blanc-de-noirs-brut\/","title":{"rendered":"Vino espumoso Vinha dos Amores Blanc de Noirs Brut"},"content":{"rendered":"<p>Vino espumoso Vinha dos Amores Blanc de Noirs Brut<\/p>\n<ul>\n<li><strong>Regi\u00f3n: <\/strong>D\u00e3o<\/li>\n<li><strong>Capacidad:<\/strong> 75 cL<\/li>\n<li><strong>Variedades:<\/strong>100% Touriga Nacional<\/li>\n<li><strong>Graduaci\u00f3n alcoh\u00f3lica: <\/strong>12,5% vol.<\/li>\n<li><strong>Nota de cata <\/strong>: Cristalino, con burbujas finas y persistentes. Afrutado y con abundante espuma crujiente, tiene una acidez irreverente que le confiere elegancia, persistencia y originalidad. <\/li>\n<li><strong>Armonizaci\u00f3n:<\/strong> Como aperitivo, platos de pescado y carne blanca ligeramente especiados, postres o en el momento de ocio. Cons\u00famelo a 8\u00baC. <\/li>\n<li><strong>Informaci\u00f3n adicional:<\/strong> Contiene sulfitos.<\/li>\n<\/ul>\n","protected":false},"excerpt":{"rendered":"<p>Vino espumoso Vinha dos Amores Blanc de Noirs Brut Regi\u00f3n: D\u00e3o Capacidad: 75 cL Variedades:100% Touriga Nacional Graduaci\u00f3n alcoh\u00f3lica: 12,5% vol. Nota de cata : Cristalino, con burbujas finas y persistentes. Afrutado y con abundante espuma crujiente, tiene una acidez irreverente que le confiere elegancia, persistencia y originalidad. Armonizaci\u00f3n: Como aperitivo, platos de pescado y [&hellip;]<\/p>\n","protected":false},"featured_media":15789,"template":"","meta":{"_monsterinsights_skip_tracking":false,"_monsterinsights_sitenote_active":false,"_monsterinsights_sitenote_note":"","_monsterinsights_sitenote_category":0},"product_brand":[],"product_cat":[182,186],"product_tag":[],"class_list":{"0":"post-15638","1":"product","2":"type-product","3":"status-publish","4":"has-post-thumbnail","6":"product_cat-champagne-espumoso","7":"product_cat-portugal-es","9":"first","10":"instock","11":"taxable","12":"shipping-taxable","13":"purchasable","14":"product-type-simple"},"aioseo_notices":[],"_links":{"self":[{"href":"https:\/\/pwinecastes.com\/es\/wp-json\/wp\/v2\/product\/15638","targetHints":{"allow":["GET"]}}],"collection":[{"href":"https:\/\/pwinecastes.com\/es\/wp-json\/wp\/v2\/product"}],"about":[{"href":"https:\/\/pwinecastes.com\/es\/wp-json\/wp\/v2\/types\/product"}],"version-history":[{"count":0,"href":"https:\/\/pwinecastes.com\/es\/wp-json\/wp\/v2\/product\/15638\/revisions"}],"wp:featuredmedia":[{"embeddable":true,"href":"https:\/\/pwinecastes.com\/es\/wp-json\/wp\/v2\/media\/15789"}],"wp:attachment":[{"href":"https:\/\/pwinecastes.com\/es\/wp-json\/wp\/v2\/media?parent=15638"}],"wp:term":[{"taxonomy":"product_brand","embeddable":true,"href":"https:\/\/pwinecastes.com\/es\/wp-json\/wp\/v2\/product_brand?post=15638"},{"taxonomy":"product_cat","embeddable":true,"href":"https:\/\/pwinecastes.com\/es\/wp-json\/wp\/v2\/product_cat?post=15638"},{"taxonomy":"product_tag","embeddable":true,"href":"https:\/\/pwinecastes.com\/es\/wp-json\/wp\/v2\/product_tag?post=15638"}],"curies":[{"name":"wp","href":"https:\/\/api.w.org\/{rel}","templated":true}]}}