{"id":15642,"date":"2025-01-14T16:32:46","date_gmt":"2025-01-14T16:32:46","guid":{"rendered":"https:\/\/pwinecastes.com\/?post_type=product&#038;p=15642"},"modified":"2025-01-14T16:37:56","modified_gmt":"2025-01-14T16:37:56","slug":"vino-espumoso-vinha-dos-amores-blanc-de-blanc-bruto","status":"publish","type":"product","link":"https:\/\/pwinecastes.com\/es\/product\/vino-espumoso-vinha-dos-amores-blanc-de-blanc-bruto\/","title":{"rendered":"Vino espumoso Vinha dos Amores Blanc de Blancs Encruzado"},"content":{"rendered":"<p>Vino espumoso Vinha dos Amores Blanc de Blanc Bruto<\/p>\n<ul>\n<li><strong>Regi\u00f3n: <\/strong>D\u00e3o<\/li>\n<li><strong>Capacidad:<\/strong> 75 cL<\/li>\n<li><strong>Variedades de uva: <\/strong>100% Encruzado<\/li>\n<li><strong>Graduaci\u00f3n alcoh\u00f3lica: <\/strong>12,5% vol.<\/li>\n<li><strong>Nota de cata: <\/strong>Color c\u00edtrico y ligeros tonos pajizos. Afrutado, fresco, elegante, espuma crujiente sui generis y larga persistencia. Complejo e intenso, con predominio de frutos secos, galleta, pan tostado y cereal.  <\/li>\n<li><strong>Armonizaci\u00f3n:<\/strong> Como aperitivo con foie gras y pat\u00e9s, o para acompa\u00f1ar platos de pescado y marisco.<\/li>\n<li><strong>Informaci\u00f3n adicional:<\/strong> Contiene sulfitos.<\/li>\n<\/ul>\n","protected":false},"excerpt":{"rendered":"<p>Vino espumoso Vinha dos Amores Blanc de Blanc Bruto Regi\u00f3n: D\u00e3o Capacidad: 75 cL Variedades de uva: 100% Encruzado Graduaci\u00f3n alcoh\u00f3lica: 12,5% vol. Nota de cata: Color c\u00edtrico y ligeros tonos pajizos. Afrutado, fresco, elegante, espuma crujiente sui generis y larga persistencia. Complejo e intenso, con predominio de frutos secos, galleta, pan tostado y cereal. [&hellip;]<\/p>\n","protected":false},"featured_media":15806,"template":"","meta":{"_monsterinsights_skip_tracking":false,"_monsterinsights_sitenote_active":false,"_monsterinsights_sitenote_note":"","_monsterinsights_sitenote_category":0},"product_brand":[],"product_cat":[182,186],"product_tag":[],"class_list":{"0":"post-15642","1":"product","2":"type-product","3":"status-publish","4":"has-post-thumbnail","6":"product_cat-champagne-espumoso","7":"product_cat-portugal-es","9":"first","10":"instock","11":"taxable","12":"shipping-taxable","13":"purchasable","14":"product-type-simple"},"aioseo_notices":[],"_links":{"self":[{"href":"https:\/\/pwinecastes.com\/es\/wp-json\/wp\/v2\/product\/15642","targetHints":{"allow":["GET"]}}],"collection":[{"href":"https:\/\/pwinecastes.com\/es\/wp-json\/wp\/v2\/product"}],"about":[{"href":"https:\/\/pwinecastes.com\/es\/wp-json\/wp\/v2\/types\/product"}],"version-history":[{"count":0,"href":"https:\/\/pwinecastes.com\/es\/wp-json\/wp\/v2\/product\/15642\/revisions"}],"wp:featuredmedia":[{"embeddable":true,"href":"https:\/\/pwinecastes.com\/es\/wp-json\/wp\/v2\/media\/15806"}],"wp:attachment":[{"href":"https:\/\/pwinecastes.com\/es\/wp-json\/wp\/v2\/media?parent=15642"}],"wp:term":[{"taxonomy":"product_brand","embeddable":true,"href":"https:\/\/pwinecastes.com\/es\/wp-json\/wp\/v2\/product_brand?post=15642"},{"taxonomy":"product_cat","embeddable":true,"href":"https:\/\/pwinecastes.com\/es\/wp-json\/wp\/v2\/product_cat?post=15642"},{"taxonomy":"product_tag","embeddable":true,"href":"https:\/\/pwinecastes.com\/es\/wp-json\/wp\/v2\/product_tag?post=15642"}],"curies":[{"name":"wp","href":"https:\/\/api.w.org\/{rel}","templated":true}]}}