{"id":15645,"date":"2025-01-14T16:13:42","date_gmt":"2025-01-14T16:13:42","guid":{"rendered":"https:\/\/pwinecastes.com\/?post_type=product&#038;p=15645"},"modified":"2025-01-14T16:13:42","modified_gmt":"2025-01-14T16:13:42","slug":"quinta-dos-abibes-rosado-baga-bruto","status":"publish","type":"product","link":"https:\/\/pwinecastes.com\/es\/product\/quinta-dos-abibes-rosado-baga-bruto\/","title":{"rendered":"Quinta Dos Abibes Rosado Baga Bruto"},"content":{"rendered":"<p>Quinta Dos Abibes Rosado Baga Bruto<\/p>\n<ul>\n<li><strong>Regi\u00f3n: <\/strong>Bairrada<\/li>\n<li><strong>Capacidad:<\/strong> 75 cL<\/li>\n<li><strong>Variedades de uva: <\/strong>100% Baga<\/li>\n<li><strong>Graduaci\u00f3n alcoh\u00f3lica: <\/strong>12,5% vol.<\/li>\n<li><strong>Nota de cata: <\/strong>Color rosado, aroma afrutado intenso, predominan las notas de fruta roja fresca, como cerezas muy maduras, grosellas, ar\u00e1ndanos y toques de fresas.<\/li>\n<li><strong>Armonizaci\u00f3n:<\/strong> Como aperitivo con foie gras y pat\u00e9s, o para acompa\u00f1ar platos de pescado y marisco.<\/li>\n<li><strong>Informaci\u00f3n adicional:<\/strong> Contiene sulfitos.<\/li>\n<\/ul>\n","protected":false},"excerpt":{"rendered":"<p>Quinta Dos Abibes Rosado Baga Bruto Regi\u00f3n: Bairrada Capacidad: 75 cL Variedades de uva: 100% Baga Graduaci\u00f3n alcoh\u00f3lica: 12,5% vol. Nota de cata: Color rosado, aroma afrutado intenso, predominan las notas de fruta roja fresca, como cerezas muy maduras, grosellas, ar\u00e1ndanos y toques de fresas. Armonizaci\u00f3n: Como aperitivo con foie gras y pat\u00e9s, o para [&hellip;]<\/p>\n","protected":false},"featured_media":15778,"template":"","meta":{"_monsterinsights_skip_tracking":false,"_monsterinsights_sitenote_active":false,"_monsterinsights_sitenote_note":"","_monsterinsights_sitenote_category":0},"product_brand":[],"product_cat":[182,186],"product_tag":[],"class_list":{"0":"post-15645","1":"product","2":"type-product","3":"status-publish","4":"has-post-thumbnail","6":"product_cat-champagne-espumoso","7":"product_cat-portugal-es","9":"first","10":"instock","11":"taxable","12":"shipping-taxable","13":"purchasable","14":"product-type-simple"},"aioseo_notices":[],"_links":{"self":[{"href":"https:\/\/pwinecastes.com\/es\/wp-json\/wp\/v2\/product\/15645","targetHints":{"allow":["GET"]}}],"collection":[{"href":"https:\/\/pwinecastes.com\/es\/wp-json\/wp\/v2\/product"}],"about":[{"href":"https:\/\/pwinecastes.com\/es\/wp-json\/wp\/v2\/types\/product"}],"version-history":[{"count":0,"href":"https:\/\/pwinecastes.com\/es\/wp-json\/wp\/v2\/product\/15645\/revisions"}],"wp:featuredmedia":[{"embeddable":true,"href":"https:\/\/pwinecastes.com\/es\/wp-json\/wp\/v2\/media\/15778"}],"wp:attachment":[{"href":"https:\/\/pwinecastes.com\/es\/wp-json\/wp\/v2\/media?parent=15645"}],"wp:term":[{"taxonomy":"product_brand","embeddable":true,"href":"https:\/\/pwinecastes.com\/es\/wp-json\/wp\/v2\/product_brand?post=15645"},{"taxonomy":"product_cat","embeddable":true,"href":"https:\/\/pwinecastes.com\/es\/wp-json\/wp\/v2\/product_cat?post=15645"},{"taxonomy":"product_tag","embeddable":true,"href":"https:\/\/pwinecastes.com\/es\/wp-json\/wp\/v2\/product_tag?post=15645"}],"curies":[{"name":"wp","href":"https:\/\/api.w.org\/{rel}","templated":true}]}}