{"id":15653,"date":"2025-01-14T16:44:45","date_gmt":"2025-01-14T16:44:45","guid":{"rendered":"https:\/\/pwinecastes.com\/?post_type=product&#038;p=15653"},"modified":"2025-01-14T16:44:46","modified_gmt":"2025-01-14T16:44:46","slug":"ribeiro-santo-espumoso-excellence-brut-nature","status":"publish","type":"product","link":"https:\/\/pwinecastes.com\/es\/product\/ribeiro-santo-espumoso-excellence-brut-nature\/","title":{"rendered":"Ribeiro Santo Espumoso Excellence Brut Nature"},"content":{"rendered":"<p>Ribeiro Santo Espumoso Excellence Brut Nature<\/p>\n<ul>\n<li><strong>Regi\u00f3n: <\/strong>D\u00e3o<\/li>\n<li><strong>Capacidad:<\/strong> 75 cL<\/li>\n<li><strong>Variedades de uva: <\/strong>Touriga Nacional.<\/li>\n<li><strong>Graduaci\u00f3n alcoh\u00f3lica: <\/strong>12,5 % vol.<\/li>\n<li><strong><strong>Notas de cata: <\/strong><\/strong>Color rosa salm\u00f3n tenue. Aromas de naranja y mandarina. Buena acidez, burbujas finas. Cuerpo cremoso con un final ligeramente c\u00edtrico. Contiene sulfitos    <\/li>\n<li><strong>Armonizaci\u00f3n:<\/strong> Como aperitivo o para acompa\u00f1ar platos de pescado y marisco.<\/li>\n<li><strong>Informaci\u00f3n adicional:<\/strong> Contiene sulfitos.<\/li>\n<\/ul>\n","protected":false},"excerpt":{"rendered":"<p>Ribeiro Santo Espumoso Excellence Brut Nature Regi\u00f3n: D\u00e3o Capacidad: 75 cL Variedades de uva: Touriga Nacional. Graduaci\u00f3n alcoh\u00f3lica: 12,5 % vol. Notas de cata: Color rosa salm\u00f3n tenue. Aromas de naranja y mandarina. Buena acidez, burbujas finas. Cuerpo cremoso con un final ligeramente c\u00edtrico. Contiene sulfitos Armonizaci\u00f3n: Como aperitivo o para acompa\u00f1ar platos de pescado [&hellip;]<\/p>\n","protected":false},"featured_media":15814,"template":"","meta":{"_monsterinsights_skip_tracking":false,"_monsterinsights_sitenote_active":false,"_monsterinsights_sitenote_note":"","_monsterinsights_sitenote_category":0},"product_brand":[],"product_cat":[182,186],"product_tag":[],"class_list":{"0":"post-15653","1":"product","2":"type-product","3":"status-publish","4":"has-post-thumbnail","6":"product_cat-champagne-espumoso","7":"product_cat-portugal-es","9":"first","10":"instock","11":"taxable","12":"shipping-taxable","13":"purchasable","14":"product-type-simple"},"aioseo_notices":[],"_links":{"self":[{"href":"https:\/\/pwinecastes.com\/es\/wp-json\/wp\/v2\/product\/15653","targetHints":{"allow":["GET"]}}],"collection":[{"href":"https:\/\/pwinecastes.com\/es\/wp-json\/wp\/v2\/product"}],"about":[{"href":"https:\/\/pwinecastes.com\/es\/wp-json\/wp\/v2\/types\/product"}],"version-history":[{"count":0,"href":"https:\/\/pwinecastes.com\/es\/wp-json\/wp\/v2\/product\/15653\/revisions"}],"wp:featuredmedia":[{"embeddable":true,"href":"https:\/\/pwinecastes.com\/es\/wp-json\/wp\/v2\/media\/15814"}],"wp:attachment":[{"href":"https:\/\/pwinecastes.com\/es\/wp-json\/wp\/v2\/media?parent=15653"}],"wp:term":[{"taxonomy":"product_brand","embeddable":true,"href":"https:\/\/pwinecastes.com\/es\/wp-json\/wp\/v2\/product_brand?post=15653"},{"taxonomy":"product_cat","embeddable":true,"href":"https:\/\/pwinecastes.com\/es\/wp-json\/wp\/v2\/product_cat?post=15653"},{"taxonomy":"product_tag","embeddable":true,"href":"https:\/\/pwinecastes.com\/es\/wp-json\/wp\/v2\/product_tag?post=15653"}],"curies":[{"name":"wp","href":"https:\/\/api.w.org\/{rel}","templated":true}]}}