{"id":15828,"date":"2025-01-14T17:31:59","date_gmt":"2025-01-14T17:31:59","guid":{"rendered":"https:\/\/pwinecastes.com\/?post_type=product&#038;p=15828"},"modified":"2025-10-04T10:49:12","modified_gmt":"2025-10-04T10:49:12","slug":"bafarela-reserva-tinto-2022","status":"publish","type":"product","link":"https:\/\/pwinecastes.com\/es\/product\/bafarela-reserva-tinto-2022\/","title":{"rendered":"Bafarela Reserva Tinto 2023"},"content":{"rendered":"<p>Bafarela Reserva Tinto 2023<\/p>\n<ul>\n<li><strong>Regi\u00f3n: <\/strong>Douro<\/li>\n<li><strong>Capacidad:<\/strong> 75 cL<\/li>\n<li><strong>Variedades de uva:<\/strong> Touriga Nacional, Touriga Franca, Tinta Amarela y Tinta Roriz.<\/li>\n<li><strong>Graduaci\u00f3n alcoh\u00f3lica: <\/strong>14,5%<\/li>\n<li><strong>Nota de cata:<\/strong> Tiene un bonito color rojo ligeramente viol\u00e1ceo. En sus intensos aromas predominan los frutos rojos, las notas florales (violeta) y las especias. Intenso y con un perfil muy caracter\u00edstico, es un vino persistente con un final fresco y largo.  <\/li>\n<li><strong>Informaci\u00f3n adicional:<\/strong> Contiene sulfitos.<\/li>\n<\/ul>\n","protected":false},"excerpt":{"rendered":"<p>Bafarela Reserva Tinto 2023 Regi\u00f3n: Douro Capacidad: 75 cL Variedades de uva: Touriga Nacional, Touriga Franca, Tinta Amarela y Tinta Roriz. Graduaci\u00f3n alcoh\u00f3lica: 14,5% Nota de cata: Tiene un bonito color rojo ligeramente viol\u00e1ceo. En sus intensos aromas predominan los frutos rojos, las notas florales (violeta) y las especias. Intenso y con un perfil muy [&hellip;]<\/p>\n","protected":false},"featured_media":15822,"template":"","meta":{"_monsterinsights_skip_tracking":false,"_monsterinsights_sitenote_active":false,"_monsterinsights_sitenote_note":"","_monsterinsights_sitenote_category":0},"product_brand":[],"product_cat":[217,209,212,213,262,102],"product_tag":[],"class_list":{"0":"post-15828","1":"product","2":"type-product","3":"status-publish","4":"has-post-thumbnail","6":"product_cat-douro-es","7":"product_cat-pais-es-2","8":"product_cat-portugal-es-2","9":"product_cat-region-es","10":"product_cat-tinto-es-5","11":"product_cat-vinos","13":"first","14":"instock","15":"taxable","16":"shipping-taxable","17":"purchasable","18":"product-type-simple"},"aioseo_notices":[],"_links":{"self":[{"href":"https:\/\/pwinecastes.com\/es\/wp-json\/wp\/v2\/product\/15828","targetHints":{"allow":["GET"]}}],"collection":[{"href":"https:\/\/pwinecastes.com\/es\/wp-json\/wp\/v2\/product"}],"about":[{"href":"https:\/\/pwinecastes.com\/es\/wp-json\/wp\/v2\/types\/product"}],"version-history":[{"count":0,"href":"https:\/\/pwinecastes.com\/es\/wp-json\/wp\/v2\/product\/15828\/revisions"}],"wp:featuredmedia":[{"embeddable":true,"href":"https:\/\/pwinecastes.com\/es\/wp-json\/wp\/v2\/media\/15822"}],"wp:attachment":[{"href":"https:\/\/pwinecastes.com\/es\/wp-json\/wp\/v2\/media?parent=15828"}],"wp:term":[{"taxonomy":"product_brand","embeddable":true,"href":"https:\/\/pwinecastes.com\/es\/wp-json\/wp\/v2\/product_brand?post=15828"},{"taxonomy":"product_cat","embeddable":true,"href":"https:\/\/pwinecastes.com\/es\/wp-json\/wp\/v2\/product_cat?post=15828"},{"taxonomy":"product_tag","embeddable":true,"href":"https:\/\/pwinecastes.com\/es\/wp-json\/wp\/v2\/product_tag?post=15828"}],"curies":[{"name":"wp","href":"https:\/\/api.w.org\/{rel}","templated":true}]}}