{"id":16004,"date":"2025-01-15T11:25:41","date_gmt":"2025-01-15T11:25:41","guid":{"rendered":"https:\/\/pwinecastes.com\/?post_type=product&#038;p=16004"},"modified":"2025-01-15T11:25:42","modified_gmt":"2025-01-15T11:25:42","slug":"champan-bollinger-special-cuvee-brut","status":"publish","type":"product","link":"https:\/\/pwinecastes.com\/es\/product\/champan-bollinger-special-cuvee-brut\/","title":{"rendered":"Champ\u00e1n Bollinger Special Cuv\u00e9e Brut"},"content":{"rendered":"<p class=\"page-title\"><span class=\"base\" data-ui-id=\"page-title-wrapper\">C<\/span><span class=\"base\" data-ui-id=\"page-title-wrapper\">hampagne Bollinger Special Cuv\u00e9e Brut<\/span><\/p>\n<ul>\n<li><strong>Regi\u00f3n:<\/strong> Champa\u00f1a, Francia.<\/li>\n<li><strong>Capacidad:<\/strong> 75 cL<\/li>\n<li><strong>Variedades de uva: <\/strong>60% Pinot Noir, 25% Chardonnay y 15% Pinot Meunier<\/li>\n<li><strong>Graduaci\u00f3n alcoh\u00f3lica: <\/strong>12% vol.<\/li>\n<li><strong>Nota de cata:<\/strong> Color dorado y burbujas muy finas. Una bella complejidad arom\u00e1tica; aromas de fruta madura y especias; notas de manzana asada, mermelada y melocot\u00f3n. Una sutil combinaci\u00f3n de estructura, longitud y vivacidad. Tiene burbujas aterciopeladas, aromas de pera, brioche y especias con toques de nuez fresca.   <\/li>\n<li><strong>Informaci\u00f3n adicional:<\/strong> Contiene sulfitos.<\/li>\n<\/ul>\n","protected":false},"excerpt":{"rendered":"<p>Champagne Bollinger Special Cuv\u00e9e Brut Regi\u00f3n: Champa\u00f1a, Francia. Capacidad: 75 cL Variedades de uva: 60% Pinot Noir, 25% Chardonnay y 15% Pinot Meunier Graduaci\u00f3n alcoh\u00f3lica: 12% vol. Nota de cata: Color dorado y burbujas muy finas. Una bella complejidad arom\u00e1tica; aromas de fruta madura y especias; notas de manzana asada, mermelada y melocot\u00f3n. Una sutil [&hellip;]<\/p>\n","protected":false},"featured_media":16019,"template":"","meta":{"_monsterinsights_skip_tracking":false,"_monsterinsights_sitenote_active":false,"_monsterinsights_sitenote_note":"","_monsterinsights_sitenote_category":0},"product_brand":[],"product_cat":[182,185],"product_tag":[],"class_list":{"0":"post-16004","1":"product","2":"type-product","3":"status-publish","4":"has-post-thumbnail","6":"product_cat-champagne-espumoso","7":"product_cat-francia","9":"first","10":"instock","11":"taxable","12":"shipping-taxable","13":"purchasable","14":"product-type-simple"},"aioseo_notices":[],"_links":{"self":[{"href":"https:\/\/pwinecastes.com\/es\/wp-json\/wp\/v2\/product\/16004","targetHints":{"allow":["GET"]}}],"collection":[{"href":"https:\/\/pwinecastes.com\/es\/wp-json\/wp\/v2\/product"}],"about":[{"href":"https:\/\/pwinecastes.com\/es\/wp-json\/wp\/v2\/types\/product"}],"version-history":[{"count":0,"href":"https:\/\/pwinecastes.com\/es\/wp-json\/wp\/v2\/product\/16004\/revisions"}],"wp:featuredmedia":[{"embeddable":true,"href":"https:\/\/pwinecastes.com\/es\/wp-json\/wp\/v2\/media\/16019"}],"wp:attachment":[{"href":"https:\/\/pwinecastes.com\/es\/wp-json\/wp\/v2\/media?parent=16004"}],"wp:term":[{"taxonomy":"product_brand","embeddable":true,"href":"https:\/\/pwinecastes.com\/es\/wp-json\/wp\/v2\/product_brand?post=16004"},{"taxonomy":"product_cat","embeddable":true,"href":"https:\/\/pwinecastes.com\/es\/wp-json\/wp\/v2\/product_cat?post=16004"},{"taxonomy":"product_tag","embeddable":true,"href":"https:\/\/pwinecastes.com\/es\/wp-json\/wp\/v2\/product_tag?post=16004"}],"curies":[{"name":"wp","href":"https:\/\/api.w.org\/{rel}","templated":true}]}}