{"id":16023,"date":"2025-01-15T11:41:44","date_gmt":"2025-01-15T11:41:44","guid":{"rendered":"https:\/\/pwinecastes.com\/?post_type=product&#038;p=16023"},"modified":"2025-01-15T11:41:45","modified_gmt":"2025-01-15T11:41:45","slug":"los-10-anos-de-graham","status":"publish","type":"product","link":"https:\/\/pwinecastes.com\/es\/product\/los-10-anos-de-graham\/","title":{"rendered":"Los 10 a\u00f1os de Graham"},"content":{"rendered":"<p class=\"product_title entry-title\">Graham&#8217;s 10 a\u00f1os Tawny<\/p>\n<ul>\n<li><strong>Regi\u00f3n: <\/strong>Duero, Portugal.<\/li>\n<li><strong>Capacidad:<\/strong> 75 cL<\/li>\n<li><strong>Variedades de uva: Variedades de uva <\/strong>tradicionales del Duero.<\/li>\n<li><strong>Graduaci\u00f3n alcoh\u00f3lica: <\/strong>20% Vol.<\/li>\n<li><strong>Nota de cata<\/strong>: Color rojizo intenso. En nariz, complejos aromas de frutos secos combinados con notas de miel e higos. En boca, ricos sabores a fruta madura, aterciopelados, con un final delicioso, rico y largo.  <\/li>\n<li><strong>Maridaje: <\/strong>Combina bien con dulces y postres.<\/li>\n<li><strong>Informaci\u00f3n adicional:<\/strong> Contiene sulfitos.<\/li>\n<\/ul>\n","protected":false},"excerpt":{"rendered":"<p>Graham&#8217;s 10 a\u00f1os Tawny Regi\u00f3n: Duero, Portugal. Capacidad: 75 cL Variedades de uva: Variedades de uva tradicionales del Duero. Graduaci\u00f3n alcoh\u00f3lica: 20% Vol. Nota de cata: Color rojizo intenso. En nariz, complejos aromas de frutos secos combinados con notas de miel e higos. En boca, ricos sabores a fruta madura, aterciopelados, con un final delicioso, [&hellip;]<\/p>\n","protected":false},"featured_media":16031,"template":"","meta":{"_monsterinsights_skip_tracking":false,"_monsterinsights_sitenote_active":false,"_monsterinsights_sitenote_note":"","_monsterinsights_sitenote_category":0},"product_brand":[],"product_cat":[225,209,212,361,102],"product_tag":[],"class_list":{"0":"post-16023","1":"product","2":"type-product","3":"status-publish","4":"has-post-thumbnail","6":"product_cat-oporto","7":"product_cat-pais-es-2","8":"product_cat-portugal-es-2","9":"product_cat-tawny-es","10":"product_cat-vinos","12":"first","13":"instock","14":"taxable","15":"shipping-taxable","16":"purchasable","17":"product-type-simple"},"aioseo_notices":[],"_links":{"self":[{"href":"https:\/\/pwinecastes.com\/es\/wp-json\/wp\/v2\/product\/16023","targetHints":{"allow":["GET"]}}],"collection":[{"href":"https:\/\/pwinecastes.com\/es\/wp-json\/wp\/v2\/product"}],"about":[{"href":"https:\/\/pwinecastes.com\/es\/wp-json\/wp\/v2\/types\/product"}],"version-history":[{"count":0,"href":"https:\/\/pwinecastes.com\/es\/wp-json\/wp\/v2\/product\/16023\/revisions"}],"wp:featuredmedia":[{"embeddable":true,"href":"https:\/\/pwinecastes.com\/es\/wp-json\/wp\/v2\/media\/16031"}],"wp:attachment":[{"href":"https:\/\/pwinecastes.com\/es\/wp-json\/wp\/v2\/media?parent=16023"}],"wp:term":[{"taxonomy":"product_brand","embeddable":true,"href":"https:\/\/pwinecastes.com\/es\/wp-json\/wp\/v2\/product_brand?post=16023"},{"taxonomy":"product_cat","embeddable":true,"href":"https:\/\/pwinecastes.com\/es\/wp-json\/wp\/v2\/product_cat?post=16023"},{"taxonomy":"product_tag","embeddable":true,"href":"https:\/\/pwinecastes.com\/es\/wp-json\/wp\/v2\/product_tag?post=16023"}],"curies":[{"name":"wp","href":"https:\/\/api.w.org\/{rel}","templated":true}]}}