{"id":16050,"date":"2025-01-15T12:10:34","date_gmt":"2025-01-15T12:10:34","guid":{"rendered":"https:\/\/pwinecastes.com\/?post_type=product&#038;p=16050"},"modified":"2025-01-15T12:10:35","modified_gmt":"2025-01-15T12:10:35","slug":"los-30-anos-de-graham","status":"publish","type":"product","link":"https:\/\/pwinecastes.com\/es\/product\/los-30-anos-de-graham\/","title":{"rendered":"Los 30 a\u00f1os de Graham"},"content":{"rendered":"<p>Oporto de 30 a\u00f1os Graham&#8217;s<\/p>\n<ul>\n<li><strong>Regi\u00f3n: <\/strong>Duero, Portugal.<\/li>\n<li><strong>Capacidad:<\/strong> 75 cL<\/li>\n<li><strong>Cepas: <\/strong>Vinhas Velhas.<\/li>\n<li><strong>Graduaci\u00f3n alcoh\u00f3lica: <\/strong>20% Vol.<\/li>\n<li><strong>Nota de cata: <\/strong>Color \u00e1mbar claro y anaranjado. Magn\u00edfica nariz que muestra una variedad de frutos secos. Paladar maduro y concentrado, con fruta melosa. Maravillosamente suave, con un final incre\u00edblemente largo.   <\/li>\n<li><strong>Maridaje: <\/strong>Un acompa\u00f1amiento fabuloso para el chocolate negro, pero tambi\u00e9n puede disfrutarse solo como postre independiente.<\/li>\n<li><strong>Informaci\u00f3n adicional:<\/strong> Contiene sulfitos.<\/li>\n<\/ul>\n","protected":false},"excerpt":{"rendered":"<p>Oporto de 30 a\u00f1os Graham&#8217;s Regi\u00f3n: Duero, Portugal. Capacidad: 75 cL Cepas: Vinhas Velhas. Graduaci\u00f3n alcoh\u00f3lica: 20% Vol. Nota de cata: Color \u00e1mbar claro y anaranjado. Magn\u00edfica nariz que muestra una variedad de frutos secos. Paladar maduro y concentrado, con fruta melosa. Maravillosamente suave, con un final incre\u00edblemente largo. Maridaje: Un acompa\u00f1amiento fabuloso para el [&hellip;]<\/p>\n","protected":false},"featured_media":16064,"template":"","meta":{"_monsterinsights_skip_tracking":false,"_monsterinsights_sitenote_active":false,"_monsterinsights_sitenote_note":"","_monsterinsights_sitenote_category":0},"product_brand":[],"product_cat":[225,209,212,361,102],"product_tag":[],"class_list":{"0":"post-16050","1":"product","2":"type-product","3":"status-publish","4":"has-post-thumbnail","6":"product_cat-oporto","7":"product_cat-pais-es-2","8":"product_cat-portugal-es-2","9":"product_cat-tawny-es","10":"product_cat-vinos","12":"first","13":"instock","14":"taxable","15":"shipping-taxable","16":"purchasable","17":"product-type-simple"},"aioseo_notices":[],"_links":{"self":[{"href":"https:\/\/pwinecastes.com\/es\/wp-json\/wp\/v2\/product\/16050","targetHints":{"allow":["GET"]}}],"collection":[{"href":"https:\/\/pwinecastes.com\/es\/wp-json\/wp\/v2\/product"}],"about":[{"href":"https:\/\/pwinecastes.com\/es\/wp-json\/wp\/v2\/types\/product"}],"version-history":[{"count":0,"href":"https:\/\/pwinecastes.com\/es\/wp-json\/wp\/v2\/product\/16050\/revisions"}],"wp:featuredmedia":[{"embeddable":true,"href":"https:\/\/pwinecastes.com\/es\/wp-json\/wp\/v2\/media\/16064"}],"wp:attachment":[{"href":"https:\/\/pwinecastes.com\/es\/wp-json\/wp\/v2\/media?parent=16050"}],"wp:term":[{"taxonomy":"product_brand","embeddable":true,"href":"https:\/\/pwinecastes.com\/es\/wp-json\/wp\/v2\/product_brand?post=16050"},{"taxonomy":"product_cat","embeddable":true,"href":"https:\/\/pwinecastes.com\/es\/wp-json\/wp\/v2\/product_cat?post=16050"},{"taxonomy":"product_tag","embeddable":true,"href":"https:\/\/pwinecastes.com\/es\/wp-json\/wp\/v2\/product_tag?post=16050"}],"curies":[{"name":"wp","href":"https:\/\/api.w.org\/{rel}","templated":true}]}}