{"id":16068,"date":"2025-01-15T14:59:26","date_gmt":"2025-01-15T14:59:26","guid":{"rendered":"https:\/\/pwinecastes.com\/?post_type=product&#038;p=16068"},"modified":"2025-01-15T14:59:26","modified_gmt":"2025-01-15T14:59:26","slug":"lbv-de-graham-2017","status":"publish","type":"product","link":"https:\/\/pwinecastes.com\/es\/product\/lbv-de-graham-2017\/","title":{"rendered":"LBV de Graham 2017"},"content":{"rendered":"<p>Oporto Vintage 2017 embotellado tard\u00edamente<\/p>\n<ul>\n<li><strong>Regi\u00f3n: <\/strong>Duero, Portugal.<\/li>\n<li><strong>Capacidad:<\/strong> 75 cL<\/li>\n<li><strong>Variedades de <\/strong>uva<strong>: <\/strong>Principalmente Touriga Nacional y Touriga Franca, con una contribuci\u00f3n menor de Sous\u00e3o, as\u00ed como Tinta Amarela y Tinta Barroca.<\/li>\n<li><strong>Graduaci\u00f3n alcoh\u00f3lica: <\/strong>20% Vol.<\/li>\n<li><strong>Notas de cata: <\/strong>El Graham&#8217;s LBV 2017 tiene una encantadora fragancia de madreselva, acompa\u00f1ada de notas de menta, que suelen estar presentes en los vinos de Graham. Tambi\u00e9n aparecen de fondo unas seductoras y vivaces notas de fruta tropical. En boca es un Graham&#8217;s t\u00edpico, con suntuosos sabores de fruta negra madura y toques de kirsch. Los taninos de grano fino dan equilibrio y estructura al vino, mientras que la acidez acent\u00faa su frescura.   <\/li>\n<li><strong>Maridaje: <\/strong>Graham&#8217;s LBV 2017 puede disfrutarse en cualquier ocasi\u00f3n y marida de maravilla con postres de chocolate negro, as\u00ed como con quesos semicurados o curados como el Cheddar o el Manchego.<\/li>\n<li><strong>Informaci\u00f3n adicional:<\/strong> Contiene sulfitos.<\/li>\n<\/ul>\n","protected":false},"excerpt":{"rendered":"<p>Oporto Vintage 2017 embotellado tard\u00edamente Regi\u00f3n: Duero, Portugal. Capacidad: 75 cL Variedades de uva: Principalmente Touriga Nacional y Touriga Franca, con una contribuci\u00f3n menor de Sous\u00e3o, as\u00ed como Tinta Amarela y Tinta Barroca. Graduaci\u00f3n alcoh\u00f3lica: 20% Vol. Notas de cata: El Graham&#8217;s LBV 2017 tiene una encantadora fragancia de madreselva, acompa\u00f1ada de notas de menta, [&hellip;]<\/p>\n","protected":false},"featured_media":16077,"template":"","meta":{"_monsterinsights_skip_tracking":false,"_monsterinsights_sitenote_active":false,"_monsterinsights_sitenote_note":"","_monsterinsights_sitenote_category":0},"product_brand":[],"product_cat":[359,225,209,212,102],"product_tag":[],"class_list":{"0":"post-16068","1":"product","2":"type-product","3":"status-publish","4":"has-post-thumbnail","6":"product_cat-lbv-es","7":"product_cat-oporto","8":"product_cat-pais-es-2","9":"product_cat-portugal-es-2","10":"product_cat-vinos","12":"first","13":"instock","14":"taxable","15":"shipping-taxable","16":"purchasable","17":"product-type-simple"},"aioseo_notices":[],"_links":{"self":[{"href":"https:\/\/pwinecastes.com\/es\/wp-json\/wp\/v2\/product\/16068","targetHints":{"allow":["GET"]}}],"collection":[{"href":"https:\/\/pwinecastes.com\/es\/wp-json\/wp\/v2\/product"}],"about":[{"href":"https:\/\/pwinecastes.com\/es\/wp-json\/wp\/v2\/types\/product"}],"version-history":[{"count":0,"href":"https:\/\/pwinecastes.com\/es\/wp-json\/wp\/v2\/product\/16068\/revisions"}],"wp:featuredmedia":[{"embeddable":true,"href":"https:\/\/pwinecastes.com\/es\/wp-json\/wp\/v2\/media\/16077"}],"wp:attachment":[{"href":"https:\/\/pwinecastes.com\/es\/wp-json\/wp\/v2\/media?parent=16068"}],"wp:term":[{"taxonomy":"product_brand","embeddable":true,"href":"https:\/\/pwinecastes.com\/es\/wp-json\/wp\/v2\/product_brand?post=16068"},{"taxonomy":"product_cat","embeddable":true,"href":"https:\/\/pwinecastes.com\/es\/wp-json\/wp\/v2\/product_cat?post=16068"},{"taxonomy":"product_tag","embeddable":true,"href":"https:\/\/pwinecastes.com\/es\/wp-json\/wp\/v2\/product_tag?post=16068"}],"curies":[{"name":"wp","href":"https:\/\/api.w.org\/{rel}","templated":true}]}}