{"id":16099,"date":"2025-01-15T16:21:12","date_gmt":"2025-01-15T16:21:12","guid":{"rendered":"https:\/\/pwinecastes.com\/?post_type=product&#038;p=16099"},"modified":"2025-01-16T16:27:13","modified_gmt":"2025-01-16T16:27:13","slug":"quinta-de-melgaco-alvarinho-y-sauvignon-blanc-blanco-2023","status":"publish","type":"product","link":"https:\/\/pwinecastes.com\/es\/product\/quinta-de-melgaco-alvarinho-y-sauvignon-blanc-blanco-2023\/","title":{"rendered":"Quinta De Melga\u00e7o Alvarinho Y Sauvignon Blanc Blanco 2023"},"content":{"rendered":"<p class=\"product-title product_title entry-title\">Quinta De Melga\u00e7o Alvarinho Y Sauvignon Blanc Blanco 2023<\/p>\n<ul>\n<li><strong>Regi\u00f3n: <\/strong>Vinho Verde<\/li>\n<li><strong>Capacidad:<\/strong> 75 cL<\/li>\n<li><strong>Variedades de <\/strong>uva<strong>: <\/strong>Sauvignon Blanc y Alvarinho.<\/li>\n<li><strong>Graduaci\u00f3n alcoh\u00f3lica: <\/strong>12% Vol.<\/li>\n<li><strong>Nota de cata: <\/strong>Aromas de fruta de la pasi\u00f3n, mel\u00f3n y ortiga silvestre. Es puro y jugoso, con notas de pomelo y una acidez equilibrada.<\/li>\n<li><strong>Maridaje:<\/strong>QM Alvarinho\/ Sauvigon Blanc es ideal con aperitivos variados y combina muy bien con marisco, pescado y aves.<\/li>\n<li><strong>Informaci\u00f3n adicional:<\/strong> Contiene sulfitos.<\/li>\n<\/ul>\n","protected":false},"excerpt":{"rendered":"<p>Quinta De Melga\u00e7o Alvarinho Y Sauvignon Blanc Blanco 2023 Regi\u00f3n: Vinho Verde Capacidad: 75 cL Variedades de uva: Sauvignon Blanc y Alvarinho. Graduaci\u00f3n alcoh\u00f3lica: 12% Vol. Nota de cata: Aromas de fruta de la pasi\u00f3n, mel\u00f3n y ortiga silvestre. Es puro y jugoso, con notas de pomelo y una acidez equilibrada. Maridaje:QM Alvarinho\/ Sauvigon Blanc [&hellip;]<\/p>\n","protected":false},"featured_media":16106,"template":"","meta":{"_monsterinsights_skip_tracking":false,"_monsterinsights_sitenote_active":false,"_monsterinsights_sitenote_note":"","_monsterinsights_sitenote_category":0},"product_brand":[],"product_cat":[288,209,212,213,219,102],"product_tag":[],"class_list":{"0":"post-16099","1":"product","2":"type-product","3":"status-publish","4":"has-post-thumbnail","6":"product_cat-blanco-es-7","7":"product_cat-pais-es-2","8":"product_cat-portugal-es-2","9":"product_cat-region-es","10":"product_cat-vinho-verde-es","11":"product_cat-vinos","13":"first","14":"instock","15":"taxable","16":"shipping-taxable","17":"purchasable","18":"product-type-simple"},"aioseo_notices":[],"_links":{"self":[{"href":"https:\/\/pwinecastes.com\/es\/wp-json\/wp\/v2\/product\/16099","targetHints":{"allow":["GET"]}}],"collection":[{"href":"https:\/\/pwinecastes.com\/es\/wp-json\/wp\/v2\/product"}],"about":[{"href":"https:\/\/pwinecastes.com\/es\/wp-json\/wp\/v2\/types\/product"}],"version-history":[{"count":0,"href":"https:\/\/pwinecastes.com\/es\/wp-json\/wp\/v2\/product\/16099\/revisions"}],"wp:featuredmedia":[{"embeddable":true,"href":"https:\/\/pwinecastes.com\/es\/wp-json\/wp\/v2\/media\/16106"}],"wp:attachment":[{"href":"https:\/\/pwinecastes.com\/es\/wp-json\/wp\/v2\/media?parent=16099"}],"wp:term":[{"taxonomy":"product_brand","embeddable":true,"href":"https:\/\/pwinecastes.com\/es\/wp-json\/wp\/v2\/product_brand?post=16099"},{"taxonomy":"product_cat","embeddable":true,"href":"https:\/\/pwinecastes.com\/es\/wp-json\/wp\/v2\/product_cat?post=16099"},{"taxonomy":"product_tag","embeddable":true,"href":"https:\/\/pwinecastes.com\/es\/wp-json\/wp\/v2\/product_tag?post=16099"}],"curies":[{"name":"wp","href":"https:\/\/api.w.org\/{rel}","templated":true}]}}