{"id":16111,"date":"2025-01-15T16:32:07","date_gmt":"2025-01-15T16:32:07","guid":{"rendered":"https:\/\/pwinecastes.com\/?post_type=product&#038;p=16111"},"modified":"2025-01-15T16:32:07","modified_gmt":"2025-01-15T16:32:07","slug":"vino-espumoso-terras-do-demo-olho-de-perdiz-rosado","status":"publish","type":"product","link":"https:\/\/pwinecastes.com\/es\/product\/vino-espumoso-terras-do-demo-olho-de-perdiz-rosado\/","title":{"rendered":"Vino espumoso Terras do Demo Olho de Perdiz Rosado"},"content":{"rendered":"<p class=\"product_title entry-title\">Vino espumoso Terras do Demo Olho de Perdiz Rosado<\/p>\n<ul>\n<li><strong>Comarca:<\/strong> T\u00e1vora-Varosa.<\/li>\n<li><strong>Capacidad:<\/strong> 75 cL<\/li>\n<li><strong>Variedades de uva:<\/strong>Touriga Nacional.<\/li>\n<li><strong>Graduaci\u00f3n alcoh\u00f3lica: <\/strong>12,5% vol.<\/li>\n<li><strong>Nota de cata:<\/strong> De color rosado, con aromas de frutas rojas como fresas frescas y toques florales. En boca, acidez viva de intensidad media, cuerpo ligero y volumen medio\/bajo. La fruta permanece junto a una burbuja media poco persistente. Este espumoso termina ligero y agradable.   <\/li>\n<li><strong>Maridaje:<\/strong> Ideal con platos de pasta, marisco a la plancha y carnes blancas.<\/li>\n<li><strong>Informaci\u00f3n adicional:<\/strong> Contiene sulfitos.<\/li>\n<\/ul>\n","protected":false},"excerpt":{"rendered":"<p>Vino espumoso Terras do Demo Olho de Perdiz Rosado Comarca: T\u00e1vora-Varosa. Capacidad: 75 cL Variedades de uva:Touriga Nacional. Graduaci\u00f3n alcoh\u00f3lica: 12,5% vol. Nota de cata: De color rosado, con aromas de frutas rojas como fresas frescas y toques florales. En boca, acidez viva de intensidad media, cuerpo ligero y volumen medio\/bajo. La fruta permanece junto [&hellip;]<\/p>\n","protected":false},"featured_media":16129,"template":"","meta":{"_monsterinsights_skip_tracking":false,"_monsterinsights_sitenote_active":false,"_monsterinsights_sitenote_note":"","_monsterinsights_sitenote_category":0},"product_brand":[],"product_cat":[182,186],"product_tag":[],"class_list":{"0":"post-16111","1":"product","2":"type-product","3":"status-publish","4":"has-post-thumbnail","6":"product_cat-champagne-espumoso","7":"product_cat-portugal-es","9":"first","10":"instock","11":"taxable","12":"shipping-taxable","13":"purchasable","14":"product-type-simple"},"aioseo_notices":[],"_links":{"self":[{"href":"https:\/\/pwinecastes.com\/es\/wp-json\/wp\/v2\/product\/16111","targetHints":{"allow":["GET"]}}],"collection":[{"href":"https:\/\/pwinecastes.com\/es\/wp-json\/wp\/v2\/product"}],"about":[{"href":"https:\/\/pwinecastes.com\/es\/wp-json\/wp\/v2\/types\/product"}],"version-history":[{"count":0,"href":"https:\/\/pwinecastes.com\/es\/wp-json\/wp\/v2\/product\/16111\/revisions"}],"wp:featuredmedia":[{"embeddable":true,"href":"https:\/\/pwinecastes.com\/es\/wp-json\/wp\/v2\/media\/16129"}],"wp:attachment":[{"href":"https:\/\/pwinecastes.com\/es\/wp-json\/wp\/v2\/media?parent=16111"}],"wp:term":[{"taxonomy":"product_brand","embeddable":true,"href":"https:\/\/pwinecastes.com\/es\/wp-json\/wp\/v2\/product_brand?post=16111"},{"taxonomy":"product_cat","embeddable":true,"href":"https:\/\/pwinecastes.com\/es\/wp-json\/wp\/v2\/product_cat?post=16111"},{"taxonomy":"product_tag","embeddable":true,"href":"https:\/\/pwinecastes.com\/es\/wp-json\/wp\/v2\/product_tag?post=16111"}],"curies":[{"name":"wp","href":"https:\/\/api.w.org\/{rel}","templated":true}]}}