{"id":16166,"date":"2025-01-15T18:22:19","date_gmt":"2025-01-15T18:22:19","guid":{"rendered":"https:\/\/pwinecastes.com\/?post_type=product&#038;p=16166"},"modified":"2025-01-15T18:22:19","modified_gmt":"2025-01-15T18:22:19","slug":"reserva-de-graham-el-tawny","status":"publish","type":"product","link":"https:\/\/pwinecastes.com\/es\/product\/reserva-de-graham-el-tawny\/","title":{"rendered":"Reserva de Graham \u00abEl Tawny\u00bb"},"content":{"rendered":"<p class=\"product-title product_title entry-title\">Oporto Graham&#8217;s Reserve \u00abThe Tawny<\/p>\n<ul>\n<li><strong>Regi\u00f3n: <\/strong>Duero, Portugal.<\/li>\n<li><strong>Capacidad:<\/strong> 75 cL<\/li>\n<li><strong>Variedades de uva: <\/strong>Mezcla.<\/li>\n<li><strong>Graduaci\u00f3n alcoh\u00f3lica: <\/strong>20% Vol.<\/li>\n<li><strong>Nota de cata:<\/strong> En nariz, sabores complejos de piel de naranja y canela, ciruelas pasas, pasas sultanas e higos. En boca, sabores plenos y generosos con un final largo y limpio. Color \u00e1mbar dorado intenso. El Oporto Grahams Reserve \u00abThe Tawny\u00bb envejece en barricas de roble entre 7 y 9 a\u00f1os.   <\/li>\n<li><strong>Maridaje: <\/strong>Tarta de almendra, cr\u00e8me br\u00fbl\u00e9e<\/li>\n<li><strong>Informaci\u00f3n adicional:<\/strong> Contiene sulfitos.<\/li>\n<\/ul>\n","protected":false},"excerpt":{"rendered":"<p>Oporto Graham&#8217;s Reserve \u00abThe Tawny Regi\u00f3n: Duero, Portugal. Capacidad: 75 cL Variedades de uva: Mezcla. Graduaci\u00f3n alcoh\u00f3lica: 20% Vol. Nota de cata: En nariz, sabores complejos de piel de naranja y canela, ciruelas pasas, pasas sultanas e higos. En boca, sabores plenos y generosos con un final largo y limpio. Color \u00e1mbar dorado intenso. El [&hellip;]<\/p>\n","protected":false},"featured_media":16172,"template":"","meta":{"_monsterinsights_skip_tracking":false,"_monsterinsights_sitenote_active":false,"_monsterinsights_sitenote_note":"","_monsterinsights_sitenote_category":0},"product_brand":[],"product_cat":[225,209,212,361,102],"product_tag":[],"class_list":{"0":"post-16166","1":"product","2":"type-product","3":"status-publish","4":"has-post-thumbnail","6":"product_cat-oporto","7":"product_cat-pais-es-2","8":"product_cat-portugal-es-2","9":"product_cat-tawny-es","10":"product_cat-vinos","12":"first","13":"instock","14":"taxable","15":"shipping-taxable","16":"purchasable","17":"product-type-simple"},"aioseo_notices":[],"_links":{"self":[{"href":"https:\/\/pwinecastes.com\/es\/wp-json\/wp\/v2\/product\/16166","targetHints":{"allow":["GET"]}}],"collection":[{"href":"https:\/\/pwinecastes.com\/es\/wp-json\/wp\/v2\/product"}],"about":[{"href":"https:\/\/pwinecastes.com\/es\/wp-json\/wp\/v2\/types\/product"}],"version-history":[{"count":0,"href":"https:\/\/pwinecastes.com\/es\/wp-json\/wp\/v2\/product\/16166\/revisions"}],"wp:featuredmedia":[{"embeddable":true,"href":"https:\/\/pwinecastes.com\/es\/wp-json\/wp\/v2\/media\/16172"}],"wp:attachment":[{"href":"https:\/\/pwinecastes.com\/es\/wp-json\/wp\/v2\/media?parent=16166"}],"wp:term":[{"taxonomy":"product_brand","embeddable":true,"href":"https:\/\/pwinecastes.com\/es\/wp-json\/wp\/v2\/product_brand?post=16166"},{"taxonomy":"product_cat","embeddable":true,"href":"https:\/\/pwinecastes.com\/es\/wp-json\/wp\/v2\/product_cat?post=16166"},{"taxonomy":"product_tag","embeddable":true,"href":"https:\/\/pwinecastes.com\/es\/wp-json\/wp\/v2\/product_tag?post=16166"}],"curies":[{"name":"wp","href":"https:\/\/api.w.org\/{rel}","templated":true}]}}