{"id":16220,"date":"2025-01-16T17:54:31","date_gmt":"2025-01-16T17:54:31","guid":{"rendered":"https:\/\/pwinecastes.com\/?post_type=product&#038;p=16220"},"modified":"2025-12-29T15:11:28","modified_gmt":"2025-12-29T15:11:28","slug":"champan-ruinart-brut-magnum","status":"publish","type":"product","link":"https:\/\/pwinecastes.com\/es\/product\/champan-ruinart-brut-magnum\/","title":{"rendered":"Champ\u00e1n Ruinart Brut Magnum"},"content":{"rendered":"<p>Champ\u00e1n Ruinart Brut Magnum<\/p>\n<ul>\n<li><strong>Regi\u00f3n: <\/strong>Champa\u00f1a, Portugal<\/li>\n<li><strong>Capacidad:<\/strong> 1,5 litros<\/li>\n<li><strong>Variedades de uva: <\/strong>Chardonnay, Pinot Noir y Pinot Meunier.<\/li>\n<li><strong>Graduaci\u00f3n alcoh\u00f3lica: <\/strong>12,5% vol.<\/li>\n<li><strong>Nota de cata: <\/strong>Color amarillo claro y brillante. La primera nariz es fina y fresca, afrutada, llena de notas de fruta blanca (pera, manzana cuajada), albaricoque y avellana y almendras frescas. Algunas notas florales y especiadas a\u00f1aden complejidad. La segunda nariz revela una gran intensidad olfativa sobre una base de galleta y brioche. Ataque bucal muy franco. Un vino equilibrado, lo bastante redondo y carnoso para atacar con fruta madura. El final largo y bien integrado da paso a la frescura caracter\u00edstica del Chardonnay.<\/li>\n<li><strong>Maridaje:<\/strong> Perfecto para c\u00f3cteles en cualquier circunstancia, tambi\u00e9n puede utilizarse como entrante de platos ligeros y finos, como las ostras. Tambi\u00e9n combina bien con quesos locales de corta maduraci\u00f3n.<\/li>\n<li><strong>Informaci\u00f3n adicional:<\/strong> Contiene sulfitos.<\/li>\n<\/ul>\n","protected":false},"excerpt":{"rendered":"<p>Champ\u00e1n Ruinart Brut Magnum Regi\u00f3n: Champa\u00f1a, Portugal Capacidad: 1,5 litros Variedades de uva: Chardonnay, Pinot Noir y Pinot Meunier. Graduaci\u00f3n alcoh\u00f3lica: 12,5% vol. Nota de cata: Color amarillo claro y brillante. La primera nariz es fina y fresca, afrutada, llena de notas de fruta blanca (pera, manzana cuajada), albaricoque y avellana y almendras frescas. Algunas [&hellip;]<\/p>\n","protected":false},"featured_media":16223,"template":"","meta":{"_monsterinsights_skip_tracking":false,"_monsterinsights_sitenote_active":false,"_monsterinsights_sitenote_note":"","_monsterinsights_sitenote_category":0},"product_brand":[],"product_cat":[182,185],"product_tag":[],"class_list":{"0":"post-16220","1":"product","2":"type-product","3":"status-publish","4":"has-post-thumbnail","6":"product_cat-champagne-espumoso","7":"product_cat-francia","9":"first","10":"instock","11":"taxable","12":"shipping-taxable","13":"purchasable","14":"product-type-simple"},"aioseo_notices":[],"_links":{"self":[{"href":"https:\/\/pwinecastes.com\/es\/wp-json\/wp\/v2\/product\/16220","targetHints":{"allow":["GET"]}}],"collection":[{"href":"https:\/\/pwinecastes.com\/es\/wp-json\/wp\/v2\/product"}],"about":[{"href":"https:\/\/pwinecastes.com\/es\/wp-json\/wp\/v2\/types\/product"}],"version-history":[{"count":0,"href":"https:\/\/pwinecastes.com\/es\/wp-json\/wp\/v2\/product\/16220\/revisions"}],"wp:featuredmedia":[{"embeddable":true,"href":"https:\/\/pwinecastes.com\/es\/wp-json\/wp\/v2\/media\/16223"}],"wp:attachment":[{"href":"https:\/\/pwinecastes.com\/es\/wp-json\/wp\/v2\/media?parent=16220"}],"wp:term":[{"taxonomy":"product_brand","embeddable":true,"href":"https:\/\/pwinecastes.com\/es\/wp-json\/wp\/v2\/product_brand?post=16220"},{"taxonomy":"product_cat","embeddable":true,"href":"https:\/\/pwinecastes.com\/es\/wp-json\/wp\/v2\/product_cat?post=16220"},{"taxonomy":"product_tag","embeddable":true,"href":"https:\/\/pwinecastes.com\/es\/wp-json\/wp\/v2\/product_tag?post=16220"}],"curies":[{"name":"wp","href":"https:\/\/api.w.org\/{rel}","templated":true}]}}