{"id":16248,"date":"2025-01-16T18:31:09","date_gmt":"2025-01-16T18:31:09","guid":{"rendered":"https:\/\/pwinecastes.com\/?post_type=product&#038;p=16248"},"modified":"2025-01-16T18:31:09","modified_gmt":"2025-01-16T18:31:09","slug":"espumante-campolargo-pinot-noir-rose-bruto","status":"publish","type":"product","link":"https:\/\/pwinecastes.com\/es\/product\/espumante-campolargo-pinot-noir-rose-bruto\/","title":{"rendered":"Espumante Campolargo Pinot Noir Ros\u00e9 Bruto"},"content":{"rendered":"<p>Espumante Campolargo Pinot Noir Ros\u00e9 Bruto<\/p>\n<ul>\n<li><strong>Regi\u00f3n: <\/strong>Bairrada.<\/li>\n<li><strong>Capacidad:<\/strong> 75 cL<\/li>\n<li><strong>Variedades de uva: <\/strong>Pinot Noir.<\/li>\n<li><strong>Graduaci\u00f3n alcoh\u00f3lica: <\/strong>12% vol.<\/li>\n<li><strong>Notas de prova:<\/strong>Cor salm\u00e3o p\u00e1lido. Aroma muito bom, cheio de frutas elegantes, com notas de cereja e framboesa. Muito fino na boca, mousse delicada, seco e fresco.  <\/li>\n<li><strong>Informaci\u00f3n adicional:<\/strong> Contiene sulfitos.<\/li>\n<\/ul>\n","protected":false},"excerpt":{"rendered":"<p>Espumante Campolargo Pinot Noir Ros\u00e9 Bruto Regi\u00f3n: Bairrada. Capacidad: 75 cL Variedades de uva: Pinot Noir. Graduaci\u00f3n alcoh\u00f3lica: 12% vol. Notas de prova:Cor salm\u00e3o p\u00e1lido. Aroma muito bom, cheio de frutas elegantes, com notas de cereja e framboesa. Muito fino na boca, mousse delicada, seco e fresco. Informaci\u00f3n adicional: Contiene sulfitos.<\/p>\n","protected":false},"featured_media":16254,"template":"","meta":{"_monsterinsights_skip_tracking":false,"_monsterinsights_sitenote_active":false,"_monsterinsights_sitenote_note":"","_monsterinsights_sitenote_category":0},"product_brand":[],"product_cat":[182,186],"product_tag":[],"class_list":{"0":"post-16248","1":"product","2":"type-product","3":"status-publish","4":"has-post-thumbnail","6":"product_cat-champagne-espumoso","7":"product_cat-portugal-es","9":"first","10":"instock","11":"taxable","12":"shipping-taxable","13":"purchasable","14":"product-type-simple"},"aioseo_notices":[],"_links":{"self":[{"href":"https:\/\/pwinecastes.com\/es\/wp-json\/wp\/v2\/product\/16248","targetHints":{"allow":["GET"]}}],"collection":[{"href":"https:\/\/pwinecastes.com\/es\/wp-json\/wp\/v2\/product"}],"about":[{"href":"https:\/\/pwinecastes.com\/es\/wp-json\/wp\/v2\/types\/product"}],"version-history":[{"count":0,"href":"https:\/\/pwinecastes.com\/es\/wp-json\/wp\/v2\/product\/16248\/revisions"}],"wp:featuredmedia":[{"embeddable":true,"href":"https:\/\/pwinecastes.com\/es\/wp-json\/wp\/v2\/media\/16254"}],"wp:attachment":[{"href":"https:\/\/pwinecastes.com\/es\/wp-json\/wp\/v2\/media?parent=16248"}],"wp:term":[{"taxonomy":"product_brand","embeddable":true,"href":"https:\/\/pwinecastes.com\/es\/wp-json\/wp\/v2\/product_brand?post=16248"},{"taxonomy":"product_cat","embeddable":true,"href":"https:\/\/pwinecastes.com\/es\/wp-json\/wp\/v2\/product_cat?post=16248"},{"taxonomy":"product_tag","embeddable":true,"href":"https:\/\/pwinecastes.com\/es\/wp-json\/wp\/v2\/product_tag?post=16248"}],"curies":[{"name":"wp","href":"https:\/\/api.w.org\/{rel}","templated":true}]}}