{"id":16268,"date":"2025-01-17T10:26:27","date_gmt":"2025-01-17T10:26:27","guid":{"rendered":"https:\/\/pwinecastes.com\/?post_type=product&#038;p=16268"},"modified":"2025-01-17T10:26:27","modified_gmt":"2025-01-17T10:26:27","slug":"raposeira-super-reserva-brut-vino-espumoso","status":"publish","type":"product","link":"https:\/\/pwinecastes.com\/es\/product\/raposeira-super-reserva-brut-vino-espumoso\/","title":{"rendered":"Raposeira Super Reserva Brut Vino Espumoso"},"content":{"rendered":"<p>Raposeira Super Reserva Brut Vino Espumoso<\/p>\n<ul>\n<li><strong>R\u00e9gion<\/strong>: T\u00e1vora-Varosa.<\/li>\n<li><strong>Capacidad:<\/strong> 75 cL<\/li>\n<li><strong>Castas: <\/strong>Malvasia Fina, Cerceal.<\/li>\n<li><strong>Graduaci\u00f3n alcoh\u00f3lica: <\/strong>13% vol.<\/li>\n<li><strong>Nota de cata<\/strong>: Un vino espumoso de elecci\u00f3n. De color citrino y aroma armonioso. Notas de vainilla que le dan un sabor fresco y \u00fanico.  <\/li>\n<li><strong>Maridaje<\/strong>: Ideal para acompa\u00f1ar platos de carnes asadas, es una excelente opci\u00f3n para una animada cena con amigos.<\/li>\n<li><strong>Informaci\u00f3n adicional:<\/strong> Contiene sulfitos.<\/li>\n<\/ul>\n","protected":false},"excerpt":{"rendered":"<p>Raposeira Super Reserva Brut Vino Espumoso R\u00e9gion: T\u00e1vora-Varosa. Capacidad: 75 cL Castas: Malvasia Fina, Cerceal. Graduaci\u00f3n alcoh\u00f3lica: 13% vol. Nota de cata: Un vino espumoso de elecci\u00f3n. De color citrino y aroma armonioso. Notas de vainilla que le dan un sabor fresco y \u00fanico. Maridaje: Ideal para acompa\u00f1ar platos de carnes asadas, es una excelente [&hellip;]<\/p>\n","protected":false},"featured_media":16265,"template":"","meta":{"_monsterinsights_skip_tracking":false,"_monsterinsights_sitenote_active":false,"_monsterinsights_sitenote_note":"","_monsterinsights_sitenote_category":0},"product_brand":[],"product_cat":[182,186],"product_tag":[],"class_list":{"0":"post-16268","1":"product","2":"type-product","3":"status-publish","4":"has-post-thumbnail","6":"product_cat-champagne-espumoso","7":"product_cat-portugal-es","9":"first","10":"instock","11":"taxable","12":"shipping-taxable","13":"purchasable","14":"product-type-simple"},"aioseo_notices":[],"_links":{"self":[{"href":"https:\/\/pwinecastes.com\/es\/wp-json\/wp\/v2\/product\/16268","targetHints":{"allow":["GET"]}}],"collection":[{"href":"https:\/\/pwinecastes.com\/es\/wp-json\/wp\/v2\/product"}],"about":[{"href":"https:\/\/pwinecastes.com\/es\/wp-json\/wp\/v2\/types\/product"}],"version-history":[{"count":0,"href":"https:\/\/pwinecastes.com\/es\/wp-json\/wp\/v2\/product\/16268\/revisions"}],"wp:featuredmedia":[{"embeddable":true,"href":"https:\/\/pwinecastes.com\/es\/wp-json\/wp\/v2\/media\/16265"}],"wp:attachment":[{"href":"https:\/\/pwinecastes.com\/es\/wp-json\/wp\/v2\/media?parent=16268"}],"wp:term":[{"taxonomy":"product_brand","embeddable":true,"href":"https:\/\/pwinecastes.com\/es\/wp-json\/wp\/v2\/product_brand?post=16268"},{"taxonomy":"product_cat","embeddable":true,"href":"https:\/\/pwinecastes.com\/es\/wp-json\/wp\/v2\/product_cat?post=16268"},{"taxonomy":"product_tag","embeddable":true,"href":"https:\/\/pwinecastes.com\/es\/wp-json\/wp\/v2\/product_tag?post=16268"}],"curies":[{"name":"wp","href":"https:\/\/api.w.org\/{rel}","templated":true}]}}