{"id":16281,"date":"2025-01-17T18:24:34","date_gmt":"2025-01-17T18:24:34","guid":{"rendered":"https:\/\/pwinecastes.com\/?post_type=product&#038;p=16281"},"modified":"2025-01-17T18:24:34","modified_gmt":"2025-01-17T18:24:34","slug":"raposeira-velha-reserva-brut-vino-espumoso","status":"publish","type":"product","link":"https:\/\/pwinecastes.com\/es\/product\/raposeira-velha-reserva-brut-vino-espumoso\/","title":{"rendered":"Raposeira Velha Reserva Brut Vino Espumoso"},"content":{"rendered":"<p>Raposeira Velha Reserva Brut Vino Espumoso<\/p>\n<ul>\n<li><strong>R\u00e9gion<\/strong>: T\u00e1vora-Varosa.<\/li>\n<li><strong>Capacidad:<\/strong> 75 cL<\/li>\n<li><strong>Variedades de uva: <\/strong>Chardonnay, Cerceal.<\/li>\n<li><strong>Graduaci\u00f3n alcoh\u00f3lica: <\/strong>12,5% vol.<\/li>\n<li><strong>Nota de cata: <\/strong>Bonito aroma, equilibrado entre notas c\u00edtricas y otras de dulzor afrutado. En boca, fresco y equilibrado, suave, sabroso y con una acidez domada, muy refinado, consensuado y vers\u00e1til, especialmente en la mesa. <\/li>\n<li><strong>Informaci\u00f3n adicional:<\/strong> Contiene sulfitos.<\/li>\n<\/ul>\n","protected":false},"excerpt":{"rendered":"<p>Raposeira Velha Reserva Brut Vino Espumoso R\u00e9gion: T\u00e1vora-Varosa. Capacidad: 75 cL Variedades de uva: Chardonnay, Cerceal. Graduaci\u00f3n alcoh\u00f3lica: 12,5% vol. Nota de cata: Bonito aroma, equilibrado entre notas c\u00edtricas y otras de dulzor afrutado. En boca, fresco y equilibrado, suave, sabroso y con una acidez domada, muy refinado, consensuado y vers\u00e1til, especialmente en la mesa. [&hellip;]<\/p>\n","protected":false},"featured_media":16365,"template":"","meta":{"_monsterinsights_skip_tracking":false,"_monsterinsights_sitenote_active":false,"_monsterinsights_sitenote_note":"","_monsterinsights_sitenote_category":0},"product_brand":[],"product_cat":[182,186],"product_tag":[],"class_list":{"0":"post-16281","1":"product","2":"type-product","3":"status-publish","4":"has-post-thumbnail","6":"product_cat-champagne-espumoso","7":"product_cat-portugal-es","9":"first","10":"instock","11":"taxable","12":"shipping-taxable","13":"purchasable","14":"product-type-simple"},"aioseo_notices":[],"_links":{"self":[{"href":"https:\/\/pwinecastes.com\/es\/wp-json\/wp\/v2\/product\/16281","targetHints":{"allow":["GET"]}}],"collection":[{"href":"https:\/\/pwinecastes.com\/es\/wp-json\/wp\/v2\/product"}],"about":[{"href":"https:\/\/pwinecastes.com\/es\/wp-json\/wp\/v2\/types\/product"}],"version-history":[{"count":0,"href":"https:\/\/pwinecastes.com\/es\/wp-json\/wp\/v2\/product\/16281\/revisions"}],"wp:featuredmedia":[{"embeddable":true,"href":"https:\/\/pwinecastes.com\/es\/wp-json\/wp\/v2\/media\/16365"}],"wp:attachment":[{"href":"https:\/\/pwinecastes.com\/es\/wp-json\/wp\/v2\/media?parent=16281"}],"wp:term":[{"taxonomy":"product_brand","embeddable":true,"href":"https:\/\/pwinecastes.com\/es\/wp-json\/wp\/v2\/product_brand?post=16281"},{"taxonomy":"product_cat","embeddable":true,"href":"https:\/\/pwinecastes.com\/es\/wp-json\/wp\/v2\/product_cat?post=16281"},{"taxonomy":"product_tag","embeddable":true,"href":"https:\/\/pwinecastes.com\/es\/wp-json\/wp\/v2\/product_tag?post=16281"}],"curies":[{"name":"wp","href":"https:\/\/api.w.org\/{rel}","templated":true}]}}